{"id":1184,"date":"2025-07-29T14:33:06","date_gmt":"2025-07-29T14:33:06","guid":{"rendered":"https:\/\/www.werte-im-blick.de\/wordpress\/?page_id=1184"},"modified":"2025-09-09T19:07:11","modified_gmt":"2025-09-09T19:07:11","slug":"du-hast-hast-du-die-wahl","status":"publish","type":"page","link":"https:\/\/www.werte-im-blick.de\/wordpress\/?page_id=1184","title":{"rendered":"Du hast (!)\/ hast Du (?) >>> DIE WAHL"},"content":{"rendered":"\t\t<div data-elementor-type=\"wp-page\" data-elementor-id=\"1184\" class=\"elementor elementor-1184\">\n\t\t\t\t<div class=\"elementor-element elementor-element-7cb8b56d e-con-full e-flex e-con e-parent\" data-id=\"7cb8b56d\" data-element_type=\"container\">\n\t\t<div class=\"elementor-element elementor-element-3f0e23bd e-con-full e-flex e-con e-child\" data-id=\"3f0e23bd\" data-element_type=\"container\">\n\t\t\t\t<div class=\"elementor-element elementor-element-1a4b6f2b elementor-widget elementor-widget-heading\" data-id=\"1a4b6f2b\" data-element_type=\"widget\" data-widget_type=\"heading.default\">\n\t\t\t\t<div class=\"elementor-widget-container\">\n\t\t\t<h2 class=\"elementor-heading-title elementor-size-default\">Du hast (!)\/ hast Du (?) &gt;&gt;&gt; DIE WAHL<\/h2>\t\t<\/div>\n\t\t\t\t<\/div>\n\t\t\t\t<\/div>\n\t\t<div class=\"elementor-element elementor-element-7403a9fa e-con-full e-flex e-con e-child\" data-id=\"7403a9fa\" data-element_type=\"container\">\n\t\t\t\t<div class=\"elementor-element elementor-element-2c86ff59 elementor-widget elementor-widget-heading\" data-id=\"2c86ff59\" data-element_type=\"widget\" data-widget_type=\"heading.default\">\n\t\t\t\t<div class=\"elementor-widget-container\">\n\t\t\t<h6 class=\"elementor-heading-title elementor-size-default\">Information\/ Inhalt<\/h6>\t\t<\/div>\n\t\t\t\t<\/div>\n\t\t\t\t<div class=\"elementor-element elementor-element-6e049040 elementor-widget elementor-widget-text-editor\" data-id=\"6e049040\" data-element_type=\"widget\" data-widget_type=\"text-editor.default\">\n\t\t\t\t<div class=\"elementor-widget-container\">\n\t\t\t\t\t\t\t<p><i>Workshop zum Thema Entscheidungsfindung<\/i><\/p>\t\t\t\t\t\t<\/div>\n\t\t\t\t<\/div>\n\t\t\t\t<div class=\"elementor-element elementor-element-1f76310d elementor-widget elementor-widget-text-editor\" data-id=\"1f76310d\" data-element_type=\"widget\" data-widget_type=\"text-editor.default\">\n\t\t\t\t<div class=\"elementor-widget-container\">\n\t\t\t\t\t\t\t<p><img decoding=\"async\" class=\"size-thumbnail wp-image-1305 alignleft\" src=\"https:\/\/www.werte-im-blick.de\/wordpress\/wp-content\/uploads\/2025\/09\/01_Wahl-150x150.jpg\" alt=\"\" width=\"150\" height=\"150\" srcset=\"https:\/\/www.werte-im-blick.de\/wordpress\/wp-content\/uploads\/2025\/09\/01_Wahl-150x150.jpg 150w, https:\/\/www.werte-im-blick.de\/wordpress\/wp-content\/uploads\/2025\/09\/01_Wahl-300x300.jpg 300w, https:\/\/www.werte-im-blick.de\/wordpress\/wp-content\/uploads\/2025\/09\/01_Wahl-1024x1024.jpg 1024w, https:\/\/www.werte-im-blick.de\/wordpress\/wp-content\/uploads\/2025\/09\/01_Wahl-768x768.jpg 768w, https:\/\/www.werte-im-blick.de\/wordpress\/wp-content\/uploads\/2025\/09\/01_Wahl.jpg 1535w\" sizes=\"(max-width: 150px) 100vw, 150px\" \/><span style=\"font-size: 0.875rem;\">Frei nach Paul Watzlawick ist es nicht m\u00f6glich, nicht zu w\u00e4hlen. Mit dem Erreichen des aktiven und passiven Wahlrechts ist auch die Entscheidung, nicht vom eigenen Wahlrecht Gebrauch zu machen eine Entscheidung mit Folgen, die jede:r letztendlich f\u00fcr sich aber vor allem auch in der Gesellschaft verantworten muss.<\/span><\/p><p>Wie ist es nun aber m\u00f6glich, eine (Wahl)Entscheidung zu treffen, welche die eigenen Haltungen und Werte bestm\u00f6glich widerspiegelt? Welche Kompromisse m\u00fcssen dabei eingegangen werden? Wie bereite ich mich erfolgreich vor? Wie und wo kann ich mich informieren und welche Unterst\u00fctzungsinstrumente gibt es? Und welche Alternativen gibt es, wenn ich keine der zur Wahl stehenden Personen und\/oder Parteien unterst\u00fctzen kann?<\/p><p>Mit diesen Fragen besch\u00e4ftigt sich der Workshop und greift hierf\u00fcr auf gute Entscheidungen und Ergebnisse der Teilnehmenden in anderen Settings zur\u00fcck, die als Basis und Kompass f\u00fcr eine gute (nicht ideale!) Entscheidungsfindung dienen k\u00f6nnen.<\/p>\t\t\t\t\t\t<\/div>\n\t\t\t\t<\/div>\n\t\t\t\t<div class=\"elementor-element elementor-element-55c90357 elementor-widget elementor-widget-heading\" data-id=\"55c90357\" data-element_type=\"widget\" data-widget_type=\"heading.default\">\n\t\t\t\t<div class=\"elementor-widget-container\">\n\t\t\t<h6 class=\"elementor-heading-title elementor-size-default\">Ziele<\/h6>\t\t<\/div>\n\t\t\t\t<\/div>\n\t\t\t\t<div class=\"elementor-element elementor-element-4dde63dc elementor-widget elementor-widget-text-editor\" data-id=\"4dde63dc\" data-element_type=\"widget\" data-widget_type=\"text-editor.default\">\n\t\t\t\t<div class=\"elementor-widget-container\">\n\t\t\t\t\t\t\t<ul><li>Reflektieren, auf welche Weise ich f\u00fcr mich gute und tragf\u00e4hige Entscheidungen treffen kann.<\/li><li>Kenntnis \u00fcber wichtige und wesentliche Formalien einer demokratischen Wahl.<\/li><li>Bewusstsein, welche eigenen M\u00f6glichkeiten es gibt, sich (gesellschafts-)politisch zu bet\u00e4tigen.<\/li><li>Erkenntnis, dass das Wahlrecht in einer Demokratie mit Verantwortung einhergeht.<\/li><\/ul>\t\t\t\t\t\t<\/div>\n\t\t\t\t<\/div>\n\t\t\t\t<div class=\"elementor-element elementor-element-6413ea24 elementor-widget elementor-widget-image\" data-id=\"6413ea24\" data-element_type=\"widget\" data-widget_type=\"image.default\">\n\t\t\t\t<div class=\"elementor-widget-container\">\n\t\t\t\t\t\t\t\t\t\t\t\t\t<img decoding=\"async\" width=\"1024\" height=\"5\" src=\"https:\/\/www.werte-im-blick.de\/wordpress\/wp-content\/uploads\/2024\/12\/Linie-1024x5.png\" class=\"attachment-large size-large wp-image-42\" alt=\"Trenn-Liene\" srcset=\"https:\/\/www.werte-im-blick.de\/wordpress\/wp-content\/uploads\/2024\/12\/Linie-1024x5.png 1024w, https:\/\/www.werte-im-blick.de\/wordpress\/wp-content\/uploads\/2024\/12\/Linie-300x2.png 300w, https:\/\/www.werte-im-blick.de\/wordpress\/wp-content\/uploads\/2024\/12\/Linie-768x4.png 768w, https:\/\/www.werte-im-blick.de\/wordpress\/wp-content\/uploads\/2024\/12\/Linie.png 1141w\" sizes=\"(max-width: 1024px) 100vw, 1024px\" \/>\t\t\t\t\t\t\t\t\t\t\t\t\t<\/div>\n\t\t\t\t<\/div>\n\t\t\t\t<\/div>\n\t\t<div class=\"elementor-element elementor-element-7949071d e-con-full e-flex e-con e-child\" data-id=\"7949071d\" data-element_type=\"container\">\n\t\t\t\t<div class=\"elementor-element elementor-element-41e70ada elementor-widget elementor-widget-heading\" data-id=\"41e70ada\" data-element_type=\"widget\" data-widget_type=\"heading.default\">\n\t\t\t\t<div class=\"elementor-widget-container\">\n\t\t\t<h6 class=\"elementor-heading-title elementor-size-default\">Zielgruppe<\/h6>\t\t<\/div>\n\t\t\t\t<\/div>\n\t\t\t\t<div class=\"elementor-element elementor-element-254691a8 elementor-widget elementor-widget-heading\" data-id=\"254691a8\" data-element_type=\"widget\" data-widget_type=\"heading.default\">\n\t\t\t\t<div class=\"elementor-widget-container\">\n\t\t\t<h6 class=\"elementor-heading-title elementor-size-default\">Ab ca. 16 Jahre (Klassenstufe 10)<\/h6>\t\t<\/div>\n\t\t\t\t<\/div>\n\t\t\t\t<\/div>\n\t\t<div class=\"elementor-element elementor-element-73e439c2 e-con-full e-flex e-con e-child\" data-id=\"73e439c2\" data-element_type=\"container\">\n\t\t\t\t<div class=\"elementor-element elementor-element-6d64d647 elementor-widget elementor-widget-heading\" data-id=\"6d64d647\" data-element_type=\"widget\" data-widget_type=\"heading.default\">\n\t\t\t\t<div class=\"elementor-widget-container\">\n\t\t\t<h6 class=\"elementor-heading-title elementor-size-default\">Dauer<\/h6>\t\t<\/div>\n\t\t\t\t<\/div>\n\t\t\t\t<div class=\"elementor-element elementor-element-3003ebcf elementor-widget elementor-widget-heading\" data-id=\"3003ebcf\" data-element_type=\"widget\" data-widget_type=\"heading.default\">\n\t\t\t\t<div class=\"elementor-widget-container\">\n\t\t\t<h6 class=\"elementor-heading-title elementor-size-default\">2 Schulstunden (90 Minuten)<\/h6>\t\t<\/div>\n\t\t\t\t<\/div>\n\t\t\t\t<\/div>\n\t\t<div class=\"elementor-element elementor-element-3a38e67d e-con-full e-flex e-con e-child\" data-id=\"3a38e67d\" data-element_type=\"container\">\n\t\t\t\t<div class=\"elementor-element elementor-element-77677bf1 elementor-widget elementor-widget-heading\" data-id=\"77677bf1\" data-element_type=\"widget\" data-widget_type=\"heading.default\">\n\t\t\t\t<div class=\"elementor-widget-container\">\n\t\t\t<h6 class=\"elementor-heading-title elementor-size-default\">Kosten<\/h6>\t\t<\/div>\n\t\t\t\t<\/div>\n\t\t\t\t<div class=\"elementor-element elementor-element-655c7c40 elementor-widget elementor-widget-heading\" data-id=\"655c7c40\" data-element_type=\"widget\" data-widget_type=\"heading.default\">\n\t\t\t\t<div class=\"elementor-widget-container\">\n\t\t\t<h6 class=\"elementor-heading-title elementor-size-default\">175,- \u20ac (brutto) zzgl. Fahrtkosten<\/h6>\t\t<\/div>\n\t\t\t\t<\/div>\n\t\t\t\t<\/div>\n\t\t<div class=\"elementor-element elementor-element-28bf0c1c e-con-full e-flex e-con e-child\" data-id=\"28bf0c1c\" data-element_type=\"container\">\n\t\t\t\t<\/div>\n\t\t<div class=\"elementor-element elementor-element-766a600a e-con-full e-flex e-con e-child\" data-id=\"766a600a\" data-element_type=\"container\">\n\t\t\t\t<\/div>\n\t\t<div class=\"elementor-element elementor-element-6fc5c6ac e-con-full e-flex e-con e-child\" data-id=\"6fc5c6ac\" data-element_type=\"container\">\n\t\t\t\t<\/div>\n\t\t\t\t<\/div>\n\t\t\t\t<\/div>\n\t\t","protected":false},"excerpt":{"rendered":"<p>Du hast (!)\/ hast Du (?) &gt;&gt;&gt; DIE WAHL Information\/ Inhalt Workshop zum Thema Entscheidungsfindung Frei nach Paul Watzlawick ist es nicht m\u00f6glich, nicht zu w\u00e4hlen. Mit dem Erreichen des &#8230;<\/p>\n","protected":false},"author":2,"featured_media":0,"parent":0,"menu_order":0,"comment_status":"closed","ping_status":"closed","template":"","meta":{"footnotes":""},"class_list":["post-1184","page","type-page","status-publish","hentry"],"yoast_head":"<!-- This site is optimized with the Yoast SEO plugin v24.1 - https:\/\/yoast.com\/wordpress\/plugins\/seo\/ -->\n<title>Du hast (!)\/ hast Du (?) &gt;&gt;&gt; DIE WAHL - WERTE !M BLICK<\/title>\n<meta name=\"robots\" content=\"index, follow, max-snippet:-1, max-image-preview:large, max-video-preview:-1\" \/>\n<link rel=\"canonical\" href=\"https:\/\/www.werte-im-blick.de\/wordpress\/?page_id=1184\" \/>\n<meta property=\"og:locale\" content=\"de_DE\" \/>\n<meta property=\"og:type\" content=\"article\" \/>\n<meta property=\"og:title\" content=\"Du hast (!)\/ hast Du (?) &gt;&gt;&gt; DIE WAHL - WERTE !M BLICK\" \/>\n<meta property=\"og:description\" content=\"Du hast (!)\/ hast Du (?) &gt;&gt;&gt; DIE WAHL Information\/ Inhalt Workshop zum Thema Entscheidungsfindung Frei nach Paul Watzlawick ist es nicht m\u00f6glich, nicht zu w\u00e4hlen. Mit dem Erreichen des ...\" \/>\n<meta property=\"og:url\" content=\"https:\/\/www.werte-im-blick.de\/wordpress\/?page_id=1184\" \/>\n<meta property=\"og:site_name\" content=\"WERTE !M BLICK\" \/>\n<meta property=\"article:modified_time\" content=\"2025-09-09T19:07:11+00:00\" \/>\n<meta property=\"og:image\" content=\"https:\/\/www.werte-im-blick.de\/wordpress\/wp-content\/uploads\/2025\/09\/01_Wahl-1024x1024.jpg\" \/>\n\t<meta property=\"og:image:width\" content=\"1024\" \/>\n\t<meta property=\"og:image:height\" content=\"1024\" \/>\n\t<meta property=\"og:image:type\" content=\"image\/jpeg\" \/>\n<meta name=\"twitter:card\" content=\"summary_large_image\" \/>\n<meta name=\"twitter:label1\" content=\"Gesch\u00e4tzte Lesezeit\" \/>\n\t<meta name=\"twitter:data1\" content=\"2\u00a0Minuten\" \/>\n<script type=\"application\/ld+json\" class=\"yoast-schema-graph\">{\"@context\":\"https:\/\/schema.org\",\"@graph\":[{\"@type\":\"WebPage\",\"@id\":\"https:\/\/www.werte-im-blick.de\/wordpress\/?page_id=1184\",\"url\":\"https:\/\/www.werte-im-blick.de\/wordpress\/?page_id=1184\",\"name\":\"Du hast (!)\/ hast Du (?) >>> DIE WAHL - WERTE !M BLICK\",\"isPartOf\":{\"@id\":\"https:\/\/www.werte-im-blick.de\/wordpress\/#website\"},\"primaryImageOfPage\":{\"@id\":\"https:\/\/www.werte-im-blick.de\/wordpress\/?page_id=1184#primaryimage\"},\"image\":{\"@id\":\"https:\/\/www.werte-im-blick.de\/wordpress\/?page_id=1184#primaryimage\"},\"thumbnailUrl\":\"https:\/\/www.werte-im-blick.de\/wordpress\/wp-content\/uploads\/2025\/09\/01_Wahl-150x150.jpg\",\"datePublished\":\"2025-07-29T14:33:06+00:00\",\"dateModified\":\"2025-09-09T19:07:11+00:00\",\"breadcrumb\":{\"@id\":\"https:\/\/www.werte-im-blick.de\/wordpress\/?page_id=1184#breadcrumb\"},\"inLanguage\":\"de\",\"potentialAction\":[{\"@type\":\"ReadAction\",\"target\":[\"https:\/\/www.werte-im-blick.de\/wordpress\/?page_id=1184\"]}]},{\"@type\":\"ImageObject\",\"inLanguage\":\"de\",\"@id\":\"https:\/\/www.werte-im-blick.de\/wordpress\/?page_id=1184#primaryimage\",\"url\":\"https:\/\/www.werte-im-blick.de\/wordpress\/wp-content\/uploads\/2025\/09\/01_Wahl.jpg\",\"contentUrl\":\"https:\/\/www.werte-im-blick.de\/wordpress\/wp-content\/uploads\/2025\/09\/01_Wahl.jpg\",\"width\":1535,\"height\":1535},{\"@type\":\"BreadcrumbList\",\"@id\":\"https:\/\/www.werte-im-blick.de\/wordpress\/?page_id=1184#breadcrumb\",\"itemListElement\":[{\"@type\":\"ListItem\",\"position\":1,\"name\":\"Startseite\",\"item\":\"https:\/\/www.werte-im-blick.de\/wordpress\/\"},{\"@type\":\"ListItem\",\"position\":2,\"name\":\"Du hast (!)\/ hast Du (?) >>> DIE WAHL\"}]},{\"@type\":\"WebSite\",\"@id\":\"https:\/\/www.werte-im-blick.de\/wordpress\/#website\",\"url\":\"https:\/\/www.werte-im-blick.de\/wordpress\/\",\"name\":\"WERTE !M BLICK\",\"description\":\"\",\"publisher\":{\"@id\":\"https:\/\/www.werte-im-blick.de\/wordpress\/#organization\"},\"potentialAction\":[{\"@type\":\"SearchAction\",\"target\":{\"@type\":\"EntryPoint\",\"urlTemplate\":\"https:\/\/www.werte-im-blick.de\/wordpress\/?s={search_term_string}\"},\"query-input\":{\"@type\":\"PropertyValueSpecification\",\"valueRequired\":true,\"valueName\":\"search_term_string\"}}],\"inLanguage\":\"de\"},{\"@type\":\"Organization\",\"@id\":\"https:\/\/www.werte-im-blick.de\/wordpress\/#organization\",\"name\":\"WERTE !M BLICK\",\"url\":\"https:\/\/www.werte-im-blick.de\/wordpress\/\",\"logo\":{\"@type\":\"ImageObject\",\"inLanguage\":\"de\",\"@id\":\"https:\/\/www.werte-im-blick.de\/wordpress\/#\/schema\/logo\/image\/\",\"url\":\"https:\/\/www.werte-im-blick.de\/wordpress\/wp-content\/uploads\/2024\/12\/cropped-werte_im_blick_logo_website.png\",\"contentUrl\":\"https:\/\/www.werte-im-blick.de\/wordpress\/wp-content\/uploads\/2024\/12\/cropped-werte_im_blick_logo_website.png\",\"width\":329,\"height\":100,\"caption\":\"WERTE !M BLICK\"},\"image\":{\"@id\":\"https:\/\/www.werte-im-blick.de\/wordpress\/#\/schema\/logo\/image\/\"}}]}<\/script>\n<!-- \/ Yoast SEO plugin. -->","yoast_head_json":{"title":"Du hast (!)\/ hast Du (?) >>> DIE WAHL - WERTE !M BLICK","robots":{"index":"index","follow":"follow","max-snippet":"max-snippet:-1","max-image-preview":"max-image-preview:large","max-video-preview":"max-video-preview:-1"},"canonical":"https:\/\/www.werte-im-blick.de\/wordpress\/?page_id=1184","og_locale":"de_DE","og_type":"article","og_title":"Du hast (!)\/ hast Du (?) >>> DIE WAHL - WERTE !M BLICK","og_description":"Du hast (!)\/ hast Du (?) &gt;&gt;&gt; DIE WAHL Information\/ Inhalt Workshop zum Thema Entscheidungsfindung Frei nach Paul Watzlawick ist es nicht m\u00f6glich, nicht zu w\u00e4hlen. Mit dem Erreichen des ...","og_url":"https:\/\/www.werte-im-blick.de\/wordpress\/?page_id=1184","og_site_name":"WERTE !M BLICK","article_modified_time":"2025-09-09T19:07:11+00:00","og_image":[{"width":1024,"height":1024,"url":"https:\/\/www.werte-im-blick.de\/wordpress\/wp-content\/uploads\/2025\/09\/01_Wahl-1024x1024.jpg","type":"image\/jpeg"}],"twitter_card":"summary_large_image","twitter_misc":{"Gesch\u00e4tzte Lesezeit":"2\u00a0Minuten"},"schema":{"@context":"https:\/\/schema.org","@graph":[{"@type":"WebPage","@id":"https:\/\/www.werte-im-blick.de\/wordpress\/?page_id=1184","url":"https:\/\/www.werte-im-blick.de\/wordpress\/?page_id=1184","name":"Du hast (!)\/ hast Du (?) >>> DIE WAHL - WERTE !M BLICK","isPartOf":{"@id":"https:\/\/www.werte-im-blick.de\/wordpress\/#website"},"primaryImageOfPage":{"@id":"https:\/\/www.werte-im-blick.de\/wordpress\/?page_id=1184#primaryimage"},"image":{"@id":"https:\/\/www.werte-im-blick.de\/wordpress\/?page_id=1184#primaryimage"},"thumbnailUrl":"https:\/\/www.werte-im-blick.de\/wordpress\/wp-content\/uploads\/2025\/09\/01_Wahl-150x150.jpg","datePublished":"2025-07-29T14:33:06+00:00","dateModified":"2025-09-09T19:07:11+00:00","breadcrumb":{"@id":"https:\/\/www.werte-im-blick.de\/wordpress\/?page_id=1184#breadcrumb"},"inLanguage":"de","potentialAction":[{"@type":"ReadAction","target":["https:\/\/www.werte-im-blick.de\/wordpress\/?page_id=1184"]}]},{"@type":"ImageObject","inLanguage":"de","@id":"https:\/\/www.werte-im-blick.de\/wordpress\/?page_id=1184#primaryimage","url":"https:\/\/www.werte-im-blick.de\/wordpress\/wp-content\/uploads\/2025\/09\/01_Wahl.jpg","contentUrl":"https:\/\/www.werte-im-blick.de\/wordpress\/wp-content\/uploads\/2025\/09\/01_Wahl.jpg","width":1535,"height":1535},{"@type":"BreadcrumbList","@id":"https:\/\/www.werte-im-blick.de\/wordpress\/?page_id=1184#breadcrumb","itemListElement":[{"@type":"ListItem","position":1,"name":"Startseite","item":"https:\/\/www.werte-im-blick.de\/wordpress\/"},{"@type":"ListItem","position":2,"name":"Du hast (!)\/ hast Du (?) >>> DIE WAHL"}]},{"@type":"WebSite","@id":"https:\/\/www.werte-im-blick.de\/wordpress\/#website","url":"https:\/\/www.werte-im-blick.de\/wordpress\/","name":"WERTE !M BLICK","description":"","publisher":{"@id":"https:\/\/www.werte-im-blick.de\/wordpress\/#organization"},"potentialAction":[{"@type":"SearchAction","target":{"@type":"EntryPoint","urlTemplate":"https:\/\/www.werte-im-blick.de\/wordpress\/?s={search_term_string}"},"query-input":{"@type":"PropertyValueSpecification","valueRequired":true,"valueName":"search_term_string"}}],"inLanguage":"de"},{"@type":"Organization","@id":"https:\/\/www.werte-im-blick.de\/wordpress\/#organization","name":"WERTE !M BLICK","url":"https:\/\/www.werte-im-blick.de\/wordpress\/","logo":{"@type":"ImageObject","inLanguage":"de","@id":"https:\/\/www.werte-im-blick.de\/wordpress\/#\/schema\/logo\/image\/","url":"https:\/\/www.werte-im-blick.de\/wordpress\/wp-content\/uploads\/2024\/12\/cropped-werte_im_blick_logo_website.png","contentUrl":"https:\/\/www.werte-im-blick.de\/wordpress\/wp-content\/uploads\/2024\/12\/cropped-werte_im_blick_logo_website.png","width":329,"height":100,"caption":"WERTE !M BLICK"},"image":{"@id":"https:\/\/www.werte-im-blick.de\/wordpress\/#\/schema\/logo\/image\/"}}]}},"_links":{"self":[{"href":"https:\/\/www.werte-im-blick.de\/wordpress\/index.php?rest_route=\/wp\/v2\/pages\/1184","targetHints":{"allow":["GET"]}}],"collection":[{"href":"https:\/\/www.werte-im-blick.de\/wordpress\/index.php?rest_route=\/wp\/v2\/pages"}],"about":[{"href":"https:\/\/www.werte-im-blick.de\/wordpress\/index.php?rest_route=\/wp\/v2\/types\/page"}],"author":[{"embeddable":true,"href":"https:\/\/www.werte-im-blick.de\/wordpress\/index.php?rest_route=\/wp\/v2\/users\/2"}],"replies":[{"embeddable":true,"href":"https:\/\/www.werte-im-blick.de\/wordpress\/index.php?rest_route=%2Fwp%2Fv2%2Fcomments&post=1184"}],"version-history":[{"count":10,"href":"https:\/\/www.werte-im-blick.de\/wordpress\/index.php?rest_route=\/wp\/v2\/pages\/1184\/revisions"}],"predecessor-version":[{"id":1308,"href":"https:\/\/www.werte-im-blick.de\/wordpress\/index.php?rest_route=\/wp\/v2\/pages\/1184\/revisions\/1308"}],"wp:attachment":[{"href":"https:\/\/www.werte-im-blick.de\/wordpress\/index.php?rest_route=%2Fwp%2Fv2%2Fmedia&parent=1184"}],"curies":[{"name":"wp","href":"https:\/\/api.w.org\/{rel}","templated":true}]}}