{"id":1331,"date":"2025-09-15T05:27:34","date_gmt":"2025-09-15T05:27:34","guid":{"rendered":"https:\/\/www.werte-im-blick.de\/wordpress\/?page_id=1331"},"modified":"2025-09-30T14:48:58","modified_gmt":"2025-09-30T14:48:58","slug":"po-mo-kratie-de-pu-lismus","status":"publish","type":"page","link":"https:\/\/www.werte-im-blick.de\/wordpress\/?page_id=1331","title":{"rendered":"Po-mo-kratie &#038; De-pu-lismus"},"content":{"rendered":"\t\t<div data-elementor-type=\"wp-page\" data-elementor-id=\"1331\" class=\"elementor elementor-1331\">\n\t\t\t\t<div class=\"elementor-element elementor-element-4ef52c4c e-con-full e-flex e-con e-parent\" data-id=\"4ef52c4c\" data-element_type=\"container\">\n\t\t<div class=\"elementor-element elementor-element-1ea1e0f e-con-full e-flex e-con e-child\" data-id=\"1ea1e0f\" data-element_type=\"container\">\n\t\t\t\t<div class=\"elementor-element elementor-element-4a44fba2 elementor-widget elementor-widget-heading\" data-id=\"4a44fba2\" data-element_type=\"widget\" data-widget_type=\"heading.default\">\n\t\t\t\t<div class=\"elementor-widget-container\">\n\t\t\t<h2 class=\"elementor-heading-title elementor-size-default\">Po-mo-kratie &lt;&amp;&gt; De-pu-lismus<\/h2>\t\t<\/div>\n\t\t\t\t<\/div>\n\t\t\t\t<\/div>\n\t\t<div class=\"elementor-element elementor-element-2439eba2 e-con-full e-flex e-con e-child\" data-id=\"2439eba2\" data-element_type=\"container\">\n\t\t\t\t<div class=\"elementor-element elementor-element-1676f203 elementor-widget elementor-widget-text-editor\" data-id=\"1676f203\" data-element_type=\"widget\" data-widget_type=\"text-editor.default\">\n\t\t\t\t<div class=\"elementor-widget-container\">\n\t\t\t\t\t\t\t<p class=\"p1\"><i>Workshop zum Thema Populismus und dessen Erscheinungsformen<\/i><\/p>\t\t\t\t\t\t<\/div>\n\t\t\t\t<\/div>\n\t\t\t\t<div class=\"elementor-element elementor-element-1e02e3e3 elementor-widget elementor-widget-heading\" data-id=\"1e02e3e3\" data-element_type=\"widget\" data-widget_type=\"heading.default\">\n\t\t\t\t<div class=\"elementor-widget-container\">\n\t\t\t<h6 class=\"elementor-heading-title elementor-size-default\">Information\/ Inhalt<\/h6>\t\t<\/div>\n\t\t\t\t<\/div>\n\t\t\t\t<div class=\"elementor-element elementor-element-6dd3fa6 elementor-widget elementor-widget-text-editor\" data-id=\"6dd3fa6\" data-element_type=\"widget\" data-widget_type=\"text-editor.default\">\n\t\t\t\t<div class=\"elementor-widget-container\">\n\t\t\t\t\t\t\t<p><img decoding=\"async\" class=\"size-thumbnail wp-image-1336 alignleft\" src=\"https:\/\/www.werte-im-blick.de\/wordpress\/wp-content\/uploads\/2025\/09\/04_PoDeMoPuKratieLismus-150x150.jpg\" alt=\"\" width=\"150\" height=\"150\" srcset=\"https:\/\/www.werte-im-blick.de\/wordpress\/wp-content\/uploads\/2025\/09\/04_PoDeMoPuKratieLismus-150x150.jpg 150w, https:\/\/www.werte-im-blick.de\/wordpress\/wp-content\/uploads\/2025\/09\/04_PoDeMoPuKratieLismus-300x300.jpg 300w, https:\/\/www.werte-im-blick.de\/wordpress\/wp-content\/uploads\/2025\/09\/04_PoDeMoPuKratieLismus-1024x1024.jpg 1024w, https:\/\/www.werte-im-blick.de\/wordpress\/wp-content\/uploads\/2025\/09\/04_PoDeMoPuKratieLismus-768x768.jpg 768w, https:\/\/www.werte-im-blick.de\/wordpress\/wp-content\/uploads\/2025\/09\/04_PoDeMoPuKratieLismus.jpg 1535w\" sizes=\"(max-width: 150px) 100vw, 150px\" \/>Populismus ist ein &#8211; auch in der Demokratie &#8211; wichtiges Werkzeug, um Aufmerksamkeit zu erlangen und Mitstreiter:innen f\u00fcr Ziele, Ver\u00e4nderungen und Entwicklungen zu gewinnen. Gef\u00e4hrlich wird es, wenn Mittel und Zweck nicht mehr im Verh\u00e4ltnis stehen und die formulierten gesellschaftspolitischen Zielsetzungen nicht mehr verfolgt, sondern andere\/eigene Interessen in den Mittelpunkt des Handelns und Kommunizierens r\u00fccken.<\/p><p>Der Workshop macht erfahrbar, wie populistische Aussagen (fast) beliebig zu unterschiedlichen Themenfeldern passen und eingesetzt werden (k\u00f6nnen). Die Teilnehmer:innen werden dadurch sensibilisiert, Aussagen zu hinterfragen, einzuordnen und Quellen zu checken.<\/p>\t\t\t\t\t\t<\/div>\n\t\t\t\t<\/div>\n\t\t\t\t<div class=\"elementor-element elementor-element-19156788 elementor-widget elementor-widget-heading\" data-id=\"19156788\" data-element_type=\"widget\" data-widget_type=\"heading.default\">\n\t\t\t\t<div class=\"elementor-widget-container\">\n\t\t\t<h6 class=\"elementor-heading-title elementor-size-default\">Ziele<\/h6>\t\t<\/div>\n\t\t\t\t<\/div>\n\t\t\t\t<div class=\"elementor-element elementor-element-5b732b88 elementor-widget elementor-widget-text-editor\" data-id=\"5b732b88\" data-element_type=\"widget\" data-widget_type=\"text-editor.default\">\n\t\t\t\t<div class=\"elementor-widget-container\">\n\t\t\t\t\t\t\t<ul><li>Populistische Aussagen zu erkennen und einordnen zu k\u00f6nnen<\/li><li>Ein Gef\u00fchl daf\u00fcr zu bekommen, ob Mittel und Zweck im Verh\u00e4ltnis zueinander stehen<\/li><li>selbst erleben, wie populistische Aussagen beliebig f\u00fcr unterschiedliche Themenbereiche eingesetzt werden (k\u00f6nnen)<\/li><\/ul>\t\t\t\t\t\t<\/div>\n\t\t\t\t<\/div>\n\t\t\t\t<div class=\"elementor-element elementor-element-d243799 elementor-widget elementor-widget-image\" data-id=\"d243799\" data-element_type=\"widget\" data-widget_type=\"image.default\">\n\t\t\t\t<div class=\"elementor-widget-container\">\n\t\t\t\t\t\t\t\t\t\t\t\t\t<img decoding=\"async\" width=\"1024\" height=\"5\" src=\"https:\/\/www.werte-im-blick.de\/wordpress\/wp-content\/uploads\/2024\/12\/Linie-1024x5.png\" class=\"attachment-large size-large wp-image-42\" alt=\"Trenn-Liene\" srcset=\"https:\/\/www.werte-im-blick.de\/wordpress\/wp-content\/uploads\/2024\/12\/Linie-1024x5.png 1024w, https:\/\/www.werte-im-blick.de\/wordpress\/wp-content\/uploads\/2024\/12\/Linie-300x2.png 300w, https:\/\/www.werte-im-blick.de\/wordpress\/wp-content\/uploads\/2024\/12\/Linie-768x4.png 768w, https:\/\/www.werte-im-blick.de\/wordpress\/wp-content\/uploads\/2024\/12\/Linie.png 1141w\" sizes=\"(max-width: 1024px) 100vw, 1024px\" \/>\t\t\t\t\t\t\t\t\t\t\t\t\t<\/div>\n\t\t\t\t<\/div>\n\t\t\t\t<\/div>\n\t\t<div class=\"elementor-element elementor-element-3e34029b e-con-full e-flex e-con e-child\" data-id=\"3e34029b\" data-element_type=\"container\">\n\t\t\t\t<div class=\"elementor-element elementor-element-3ceb609b elementor-widget elementor-widget-heading\" data-id=\"3ceb609b\" data-element_type=\"widget\" data-widget_type=\"heading.default\">\n\t\t\t\t<div class=\"elementor-widget-container\">\n\t\t\t<h6 class=\"elementor-heading-title elementor-size-default\">Zielgruppe<\/h6>\t\t<\/div>\n\t\t\t\t<\/div>\n\t\t\t\t<div class=\"elementor-element elementor-element-2f2aa346 elementor-widget elementor-widget-heading\" data-id=\"2f2aa346\" data-element_type=\"widget\" data-widget_type=\"heading.default\">\n\t\t\t\t<div class=\"elementor-widget-container\">\n\t\t\t<h6 class=\"elementor-heading-title elementor-size-default\">Ab ca. 15\/16 Jahren (Klassenstufe 9)<\/h6>\t\t<\/div>\n\t\t\t\t<\/div>\n\t\t\t\t<\/div>\n\t\t<div class=\"elementor-element elementor-element-276b340a e-con-full e-flex e-con e-child\" data-id=\"276b340a\" data-element_type=\"container\">\n\t\t\t\t<div class=\"elementor-element elementor-element-7978d64e elementor-widget elementor-widget-heading\" data-id=\"7978d64e\" data-element_type=\"widget\" data-widget_type=\"heading.default\">\n\t\t\t\t<div class=\"elementor-widget-container\">\n\t\t\t<h6 class=\"elementor-heading-title elementor-size-default\">Dauer<\/h6>\t\t<\/div>\n\t\t\t\t<\/div>\n\t\t\t\t<div class=\"elementor-element elementor-element-4dfd743c elementor-widget elementor-widget-heading\" data-id=\"4dfd743c\" data-element_type=\"widget\" data-widget_type=\"heading.default\">\n\t\t\t\t<div class=\"elementor-widget-container\">\n\t\t\t<h6 class=\"elementor-heading-title elementor-size-default\">3 Schulstunden (135 Minuten)<\/h6>\t\t<\/div>\n\t\t\t\t<\/div>\n\t\t\t\t<\/div>\n\t\t<div class=\"elementor-element elementor-element-eb515fa e-con-full e-flex e-con e-child\" data-id=\"eb515fa\" data-element_type=\"container\">\n\t\t\t\t<div class=\"elementor-element elementor-element-6770d03 elementor-widget elementor-widget-heading\" data-id=\"6770d03\" data-element_type=\"widget\" data-widget_type=\"heading.default\">\n\t\t\t\t<div class=\"elementor-widget-container\">\n\t\t\t<h6 class=\"elementor-heading-title elementor-size-default\">Kosten<\/h6>\t\t<\/div>\n\t\t\t\t<\/div>\n\t\t\t\t<div class=\"elementor-element elementor-element-4c285b18 elementor-widget elementor-widget-heading\" data-id=\"4c285b18\" data-element_type=\"widget\" data-widget_type=\"heading.default\">\n\t\t\t\t<div class=\"elementor-widget-container\">\n\t\t\t<h6 class=\"elementor-heading-title elementor-size-default\">200,- \u20ac (brutto) zzgl. Fahrtkosten<\/h6>\t\t<\/div>\n\t\t\t\t<\/div>\n\t\t\t\t<\/div>\n\t\t<div class=\"elementor-element elementor-element-1b243e7 e-con-full e-flex e-con e-child\" data-id=\"1b243e7\" data-element_type=\"container\">\n\t\t\t\t<\/div>\n\t\t<div class=\"elementor-element elementor-element-72de01d7 e-con-full e-flex e-con e-child\" data-id=\"72de01d7\" data-element_type=\"container\">\n\t\t\t\t<\/div>\n\t\t<div class=\"elementor-element elementor-element-28c539de e-con-full e-flex e-con e-child\" data-id=\"28c539de\" data-element_type=\"container\">\n\t\t\t\t<\/div>\n\t\t\t\t<\/div>\n\t\t\t\t<\/div>\n\t\t","protected":false},"excerpt":{"rendered":"<p>Po-mo-kratie &lt;&amp;&gt; De-pu-lismus Workshop zum Thema Populismus und dessen Erscheinungsformen Information\/ Inhalt Populismus ist ein &#8211; auch in der Demokratie &#8211; wichtiges Werkzeug, um Aufmerksamkeit zu erlangen und Mitstreiter:innen f\u00fcr &#8230;<\/p>\n","protected":false},"author":2,"featured_media":0,"parent":0,"menu_order":0,"comment_status":"closed","ping_status":"closed","template":"","meta":{"footnotes":""},"class_list":["post-1331","page","type-page","status-publish","hentry"],"yoast_head":"<!-- This site is optimized with the Yoast SEO plugin v24.1 - https:\/\/yoast.com\/wordpress\/plugins\/seo\/ -->\n<title>Po-mo-kratie &amp; De-pu-lismus - WERTE !M BLICK<\/title>\n<meta name=\"robots\" content=\"index, follow, max-snippet:-1, max-image-preview:large, max-video-preview:-1\" \/>\n<link rel=\"canonical\" href=\"https:\/\/www.werte-im-blick.de\/wordpress\/?page_id=1331\" \/>\n<meta property=\"og:locale\" content=\"de_DE\" \/>\n<meta property=\"og:type\" content=\"article\" \/>\n<meta property=\"og:title\" content=\"Po-mo-kratie &amp; De-pu-lismus - WERTE !M BLICK\" \/>\n<meta property=\"og:description\" content=\"Po-mo-kratie &lt;&amp;&gt; De-pu-lismus Workshop zum Thema Populismus und dessen Erscheinungsformen Information\/ Inhalt Populismus ist ein &#8211; auch in der Demokratie &#8211; wichtiges Werkzeug, um Aufmerksamkeit zu erlangen und Mitstreiter:innen f\u00fcr ...\" \/>\n<meta property=\"og:url\" content=\"https:\/\/www.werte-im-blick.de\/wordpress\/?page_id=1331\" \/>\n<meta property=\"og:site_name\" content=\"WERTE !M BLICK\" \/>\n<meta property=\"article:modified_time\" content=\"2025-09-30T14:48:58+00:00\" \/>\n<meta property=\"og:image\" content=\"https:\/\/www.werte-im-blick.de\/wordpress\/wp-content\/uploads\/2025\/09\/04_PoDeMoPuKratieLismus-1024x1024.jpg\" \/>\n\t<meta property=\"og:image:width\" content=\"1024\" \/>\n\t<meta property=\"og:image:height\" content=\"1024\" \/>\n\t<meta property=\"og:image:type\" content=\"image\/jpeg\" \/>\n<meta name=\"twitter:card\" content=\"summary_large_image\" \/>\n<meta name=\"twitter:label1\" content=\"Gesch\u00e4tzte Lesezeit\" \/>\n\t<meta name=\"twitter:data1\" content=\"2\u00a0Minuten\" \/>\n<script type=\"application\/ld+json\" class=\"yoast-schema-graph\">{\"@context\":\"https:\/\/schema.org\",\"@graph\":[{\"@type\":\"WebPage\",\"@id\":\"https:\/\/www.werte-im-blick.de\/wordpress\/?page_id=1331\",\"url\":\"https:\/\/www.werte-im-blick.de\/wordpress\/?page_id=1331\",\"name\":\"Po-mo-kratie & De-pu-lismus - WERTE !M BLICK\",\"isPartOf\":{\"@id\":\"https:\/\/www.werte-im-blick.de\/wordpress\/#website\"},\"primaryImageOfPage\":{\"@id\":\"https:\/\/www.werte-im-blick.de\/wordpress\/?page_id=1331#primaryimage\"},\"image\":{\"@id\":\"https:\/\/www.werte-im-blick.de\/wordpress\/?page_id=1331#primaryimage\"},\"thumbnailUrl\":\"https:\/\/www.werte-im-blick.de\/wordpress\/wp-content\/uploads\/2025\/09\/04_PoDeMoPuKratieLismus-150x150.jpg\",\"datePublished\":\"2025-09-15T05:27:34+00:00\",\"dateModified\":\"2025-09-30T14:48:58+00:00\",\"breadcrumb\":{\"@id\":\"https:\/\/www.werte-im-blick.de\/wordpress\/?page_id=1331#breadcrumb\"},\"inLanguage\":\"de\",\"potentialAction\":[{\"@type\":\"ReadAction\",\"target\":[\"https:\/\/www.werte-im-blick.de\/wordpress\/?page_id=1331\"]}]},{\"@type\":\"ImageObject\",\"inLanguage\":\"de\",\"@id\":\"https:\/\/www.werte-im-blick.de\/wordpress\/?page_id=1331#primaryimage\",\"url\":\"https:\/\/www.werte-im-blick.de\/wordpress\/wp-content\/uploads\/2025\/09\/04_PoDeMoPuKratieLismus.jpg\",\"contentUrl\":\"https:\/\/www.werte-im-blick.de\/wordpress\/wp-content\/uploads\/2025\/09\/04_PoDeMoPuKratieLismus.jpg\",\"width\":1535,\"height\":1535},{\"@type\":\"BreadcrumbList\",\"@id\":\"https:\/\/www.werte-im-blick.de\/wordpress\/?page_id=1331#breadcrumb\",\"itemListElement\":[{\"@type\":\"ListItem\",\"position\":1,\"name\":\"Startseite\",\"item\":\"https:\/\/www.werte-im-blick.de\/wordpress\/\"},{\"@type\":\"ListItem\",\"position\":2,\"name\":\"Po-mo-kratie &#038; De-pu-lismus\"}]},{\"@type\":\"WebSite\",\"@id\":\"https:\/\/www.werte-im-blick.de\/wordpress\/#website\",\"url\":\"https:\/\/www.werte-im-blick.de\/wordpress\/\",\"name\":\"WERTE !M BLICK\",\"description\":\"\",\"publisher\":{\"@id\":\"https:\/\/www.werte-im-blick.de\/wordpress\/#organization\"},\"potentialAction\":[{\"@type\":\"SearchAction\",\"target\":{\"@type\":\"EntryPoint\",\"urlTemplate\":\"https:\/\/www.werte-im-blick.de\/wordpress\/?s={search_term_string}\"},\"query-input\":{\"@type\":\"PropertyValueSpecification\",\"valueRequired\":true,\"valueName\":\"search_term_string\"}}],\"inLanguage\":\"de\"},{\"@type\":\"Organization\",\"@id\":\"https:\/\/www.werte-im-blick.de\/wordpress\/#organization\",\"name\":\"WERTE !M BLICK\",\"url\":\"https:\/\/www.werte-im-blick.de\/wordpress\/\",\"logo\":{\"@type\":\"ImageObject\",\"inLanguage\":\"de\",\"@id\":\"https:\/\/www.werte-im-blick.de\/wordpress\/#\/schema\/logo\/image\/\",\"url\":\"https:\/\/www.werte-im-blick.de\/wordpress\/wp-content\/uploads\/2024\/12\/cropped-werte_im_blick_logo_website.png\",\"contentUrl\":\"https:\/\/www.werte-im-blick.de\/wordpress\/wp-content\/uploads\/2024\/12\/cropped-werte_im_blick_logo_website.png\",\"width\":329,\"height\":100,\"caption\":\"WERTE !M BLICK\"},\"image\":{\"@id\":\"https:\/\/www.werte-im-blick.de\/wordpress\/#\/schema\/logo\/image\/\"}}]}<\/script>\n<!-- \/ Yoast SEO plugin. -->","yoast_head_json":{"title":"Po-mo-kratie & De-pu-lismus - WERTE !M BLICK","robots":{"index":"index","follow":"follow","max-snippet":"max-snippet:-1","max-image-preview":"max-image-preview:large","max-video-preview":"max-video-preview:-1"},"canonical":"https:\/\/www.werte-im-blick.de\/wordpress\/?page_id=1331","og_locale":"de_DE","og_type":"article","og_title":"Po-mo-kratie & De-pu-lismus - WERTE !M BLICK","og_description":"Po-mo-kratie &lt;&amp;&gt; De-pu-lismus Workshop zum Thema Populismus und dessen Erscheinungsformen Information\/ Inhalt Populismus ist ein &#8211; auch in der Demokratie &#8211; wichtiges Werkzeug, um Aufmerksamkeit zu erlangen und Mitstreiter:innen f\u00fcr ...","og_url":"https:\/\/www.werte-im-blick.de\/wordpress\/?page_id=1331","og_site_name":"WERTE !M BLICK","article_modified_time":"2025-09-30T14:48:58+00:00","og_image":[{"width":1024,"height":1024,"url":"https:\/\/www.werte-im-blick.de\/wordpress\/wp-content\/uploads\/2025\/09\/04_PoDeMoPuKratieLismus-1024x1024.jpg","type":"image\/jpeg"}],"twitter_card":"summary_large_image","twitter_misc":{"Gesch\u00e4tzte Lesezeit":"2\u00a0Minuten"},"schema":{"@context":"https:\/\/schema.org","@graph":[{"@type":"WebPage","@id":"https:\/\/www.werte-im-blick.de\/wordpress\/?page_id=1331","url":"https:\/\/www.werte-im-blick.de\/wordpress\/?page_id=1331","name":"Po-mo-kratie & De-pu-lismus - WERTE !M BLICK","isPartOf":{"@id":"https:\/\/www.werte-im-blick.de\/wordpress\/#website"},"primaryImageOfPage":{"@id":"https:\/\/www.werte-im-blick.de\/wordpress\/?page_id=1331#primaryimage"},"image":{"@id":"https:\/\/www.werte-im-blick.de\/wordpress\/?page_id=1331#primaryimage"},"thumbnailUrl":"https:\/\/www.werte-im-blick.de\/wordpress\/wp-content\/uploads\/2025\/09\/04_PoDeMoPuKratieLismus-150x150.jpg","datePublished":"2025-09-15T05:27:34+00:00","dateModified":"2025-09-30T14:48:58+00:00","breadcrumb":{"@id":"https:\/\/www.werte-im-blick.de\/wordpress\/?page_id=1331#breadcrumb"},"inLanguage":"de","potentialAction":[{"@type":"ReadAction","target":["https:\/\/www.werte-im-blick.de\/wordpress\/?page_id=1331"]}]},{"@type":"ImageObject","inLanguage":"de","@id":"https:\/\/www.werte-im-blick.de\/wordpress\/?page_id=1331#primaryimage","url":"https:\/\/www.werte-im-blick.de\/wordpress\/wp-content\/uploads\/2025\/09\/04_PoDeMoPuKratieLismus.jpg","contentUrl":"https:\/\/www.werte-im-blick.de\/wordpress\/wp-content\/uploads\/2025\/09\/04_PoDeMoPuKratieLismus.jpg","width":1535,"height":1535},{"@type":"BreadcrumbList","@id":"https:\/\/www.werte-im-blick.de\/wordpress\/?page_id=1331#breadcrumb","itemListElement":[{"@type":"ListItem","position":1,"name":"Startseite","item":"https:\/\/www.werte-im-blick.de\/wordpress\/"},{"@type":"ListItem","position":2,"name":"Po-mo-kratie &#038; De-pu-lismus"}]},{"@type":"WebSite","@id":"https:\/\/www.werte-im-blick.de\/wordpress\/#website","url":"https:\/\/www.werte-im-blick.de\/wordpress\/","name":"WERTE !M BLICK","description":"","publisher":{"@id":"https:\/\/www.werte-im-blick.de\/wordpress\/#organization"},"potentialAction":[{"@type":"SearchAction","target":{"@type":"EntryPoint","urlTemplate":"https:\/\/www.werte-im-blick.de\/wordpress\/?s={search_term_string}"},"query-input":{"@type":"PropertyValueSpecification","valueRequired":true,"valueName":"search_term_string"}}],"inLanguage":"de"},{"@type":"Organization","@id":"https:\/\/www.werte-im-blick.de\/wordpress\/#organization","name":"WERTE !M BLICK","url":"https:\/\/www.werte-im-blick.de\/wordpress\/","logo":{"@type":"ImageObject","inLanguage":"de","@id":"https:\/\/www.werte-im-blick.de\/wordpress\/#\/schema\/logo\/image\/","url":"https:\/\/www.werte-im-blick.de\/wordpress\/wp-content\/uploads\/2024\/12\/cropped-werte_im_blick_logo_website.png","contentUrl":"https:\/\/www.werte-im-blick.de\/wordpress\/wp-content\/uploads\/2024\/12\/cropped-werte_im_blick_logo_website.png","width":329,"height":100,"caption":"WERTE !M BLICK"},"image":{"@id":"https:\/\/www.werte-im-blick.de\/wordpress\/#\/schema\/logo\/image\/"}}]}},"_links":{"self":[{"href":"https:\/\/www.werte-im-blick.de\/wordpress\/index.php?rest_route=\/wp\/v2\/pages\/1331","targetHints":{"allow":["GET"]}}],"collection":[{"href":"https:\/\/www.werte-im-blick.de\/wordpress\/index.php?rest_route=\/wp\/v2\/pages"}],"about":[{"href":"https:\/\/www.werte-im-blick.de\/wordpress\/index.php?rest_route=\/wp\/v2\/types\/page"}],"author":[{"embeddable":true,"href":"https:\/\/www.werte-im-blick.de\/wordpress\/index.php?rest_route=\/wp\/v2\/users\/2"}],"replies":[{"embeddable":true,"href":"https:\/\/www.werte-im-blick.de\/wordpress\/index.php?rest_route=%2Fwp%2Fv2%2Fcomments&post=1331"}],"version-history":[{"count":19,"href":"https:\/\/www.werte-im-blick.de\/wordpress\/index.php?rest_route=\/wp\/v2\/pages\/1331\/revisions"}],"predecessor-version":[{"id":1394,"href":"https:\/\/www.werte-im-blick.de\/wordpress\/index.php?rest_route=\/wp\/v2\/pages\/1331\/revisions\/1394"}],"wp:attachment":[{"href":"https:\/\/www.werte-im-blick.de\/wordpress\/index.php?rest_route=%2Fwp%2Fv2%2Fmedia&parent=1331"}],"curies":[{"name":"wp","href":"https:\/\/api.w.org\/{rel}","templated":true}]}}