{"id":304,"date":"2025-01-02T21:08:47","date_gmt":"2025-01-02T21:08:47","guid":{"rendered":"https:\/\/www.werte-im-blick.de\/wordpress\/?page_id=304"},"modified":"2025-09-14T18:49:20","modified_gmt":"2025-09-14T18:49:20","slug":"werte_im_blick","status":"publish","type":"page","link":"https:\/\/www.werte-im-blick.de\/wordpress\/?page_id=304","title":{"rendered":"werte_im_blick"},"content":{"rendered":"\t\t<div data-elementor-type=\"wp-page\" data-elementor-id=\"304\" class=\"elementor elementor-304\">\n\t\t\t\t<div class=\"elementor-element elementor-element-108f51a e-con-full e-flex e-con e-parent\" data-id=\"108f51a\" data-element_type=\"container\">\n\t\t<div class=\"elementor-element elementor-element-0583db3 e-con-full e-flex e-con e-child\" data-id=\"0583db3\" data-element_type=\"container\">\n\t\t\t\t<div class=\"elementor-element elementor-element-44fbdca elementor-widget elementor-widget-heading\" data-id=\"44fbdca\" data-element_type=\"widget\" data-widget_type=\"heading.default\">\n\t\t\t\t<div class=\"elementor-widget-container\">\n\t\t\t<h2 class=\"elementor-heading-title elementor-size-default\">WERTEimBL!CK<\/h2>\t\t<\/div>\n\t\t\t\t<\/div>\n\t\t\t\t<\/div>\n\t\t<div class=\"elementor-element elementor-element-1fd142b e-con-full e-flex e-con e-child\" data-id=\"1fd142b\" data-element_type=\"container\">\n\t\t\t\t<div class=\"elementor-element elementor-element-ac7ec1e elementor-widget elementor-widget-heading\" data-id=\"ac7ec1e\" data-element_type=\"widget\" data-widget_type=\"heading.default\">\n\t\t\t\t<div class=\"elementor-widget-container\">\n\t\t\t<h5 class=\"elementor-heading-title elementor-size-default\">Information\/ Inhalt<\/h5>\t\t<\/div>\n\t\t\t\t<\/div>\n\t\t\t\t<div class=\"elementor-element elementor-element-eabfbeb elementor-widget elementor-widget-text-editor\" data-id=\"eabfbeb\" data-element_type=\"widget\" data-widget_type=\"text-editor.default\">\n\t\t\t\t<div class=\"elementor-widget-container\">\n\t\t\t\t\t\t\t<p class=\"p1\"><img decoding=\"async\" class=\"size-thumbnail wp-image-1327 alignleft\" src=\"https:\/\/www.werte-im-blick.de\/wordpress\/wp-content\/uploads\/2025\/09\/Werte-im-Blick-150x150.jpg\" alt=\"\" width=\"150\" height=\"150\" srcset=\"https:\/\/www.werte-im-blick.de\/wordpress\/wp-content\/uploads\/2025\/09\/Werte-im-Blick-150x150.jpg 150w, https:\/\/www.werte-im-blick.de\/wordpress\/wp-content\/uploads\/2025\/09\/Werte-im-Blick-300x300.jpg 300w, https:\/\/www.werte-im-blick.de\/wordpress\/wp-content\/uploads\/2025\/09\/Werte-im-Blick-1024x1024.jpg 1024w, https:\/\/www.werte-im-blick.de\/wordpress\/wp-content\/uploads\/2025\/09\/Werte-im-Blick-768x768.jpg 768w, https:\/\/www.werte-im-blick.de\/wordpress\/wp-content\/uploads\/2025\/09\/Werte-im-Blick.jpg 1535w\" sizes=\"(max-width: 150px) 100vw, 150px\" \/>Was sind unsere demokratischen Werte? Warum sollen wir uns f\u00fcr diese einsetzen? Wieso gibt es Grund- und Menschenrechte? \u2013 Braucht es sie, und worauf gr\u00fcndet dies alles?<\/p><p class=\"p1\">Was jede:r von uns beitragen kann und muss, damit unsere demokratische Gesellschaft bestehen bleibt, ist Thema dieses Workshops. Dabei setzen sich die Teilnehmenden mit ihren eigenen und pers\u00f6nlichen Werten auseinander und versuchen, andere Sichtweisen und Standpunkte zu verstehen. Hierdurch wird deutlich, dass eine Pluralit\u00e4t nicht nur m\u00f6glich, sondern die Grundlage f\u00fcr eine vielf\u00e4ltige, offene und demokratische Gesellschaft ist.<\/p>\t\t\t\t\t\t<\/div>\n\t\t\t\t<\/div>\n\t\t\t\t<div class=\"elementor-element elementor-element-40573c0 elementor-widget elementor-widget-heading\" data-id=\"40573c0\" data-element_type=\"widget\" data-widget_type=\"heading.default\">\n\t\t\t\t<div class=\"elementor-widget-container\">\n\t\t\t<h5 class=\"elementor-heading-title elementor-size-default\">Ziele<\/h5>\t\t<\/div>\n\t\t\t\t<\/div>\n\t\t\t\t<div class=\"elementor-element elementor-element-e280c29 elementor-widget elementor-widget-text-editor\" data-id=\"e280c29\" data-element_type=\"widget\" data-widget_type=\"text-editor.default\">\n\t\t\t\t<div class=\"elementor-widget-container\">\n\t\t\t\t\t\t\t<ul><li><p class=\"p2\">Erkennen, was f\u00fcr ein friedliches und solidarisches Zusammenleben erforderlich ist.<\/p><\/li><li><p class=\"p2\">Entwicklung von Verst\u00e4ndnis f\u00fcr andere Ansichten, Meinungen und Positionen, auch wenn diese nicht geteilt werden.<\/p><\/li><li><p class=\"p2\">Besch\u00e4ftigung mit den eigenen Wertevorstellungen und diese (f\u00fcr sich) (er)kl\u00e4ren.<\/p><\/li><\/ul>\t\t\t\t\t\t<\/div>\n\t\t\t\t<\/div>\n\t\t\t\t<div class=\"elementor-element elementor-element-da28da6 elementor-widget elementor-widget-image\" data-id=\"da28da6\" data-element_type=\"widget\" data-widget_type=\"image.default\">\n\t\t\t\t<div class=\"elementor-widget-container\">\n\t\t\t\t\t\t\t\t\t\t\t\t\t<img decoding=\"async\" width=\"1024\" height=\"5\" src=\"https:\/\/www.werte-im-blick.de\/wordpress\/wp-content\/uploads\/2024\/12\/Linie-1024x5.png\" class=\"attachment-large size-large wp-image-42\" alt=\"Trenn-Liene\" srcset=\"https:\/\/www.werte-im-blick.de\/wordpress\/wp-content\/uploads\/2024\/12\/Linie-1024x5.png 1024w, https:\/\/www.werte-im-blick.de\/wordpress\/wp-content\/uploads\/2024\/12\/Linie-300x2.png 300w, https:\/\/www.werte-im-blick.de\/wordpress\/wp-content\/uploads\/2024\/12\/Linie-768x4.png 768w, https:\/\/www.werte-im-blick.de\/wordpress\/wp-content\/uploads\/2024\/12\/Linie.png 1141w\" sizes=\"(max-width: 1024px) 100vw, 1024px\" \/>\t\t\t\t\t\t\t\t\t\t\t\t\t<\/div>\n\t\t\t\t<\/div>\n\t\t\t\t<\/div>\n\t\t<div class=\"elementor-element elementor-element-1dfb317 e-con-full e-flex e-con e-child\" data-id=\"1dfb317\" data-element_type=\"container\">\n\t\t\t\t<div class=\"elementor-element elementor-element-b900f48 elementor-widget elementor-widget-heading\" data-id=\"b900f48\" data-element_type=\"widget\" data-widget_type=\"heading.default\">\n\t\t\t\t<div class=\"elementor-widget-container\">\n\t\t\t<h5 class=\"elementor-heading-title elementor-size-default\">Zielgruppe<\/h5>\t\t<\/div>\n\t\t\t\t<\/div>\n\t\t\t\t<div class=\"elementor-element elementor-element-2c28471 elementor-widget elementor-widget-heading\" data-id=\"2c28471\" data-element_type=\"widget\" data-widget_type=\"heading.default\">\n\t\t\t\t<div class=\"elementor-widget-container\">\n\t\t\t<h6 class=\"elementor-heading-title elementor-size-default\">Ab ca. 11 Jahre \n(Klassenstufe \u2265 5-12)<\/h6>\t\t<\/div>\n\t\t\t\t<\/div>\n\t\t\t\t<\/div>\n\t\t<div class=\"elementor-element elementor-element-15fb190 e-con-full e-flex e-con e-child\" data-id=\"15fb190\" data-element_type=\"container\">\n\t\t\t\t<div class=\"elementor-element elementor-element-15dc2e5 elementor-widget elementor-widget-heading\" data-id=\"15dc2e5\" data-element_type=\"widget\" data-widget_type=\"heading.default\">\n\t\t\t\t<div class=\"elementor-widget-container\">\n\t\t\t<h5 class=\"elementor-heading-title elementor-size-default\">Dauer<\/h5>\t\t<\/div>\n\t\t\t\t<\/div>\n\t\t\t\t<div class=\"elementor-element elementor-element-fb1a2df elementor-widget elementor-widget-heading\" data-id=\"fb1a2df\" data-element_type=\"widget\" data-widget_type=\"heading.default\">\n\t\t\t\t<div class=\"elementor-widget-container\">\n\t\t\t<h6 class=\"elementor-heading-title elementor-size-default\">2-3 Schulstunden (ca. 90-135 Minuten) | (in vereinfachter Form 90 Minuten)<\/h6>\t\t<\/div>\n\t\t\t\t<\/div>\n\t\t\t\t<\/div>\n\t\t<div class=\"elementor-element elementor-element-35997bb e-con-full e-flex e-con e-child\" data-id=\"35997bb\" data-element_type=\"container\">\n\t\t\t\t<div class=\"elementor-element elementor-element-8aaf088 elementor-widget elementor-widget-heading\" data-id=\"8aaf088\" data-element_type=\"widget\" data-widget_type=\"heading.default\">\n\t\t\t\t<div class=\"elementor-widget-container\">\n\t\t\t<h5 class=\"elementor-heading-title elementor-size-default\">Kosten<\/h5>\t\t<\/div>\n\t\t\t\t<\/div>\n\t\t\t\t<div class=\"elementor-element elementor-element-ffc19a8 elementor-widget elementor-widget-heading\" data-id=\"ffc19a8\" data-element_type=\"widget\" data-widget_type=\"heading.default\">\n\t\t\t\t<div class=\"elementor-widget-container\">\n\t\t\t<h6 class=\"elementor-heading-title elementor-size-default\">200,- \u20ac (brutto) zzgl. Fahrtkosten <br><br>175,- \u20ac in vereinfachter Form<\/h6>\t\t<\/div>\n\t\t\t\t<\/div>\n\t\t\t\t<\/div>\n\t\t\t\t<div class=\"elementor-element elementor-element-7ef5f41 elementor-widget elementor-widget-text-editor\" data-id=\"7ef5f41\" data-element_type=\"widget\" data-widget_type=\"text-editor.default\">\n\t\t\t\t<div class=\"elementor-widget-container\">\n\t\t\t\t\t\t\t<p class=\"p1\"><i>Hinweis<\/i>: Dieser Workshop kann in abgewandelter\/vereinfachter Form auch f\u00fcr VKL Klassen\/ Klassen mit geringerem Sprachniveau angeboten werden.<\/p>\t\t\t\t\t\t<\/div>\n\t\t\t\t<\/div>\n\t\t<div class=\"elementor-element elementor-element-efc23ed e-con-full e-flex e-con e-child\" data-id=\"efc23ed\" data-element_type=\"container\">\n\t\t\t\t<\/div>\n\t\t<div class=\"elementor-element elementor-element-38a5935 e-con-full e-flex e-con e-child\" data-id=\"38a5935\" data-element_type=\"container\">\n\t\t\t\t<\/div>\n\t\t\t\t<\/div>\n\t\t\t\t<\/div>\n\t\t","protected":false},"excerpt":{"rendered":"<p>WERTEimBL!CK Information\/ Inhalt Was sind unsere demokratischen Werte? Warum sollen wir uns f\u00fcr diese einsetzen? Wieso gibt es Grund- und Menschenrechte? \u2013 Braucht es sie, und worauf gr\u00fcndet dies alles? &#8230;<\/p>\n","protected":false},"author":1,"featured_media":0,"parent":0,"menu_order":0,"comment_status":"closed","ping_status":"closed","template":"","meta":{"footnotes":""},"class_list":["post-304","page","type-page","status-publish","hentry"],"yoast_head":"<!-- This site is optimized with the Yoast SEO plugin v24.1 - https:\/\/yoast.com\/wordpress\/plugins\/seo\/ -->\n<title>werte_im_blick - WERTE !M BLICK<\/title>\n<meta name=\"robots\" content=\"index, follow, max-snippet:-1, max-image-preview:large, max-video-preview:-1\" \/>\n<link rel=\"canonical\" href=\"https:\/\/www.werte-im-blick.de\/wordpress\/?page_id=304\" \/>\n<meta property=\"og:locale\" content=\"de_DE\" \/>\n<meta property=\"og:type\" content=\"article\" \/>\n<meta property=\"og:title\" content=\"werte_im_blick - WERTE !M BLICK\" \/>\n<meta property=\"og:description\" content=\"WERTEimBL!CK Information\/ Inhalt Was sind unsere demokratischen Werte? Warum sollen wir uns f\u00fcr diese einsetzen? Wieso gibt es Grund- und Menschenrechte? \u2013 Braucht es sie, und worauf gr\u00fcndet dies alles? ...\" \/>\n<meta property=\"og:url\" content=\"https:\/\/www.werte-im-blick.de\/wordpress\/?page_id=304\" \/>\n<meta property=\"og:site_name\" content=\"WERTE !M BLICK\" \/>\n<meta property=\"article:modified_time\" content=\"2025-09-14T18:49:20+00:00\" \/>\n<meta property=\"og:image\" content=\"https:\/\/www.werte-im-blick.de\/wordpress\/wp-content\/uploads\/2025\/09\/Werte-im-Blick-1024x1024.jpg\" \/>\n\t<meta property=\"og:image:width\" content=\"1024\" \/>\n\t<meta property=\"og:image:height\" content=\"1024\" \/>\n\t<meta property=\"og:image:type\" content=\"image\/jpeg\" \/>\n<meta name=\"twitter:card\" content=\"summary_large_image\" \/>\n<meta name=\"twitter:label1\" content=\"Gesch\u00e4tzte Lesezeit\" \/>\n\t<meta name=\"twitter:data1\" content=\"2\u00a0Minuten\" \/>\n<script type=\"application\/ld+json\" class=\"yoast-schema-graph\">{\"@context\":\"https:\/\/schema.org\",\"@graph\":[{\"@type\":\"WebPage\",\"@id\":\"https:\/\/www.werte-im-blick.de\/wordpress\/?page_id=304\",\"url\":\"https:\/\/www.werte-im-blick.de\/wordpress\/?page_id=304\",\"name\":\"werte_im_blick - WERTE !M BLICK\",\"isPartOf\":{\"@id\":\"https:\/\/www.werte-im-blick.de\/wordpress\/#website\"},\"primaryImageOfPage\":{\"@id\":\"https:\/\/www.werte-im-blick.de\/wordpress\/?page_id=304#primaryimage\"},\"image\":{\"@id\":\"https:\/\/www.werte-im-blick.de\/wordpress\/?page_id=304#primaryimage\"},\"thumbnailUrl\":\"https:\/\/www.werte-im-blick.de\/wordpress\/wp-content\/uploads\/2025\/09\/Werte-im-Blick-150x150.jpg\",\"datePublished\":\"2025-01-02T21:08:47+00:00\",\"dateModified\":\"2025-09-14T18:49:20+00:00\",\"breadcrumb\":{\"@id\":\"https:\/\/www.werte-im-blick.de\/wordpress\/?page_id=304#breadcrumb\"},\"inLanguage\":\"de\",\"potentialAction\":[{\"@type\":\"ReadAction\",\"target\":[\"https:\/\/www.werte-im-blick.de\/wordpress\/?page_id=304\"]}]},{\"@type\":\"ImageObject\",\"inLanguage\":\"de\",\"@id\":\"https:\/\/www.werte-im-blick.de\/wordpress\/?page_id=304#primaryimage\",\"url\":\"https:\/\/www.werte-im-blick.de\/wordpress\/wp-content\/uploads\/2025\/09\/Werte-im-Blick.jpg\",\"contentUrl\":\"https:\/\/www.werte-im-blick.de\/wordpress\/wp-content\/uploads\/2025\/09\/Werte-im-Blick.jpg\",\"width\":1535,\"height\":1535},{\"@type\":\"BreadcrumbList\",\"@id\":\"https:\/\/www.werte-im-blick.de\/wordpress\/?page_id=304#breadcrumb\",\"itemListElement\":[{\"@type\":\"ListItem\",\"position\":1,\"name\":\"Startseite\",\"item\":\"https:\/\/www.werte-im-blick.de\/wordpress\/\"},{\"@type\":\"ListItem\",\"position\":2,\"name\":\"werte_im_blick\"}]},{\"@type\":\"WebSite\",\"@id\":\"https:\/\/www.werte-im-blick.de\/wordpress\/#website\",\"url\":\"https:\/\/www.werte-im-blick.de\/wordpress\/\",\"name\":\"WERTE !M BLICK\",\"description\":\"\",\"publisher\":{\"@id\":\"https:\/\/www.werte-im-blick.de\/wordpress\/#organization\"},\"potentialAction\":[{\"@type\":\"SearchAction\",\"target\":{\"@type\":\"EntryPoint\",\"urlTemplate\":\"https:\/\/www.werte-im-blick.de\/wordpress\/?s={search_term_string}\"},\"query-input\":{\"@type\":\"PropertyValueSpecification\",\"valueRequired\":true,\"valueName\":\"search_term_string\"}}],\"inLanguage\":\"de\"},{\"@type\":\"Organization\",\"@id\":\"https:\/\/www.werte-im-blick.de\/wordpress\/#organization\",\"name\":\"WERTE !M BLICK\",\"url\":\"https:\/\/www.werte-im-blick.de\/wordpress\/\",\"logo\":{\"@type\":\"ImageObject\",\"inLanguage\":\"de\",\"@id\":\"https:\/\/www.werte-im-blick.de\/wordpress\/#\/schema\/logo\/image\/\",\"url\":\"https:\/\/www.werte-im-blick.de\/wordpress\/wp-content\/uploads\/2024\/12\/cropped-werte_im_blick_logo_website.png\",\"contentUrl\":\"https:\/\/www.werte-im-blick.de\/wordpress\/wp-content\/uploads\/2024\/12\/cropped-werte_im_blick_logo_website.png\",\"width\":329,\"height\":100,\"caption\":\"WERTE !M BLICK\"},\"image\":{\"@id\":\"https:\/\/www.werte-im-blick.de\/wordpress\/#\/schema\/logo\/image\/\"}}]}<\/script>\n<!-- \/ Yoast SEO plugin. -->","yoast_head_json":{"title":"werte_im_blick - WERTE !M BLICK","robots":{"index":"index","follow":"follow","max-snippet":"max-snippet:-1","max-image-preview":"max-image-preview:large","max-video-preview":"max-video-preview:-1"},"canonical":"https:\/\/www.werte-im-blick.de\/wordpress\/?page_id=304","og_locale":"de_DE","og_type":"article","og_title":"werte_im_blick - WERTE !M BLICK","og_description":"WERTEimBL!CK Information\/ Inhalt Was sind unsere demokratischen Werte? Warum sollen wir uns f\u00fcr diese einsetzen? Wieso gibt es Grund- und Menschenrechte? \u2013 Braucht es sie, und worauf gr\u00fcndet dies alles? ...","og_url":"https:\/\/www.werte-im-blick.de\/wordpress\/?page_id=304","og_site_name":"WERTE !M BLICK","article_modified_time":"2025-09-14T18:49:20+00:00","og_image":[{"width":1024,"height":1024,"url":"https:\/\/www.werte-im-blick.de\/wordpress\/wp-content\/uploads\/2025\/09\/Werte-im-Blick-1024x1024.jpg","type":"image\/jpeg"}],"twitter_card":"summary_large_image","twitter_misc":{"Gesch\u00e4tzte Lesezeit":"2\u00a0Minuten"},"schema":{"@context":"https:\/\/schema.org","@graph":[{"@type":"WebPage","@id":"https:\/\/www.werte-im-blick.de\/wordpress\/?page_id=304","url":"https:\/\/www.werte-im-blick.de\/wordpress\/?page_id=304","name":"werte_im_blick - WERTE !M BLICK","isPartOf":{"@id":"https:\/\/www.werte-im-blick.de\/wordpress\/#website"},"primaryImageOfPage":{"@id":"https:\/\/www.werte-im-blick.de\/wordpress\/?page_id=304#primaryimage"},"image":{"@id":"https:\/\/www.werte-im-blick.de\/wordpress\/?page_id=304#primaryimage"},"thumbnailUrl":"https:\/\/www.werte-im-blick.de\/wordpress\/wp-content\/uploads\/2025\/09\/Werte-im-Blick-150x150.jpg","datePublished":"2025-01-02T21:08:47+00:00","dateModified":"2025-09-14T18:49:20+00:00","breadcrumb":{"@id":"https:\/\/www.werte-im-blick.de\/wordpress\/?page_id=304#breadcrumb"},"inLanguage":"de","potentialAction":[{"@type":"ReadAction","target":["https:\/\/www.werte-im-blick.de\/wordpress\/?page_id=304"]}]},{"@type":"ImageObject","inLanguage":"de","@id":"https:\/\/www.werte-im-blick.de\/wordpress\/?page_id=304#primaryimage","url":"https:\/\/www.werte-im-blick.de\/wordpress\/wp-content\/uploads\/2025\/09\/Werte-im-Blick.jpg","contentUrl":"https:\/\/www.werte-im-blick.de\/wordpress\/wp-content\/uploads\/2025\/09\/Werte-im-Blick.jpg","width":1535,"height":1535},{"@type":"BreadcrumbList","@id":"https:\/\/www.werte-im-blick.de\/wordpress\/?page_id=304#breadcrumb","itemListElement":[{"@type":"ListItem","position":1,"name":"Startseite","item":"https:\/\/www.werte-im-blick.de\/wordpress\/"},{"@type":"ListItem","position":2,"name":"werte_im_blick"}]},{"@type":"WebSite","@id":"https:\/\/www.werte-im-blick.de\/wordpress\/#website","url":"https:\/\/www.werte-im-blick.de\/wordpress\/","name":"WERTE !M BLICK","description":"","publisher":{"@id":"https:\/\/www.werte-im-blick.de\/wordpress\/#organization"},"potentialAction":[{"@type":"SearchAction","target":{"@type":"EntryPoint","urlTemplate":"https:\/\/www.werte-im-blick.de\/wordpress\/?s={search_term_string}"},"query-input":{"@type":"PropertyValueSpecification","valueRequired":true,"valueName":"search_term_string"}}],"inLanguage":"de"},{"@type":"Organization","@id":"https:\/\/www.werte-im-blick.de\/wordpress\/#organization","name":"WERTE !M BLICK","url":"https:\/\/www.werte-im-blick.de\/wordpress\/","logo":{"@type":"ImageObject","inLanguage":"de","@id":"https:\/\/www.werte-im-blick.de\/wordpress\/#\/schema\/logo\/image\/","url":"https:\/\/www.werte-im-blick.de\/wordpress\/wp-content\/uploads\/2024\/12\/cropped-werte_im_blick_logo_website.png","contentUrl":"https:\/\/www.werte-im-blick.de\/wordpress\/wp-content\/uploads\/2024\/12\/cropped-werte_im_blick_logo_website.png","width":329,"height":100,"caption":"WERTE !M BLICK"},"image":{"@id":"https:\/\/www.werte-im-blick.de\/wordpress\/#\/schema\/logo\/image\/"}}]}},"_links":{"self":[{"href":"https:\/\/www.werte-im-blick.de\/wordpress\/index.php?rest_route=\/wp\/v2\/pages\/304","targetHints":{"allow":["GET"]}}],"collection":[{"href":"https:\/\/www.werte-im-blick.de\/wordpress\/index.php?rest_route=\/wp\/v2\/pages"}],"about":[{"href":"https:\/\/www.werte-im-blick.de\/wordpress\/index.php?rest_route=\/wp\/v2\/types\/page"}],"author":[{"embeddable":true,"href":"https:\/\/www.werte-im-blick.de\/wordpress\/index.php?rest_route=\/wp\/v2\/users\/1"}],"replies":[{"embeddable":true,"href":"https:\/\/www.werte-im-blick.de\/wordpress\/index.php?rest_route=%2Fwp%2Fv2%2Fcomments&post=304"}],"version-history":[{"count":10,"href":"https:\/\/www.werte-im-blick.de\/wordpress\/index.php?rest_route=\/wp\/v2\/pages\/304\/revisions"}],"predecessor-version":[{"id":1330,"href":"https:\/\/www.werte-im-blick.de\/wordpress\/index.php?rest_route=\/wp\/v2\/pages\/304\/revisions\/1330"}],"wp:attachment":[{"href":"https:\/\/www.werte-im-blick.de\/wordpress\/index.php?rest_route=%2Fwp%2Fv2%2Fmedia&parent=304"}],"curies":[{"name":"wp","href":"https:\/\/api.w.org\/{rel}","templated":true}]}}