{"id":319,"date":"2025-01-02T21:17:07","date_gmt":"2025-01-02T21:17:07","guid":{"rendered":"https:\/\/www.werte-im-blick.de\/wordpress\/?page_id=319"},"modified":"2025-09-22T09:35:47","modified_gmt":"2025-09-22T09:35:47","slug":"ist_das_noch_witzig","status":"publish","type":"page","link":"https:\/\/www.werte-im-blick.de\/wordpress\/?page_id=319","title":{"rendered":"ist_das_noch_witzig"},"content":{"rendered":"\t\t<div data-elementor-type=\"wp-page\" data-elementor-id=\"319\" class=\"elementor elementor-319\">\n\t\t\t\t<div class=\"elementor-element elementor-element-1dd8839 e-con-full e-flex e-con e-parent\" data-id=\"1dd8839\" data-element_type=\"container\">\n\t\t<div class=\"elementor-element elementor-element-4e3e970 e-con-full e-flex e-con e-child\" data-id=\"4e3e970\" data-element_type=\"container\">\n\t\t\t\t<div class=\"elementor-element elementor-element-cc84553 elementor-widget elementor-widget-heading\" data-id=\"cc84553\" data-element_type=\"widget\" data-widget_type=\"heading.default\">\n\t\t\t\t<div class=\"elementor-widget-container\">\n\t\t\t<h2 class=\"elementor-heading-title elementor-size-default\">IST DAS noch WITZIG!?!<\/h2>\t\t<\/div>\n\t\t\t\t<\/div>\n\t\t\t\t<\/div>\n\t\t<div class=\"elementor-element elementor-element-3b9a957 e-con-full e-flex e-con e-child\" data-id=\"3b9a957\" data-element_type=\"container\">\n\t\t\t\t<div class=\"elementor-element elementor-element-d077e44 elementor-widget elementor-widget-heading\" data-id=\"d077e44\" data-element_type=\"widget\" data-widget_type=\"heading.default\">\n\t\t\t\t<div class=\"elementor-widget-container\">\n\t\t\t<h5 class=\"elementor-heading-title elementor-size-default\">Information\/ Inhalt<\/h5>\t\t<\/div>\n\t\t\t\t<\/div>\n\t\t\t\t<div class=\"elementor-element elementor-element-c02ece5 elementor-widget elementor-widget-text-editor\" data-id=\"c02ece5\" data-element_type=\"widget\" data-widget_type=\"text-editor.default\">\n\t\t\t\t<div class=\"elementor-widget-container\">\n\t\t\t\t\t\t\t<p class=\"p1\"><img decoding=\"async\" class=\"size-thumbnail wp-image-1309 alignleft\" src=\"https:\/\/www.werte-im-blick.de\/wordpress\/wp-content\/uploads\/2025\/09\/05_noch-witzig-150x150.jpg\" alt=\"\" width=\"150\" height=\"150\" srcset=\"https:\/\/www.werte-im-blick.de\/wordpress\/wp-content\/uploads\/2025\/09\/05_noch-witzig-150x150.jpg 150w, https:\/\/www.werte-im-blick.de\/wordpress\/wp-content\/uploads\/2025\/09\/05_noch-witzig-300x300.jpg 300w, https:\/\/www.werte-im-blick.de\/wordpress\/wp-content\/uploads\/2025\/09\/05_noch-witzig-1024x1024.jpg 1024w, https:\/\/www.werte-im-blick.de\/wordpress\/wp-content\/uploads\/2025\/09\/05_noch-witzig-768x768.jpg 768w, https:\/\/www.werte-im-blick.de\/wordpress\/wp-content\/uploads\/2025\/09\/05_noch-witzig.jpg 1535w\" sizes=\"(max-width: 150px) 100vw, 150px\" \/>Wie weit kann ich gehen? Wo sind die Grenzen eines Witzes?<\/p><p class=\"p1\">Wof\u00fcr bin ich verantwortlich? Wer bestimmt, was erlaubt ist und was bestraft wird? Und was muss ich wissen, um den akzeptierten und erlaubten Rahmen nicht zu \u00fcberschreiten?<\/p><p class=\"p1\">Ist es noch okay, wenn eine:r meiner Klassenkammerad:innen diesen Witz auf Kosten einer anderen Person oder Gruppe macht? Denken die Lachenden wirklich so? Lache ich da jetzt mit, weil ich es lustig finde oder weil alle lachen? Sage ich was? Schweige ich?<\/p><p class=\"p1\">Das Austesten von Grenzen fasziniert uns Menschen. Nicht nur im Berufsleben oder Sport, sondern mindestens ebenso h\u00e4ufig in unserer allt\u00e4glichen Kommunikation.<\/p><p class=\"p1\">Insbesondere in Schulklassen wird im Bewusstsein, dass die getroffene &#8222;lustige&#8220; Aussage so eigentlich nicht in Ordnung ist, lustvoll mit diesen Grenzerfahrungen gespielt. Im Falle einer direkten Nachfrage oder Reaktion wird sich dann gerne auf &#8222;schwarzen Humor&#8220; berufen oder darauf, dass das doch nicht ernst gemeint gewesen sei. Auf diese Weise wird versucht, Sanktionen f\u00fcr das eigene Verhalten oder notwendige und unangenehme Rechtfertigungen zu vermeiden.<\/p><p class=\"p1\">Gemeinsam wird in diesem Workshop erarbeitet, was ein Witz ausmacht, wie dieser aufgebaut ist und wo die Grenzen der Meinungsfreiheit \u00fcberschritten sind. Unterschiedliche pers\u00f6nliche Sichtweisen und Empfindungen werden hierf\u00fcr gesammelt, erfahrbar gemacht und diskutiert. Weitere Stilmittel wie &#8222;schwarzer Humor&#8220;, Kabarett und Sarkasmus werden thematisiert und es wird deutlich, wie schwer es ist, die Grenze des guten Geschmacks und Erlaubten genau zu verorten. &#8211; Und das gilt nicht nur f\u00fcr junge Menschen, die ihre Grenzen ja austesten sollen!<\/p>\t\t\t\t\t\t<\/div>\n\t\t\t\t<\/div>\n\t\t\t\t<div class=\"elementor-element elementor-element-db062f9 elementor-widget elementor-widget-heading\" data-id=\"db062f9\" data-element_type=\"widget\" data-widget_type=\"heading.default\">\n\t\t\t\t<div class=\"elementor-widget-container\">\n\t\t\t<h5 class=\"elementor-heading-title elementor-size-default\">Ziele<\/h5>\t\t<\/div>\n\t\t\t\t<\/div>\n\t\t\t\t<div class=\"elementor-element elementor-element-3f3f364 elementor-widget elementor-widget-text-editor\" data-id=\"3f3f364\" data-element_type=\"widget\" data-widget_type=\"text-editor.default\">\n\t\t\t\t<div class=\"elementor-widget-container\">\n\t\t\t\t\t\t\t<ul><li><p class=\"p2\">Jugendliche \u00fcbernehmen ihr Verhalten, Aussagen und so auch Witze und Satire von Erwachsenen aus der Peer-Group, dem Internet oder Social Media. Im Workshop geht es darum, Aussagen von Witzen zu hinterfragen, zu sensibilisieren und deren teilweise verletzenden Charakter zu verdeutlichen.<\/p><\/li><li><p class=\"p2\">Die Teilnehmenden sollen verstehen, wie ein Witz aufgebaut ist, welches Ziel Satire verfolgt und wann sie eingesetzt werden sollte.<\/p><\/li><li><p class=\"p2\">\u00dcber die Verbindung von Humor, Witz und Satire (schwarzem Humor) wird vermittelt, welch hohes Gut die Meinungsfreiheit darstellt. Jedoch auch, dass diese Grenzen kennt und der\/die Einzelne sehr wohl vor Beleidigung und \u00fcbler Nachrede gesch\u00fctzt sind.<\/p><\/li><\/ul>\t\t\t\t\t\t<\/div>\n\t\t\t\t<\/div>\n\t\t\t\t<div class=\"elementor-element elementor-element-61f91fa elementor-widget elementor-widget-image\" data-id=\"61f91fa\" data-element_type=\"widget\" data-widget_type=\"image.default\">\n\t\t\t\t<div class=\"elementor-widget-container\">\n\t\t\t\t\t\t\t\t\t\t\t\t\t<img decoding=\"async\" width=\"1024\" height=\"5\" src=\"https:\/\/www.werte-im-blick.de\/wordpress\/wp-content\/uploads\/2024\/12\/Linie-1024x5.png\" class=\"attachment-large size-large wp-image-42\" alt=\"Trenn-Liene\" srcset=\"https:\/\/www.werte-im-blick.de\/wordpress\/wp-content\/uploads\/2024\/12\/Linie-1024x5.png 1024w, https:\/\/www.werte-im-blick.de\/wordpress\/wp-content\/uploads\/2024\/12\/Linie-300x2.png 300w, https:\/\/www.werte-im-blick.de\/wordpress\/wp-content\/uploads\/2024\/12\/Linie-768x4.png 768w, https:\/\/www.werte-im-blick.de\/wordpress\/wp-content\/uploads\/2024\/12\/Linie.png 1141w\" sizes=\"(max-width: 1024px) 100vw, 1024px\" \/>\t\t\t\t\t\t\t\t\t\t\t\t\t<\/div>\n\t\t\t\t<\/div>\n\t\t\t\t<\/div>\n\t\t<div class=\"elementor-element elementor-element-0756e9c e-con-full e-flex e-con e-child\" data-id=\"0756e9c\" data-element_type=\"container\">\n\t\t\t\t<div class=\"elementor-element elementor-element-1136285 elementor-widget elementor-widget-heading\" data-id=\"1136285\" data-element_type=\"widget\" data-widget_type=\"heading.default\">\n\t\t\t\t<div class=\"elementor-widget-container\">\n\t\t\t<h5 class=\"elementor-heading-title elementor-size-default\">Zielgruppe<\/h5>\t\t<\/div>\n\t\t\t\t<\/div>\n\t\t\t\t<div class=\"elementor-element elementor-element-3b49ce5 elementor-widget elementor-widget-heading\" data-id=\"3b49ce5\" data-element_type=\"widget\" data-widget_type=\"heading.default\">\n\t\t\t\t<div class=\"elementor-widget-container\">\n\t\t\t<h6 class=\"elementor-heading-title elementor-size-default\">Ab ca. 14 Jahre (Klassenstufe \u2265 7-10)<\/h6>\t\t<\/div>\n\t\t\t\t<\/div>\n\t\t\t\t<\/div>\n\t\t<div class=\"elementor-element elementor-element-e24f6b9 e-con-full e-flex e-con e-child\" data-id=\"e24f6b9\" data-element_type=\"container\">\n\t\t\t\t<div class=\"elementor-element elementor-element-c9b7242 elementor-widget elementor-widget-heading\" data-id=\"c9b7242\" data-element_type=\"widget\" data-widget_type=\"heading.default\">\n\t\t\t\t<div class=\"elementor-widget-container\">\n\t\t\t<h5 class=\"elementor-heading-title elementor-size-default\">Dauer<\/h5>\t\t<\/div>\n\t\t\t\t<\/div>\n\t\t\t\t<div class=\"elementor-element elementor-element-428c94d elementor-widget elementor-widget-heading\" data-id=\"428c94d\" data-element_type=\"widget\" data-widget_type=\"heading.default\">\n\t\t\t\t<div class=\"elementor-widget-container\">\n\t\t\t<h6 class=\"elementor-heading-title elementor-size-default\">2-3 Schulstunden (90-135 Minuten)<\/h6>\t\t<\/div>\n\t\t\t\t<\/div>\n\t\t\t\t<\/div>\n\t\t<div class=\"elementor-element elementor-element-5d811ba e-con-full e-flex e-con e-child\" data-id=\"5d811ba\" data-element_type=\"container\">\n\t\t\t\t<div class=\"elementor-element elementor-element-2a4c386 elementor-widget elementor-widget-heading\" data-id=\"2a4c386\" data-element_type=\"widget\" data-widget_type=\"heading.default\">\n\t\t\t\t<div class=\"elementor-widget-container\">\n\t\t\t<h5 class=\"elementor-heading-title elementor-size-default\">Kosten<\/h5>\t\t<\/div>\n\t\t\t\t<\/div>\n\t\t\t\t<div class=\"elementor-element elementor-element-b22b838 elementor-widget elementor-widget-heading\" data-id=\"b22b838\" data-element_type=\"widget\" data-widget_type=\"heading.default\">\n\t\t\t\t<div class=\"elementor-widget-container\">\n\t\t\t<h6 class=\"elementor-heading-title elementor-size-default\">200,- \u20ac (brutto) zzgl. Fahrtkosten<\/h6>\t\t<\/div>\n\t\t\t\t<\/div>\n\t\t\t\t<\/div>\n\t\t<div class=\"elementor-element elementor-element-0a625b2 e-con-full e-flex e-con e-child\" data-id=\"0a625b2\" data-element_type=\"container\">\n\t\t\t\t<\/div>\n\t\t<div class=\"elementor-element elementor-element-c0589af e-con-full e-flex e-con e-child\" data-id=\"c0589af\" data-element_type=\"container\">\n\t\t\t\t<\/div>\n\t\t\t\t<\/div>\n\t\t\t\t<\/div>\n\t\t","protected":false},"excerpt":{"rendered":"<p>IST DAS noch WITZIG!?! Information\/ Inhalt Wie weit kann ich gehen? Wo sind die Grenzen eines Witzes? Wof\u00fcr bin ich verantwortlich? Wer bestimmt, was erlaubt ist und was bestraft wird? &#8230;<\/p>\n","protected":false},"author":1,"featured_media":0,"parent":0,"menu_order":0,"comment_status":"closed","ping_status":"closed","template":"","meta":{"footnotes":""},"class_list":["post-319","page","type-page","status-publish","hentry"],"yoast_head":"<!-- This site is optimized with the Yoast SEO plugin v24.1 - https:\/\/yoast.com\/wordpress\/plugins\/seo\/ -->\n<title>ist_das_noch_witzig - WERTE !M BLICK<\/title>\n<meta name=\"robots\" content=\"index, follow, max-snippet:-1, max-image-preview:large, max-video-preview:-1\" \/>\n<link rel=\"canonical\" href=\"https:\/\/www.werte-im-blick.de\/wordpress\/?page_id=319\" \/>\n<meta property=\"og:locale\" content=\"de_DE\" \/>\n<meta property=\"og:type\" content=\"article\" \/>\n<meta property=\"og:title\" content=\"ist_das_noch_witzig - WERTE !M BLICK\" \/>\n<meta property=\"og:description\" content=\"IST DAS noch WITZIG!?! Information\/ Inhalt Wie weit kann ich gehen? Wo sind die Grenzen eines Witzes? Wof\u00fcr bin ich verantwortlich? Wer bestimmt, was erlaubt ist und was bestraft wird? ...\" \/>\n<meta property=\"og:url\" content=\"https:\/\/www.werte-im-blick.de\/wordpress\/?page_id=319\" \/>\n<meta property=\"og:site_name\" content=\"WERTE !M BLICK\" \/>\n<meta property=\"article:modified_time\" content=\"2025-09-22T09:35:47+00:00\" \/>\n<meta property=\"og:image\" content=\"https:\/\/www.werte-im-blick.de\/wordpress\/wp-content\/uploads\/2025\/09\/05_noch-witzig-1024x1024.jpg\" \/>\n\t<meta property=\"og:image:width\" content=\"1024\" \/>\n\t<meta property=\"og:image:height\" content=\"1024\" \/>\n\t<meta property=\"og:image:type\" content=\"image\/jpeg\" \/>\n<meta name=\"twitter:card\" content=\"summary_large_image\" \/>\n<meta name=\"twitter:label1\" content=\"Gesch\u00e4tzte Lesezeit\" \/>\n\t<meta name=\"twitter:data1\" content=\"3\u00a0Minuten\" \/>\n<script type=\"application\/ld+json\" class=\"yoast-schema-graph\">{\"@context\":\"https:\/\/schema.org\",\"@graph\":[{\"@type\":\"WebPage\",\"@id\":\"https:\/\/www.werte-im-blick.de\/wordpress\/?page_id=319\",\"url\":\"https:\/\/www.werte-im-blick.de\/wordpress\/?page_id=319\",\"name\":\"ist_das_noch_witzig - WERTE !M BLICK\",\"isPartOf\":{\"@id\":\"https:\/\/www.werte-im-blick.de\/wordpress\/#website\"},\"primaryImageOfPage\":{\"@id\":\"https:\/\/www.werte-im-blick.de\/wordpress\/?page_id=319#primaryimage\"},\"image\":{\"@id\":\"https:\/\/www.werte-im-blick.de\/wordpress\/?page_id=319#primaryimage\"},\"thumbnailUrl\":\"https:\/\/www.werte-im-blick.de\/wordpress\/wp-content\/uploads\/2025\/09\/05_noch-witzig-150x150.jpg\",\"datePublished\":\"2025-01-02T21:17:07+00:00\",\"dateModified\":\"2025-09-22T09:35:47+00:00\",\"breadcrumb\":{\"@id\":\"https:\/\/www.werte-im-blick.de\/wordpress\/?page_id=319#breadcrumb\"},\"inLanguage\":\"de\",\"potentialAction\":[{\"@type\":\"ReadAction\",\"target\":[\"https:\/\/www.werte-im-blick.de\/wordpress\/?page_id=319\"]}]},{\"@type\":\"ImageObject\",\"inLanguage\":\"de\",\"@id\":\"https:\/\/www.werte-im-blick.de\/wordpress\/?page_id=319#primaryimage\",\"url\":\"https:\/\/www.werte-im-blick.de\/wordpress\/wp-content\/uploads\/2025\/09\/05_noch-witzig.jpg\",\"contentUrl\":\"https:\/\/www.werte-im-blick.de\/wordpress\/wp-content\/uploads\/2025\/09\/05_noch-witzig.jpg\",\"width\":1535,\"height\":1535},{\"@type\":\"BreadcrumbList\",\"@id\":\"https:\/\/www.werte-im-blick.de\/wordpress\/?page_id=319#breadcrumb\",\"itemListElement\":[{\"@type\":\"ListItem\",\"position\":1,\"name\":\"Startseite\",\"item\":\"https:\/\/www.werte-im-blick.de\/wordpress\/\"},{\"@type\":\"ListItem\",\"position\":2,\"name\":\"ist_das_noch_witzig\"}]},{\"@type\":\"WebSite\",\"@id\":\"https:\/\/www.werte-im-blick.de\/wordpress\/#website\",\"url\":\"https:\/\/www.werte-im-blick.de\/wordpress\/\",\"name\":\"WERTE !M BLICK\",\"description\":\"\",\"publisher\":{\"@id\":\"https:\/\/www.werte-im-blick.de\/wordpress\/#organization\"},\"potentialAction\":[{\"@type\":\"SearchAction\",\"target\":{\"@type\":\"EntryPoint\",\"urlTemplate\":\"https:\/\/www.werte-im-blick.de\/wordpress\/?s={search_term_string}\"},\"query-input\":{\"@type\":\"PropertyValueSpecification\",\"valueRequired\":true,\"valueName\":\"search_term_string\"}}],\"inLanguage\":\"de\"},{\"@type\":\"Organization\",\"@id\":\"https:\/\/www.werte-im-blick.de\/wordpress\/#organization\",\"name\":\"WERTE !M BLICK\",\"url\":\"https:\/\/www.werte-im-blick.de\/wordpress\/\",\"logo\":{\"@type\":\"ImageObject\",\"inLanguage\":\"de\",\"@id\":\"https:\/\/www.werte-im-blick.de\/wordpress\/#\/schema\/logo\/image\/\",\"url\":\"https:\/\/www.werte-im-blick.de\/wordpress\/wp-content\/uploads\/2024\/12\/cropped-werte_im_blick_logo_website.png\",\"contentUrl\":\"https:\/\/www.werte-im-blick.de\/wordpress\/wp-content\/uploads\/2024\/12\/cropped-werte_im_blick_logo_website.png\",\"width\":329,\"height\":100,\"caption\":\"WERTE !M BLICK\"},\"image\":{\"@id\":\"https:\/\/www.werte-im-blick.de\/wordpress\/#\/schema\/logo\/image\/\"}}]}<\/script>\n<!-- \/ Yoast SEO plugin. -->","yoast_head_json":{"title":"ist_das_noch_witzig - WERTE !M BLICK","robots":{"index":"index","follow":"follow","max-snippet":"max-snippet:-1","max-image-preview":"max-image-preview:large","max-video-preview":"max-video-preview:-1"},"canonical":"https:\/\/www.werte-im-blick.de\/wordpress\/?page_id=319","og_locale":"de_DE","og_type":"article","og_title":"ist_das_noch_witzig - WERTE !M BLICK","og_description":"IST DAS noch WITZIG!?! Information\/ Inhalt Wie weit kann ich gehen? Wo sind die Grenzen eines Witzes? Wof\u00fcr bin ich verantwortlich? Wer bestimmt, was erlaubt ist und was bestraft wird? ...","og_url":"https:\/\/www.werte-im-blick.de\/wordpress\/?page_id=319","og_site_name":"WERTE !M BLICK","article_modified_time":"2025-09-22T09:35:47+00:00","og_image":[{"width":1024,"height":1024,"url":"https:\/\/www.werte-im-blick.de\/wordpress\/wp-content\/uploads\/2025\/09\/05_noch-witzig-1024x1024.jpg","type":"image\/jpeg"}],"twitter_card":"summary_large_image","twitter_misc":{"Gesch\u00e4tzte Lesezeit":"3\u00a0Minuten"},"schema":{"@context":"https:\/\/schema.org","@graph":[{"@type":"WebPage","@id":"https:\/\/www.werte-im-blick.de\/wordpress\/?page_id=319","url":"https:\/\/www.werte-im-blick.de\/wordpress\/?page_id=319","name":"ist_das_noch_witzig - WERTE !M BLICK","isPartOf":{"@id":"https:\/\/www.werte-im-blick.de\/wordpress\/#website"},"primaryImageOfPage":{"@id":"https:\/\/www.werte-im-blick.de\/wordpress\/?page_id=319#primaryimage"},"image":{"@id":"https:\/\/www.werte-im-blick.de\/wordpress\/?page_id=319#primaryimage"},"thumbnailUrl":"https:\/\/www.werte-im-blick.de\/wordpress\/wp-content\/uploads\/2025\/09\/05_noch-witzig-150x150.jpg","datePublished":"2025-01-02T21:17:07+00:00","dateModified":"2025-09-22T09:35:47+00:00","breadcrumb":{"@id":"https:\/\/www.werte-im-blick.de\/wordpress\/?page_id=319#breadcrumb"},"inLanguage":"de","potentialAction":[{"@type":"ReadAction","target":["https:\/\/www.werte-im-blick.de\/wordpress\/?page_id=319"]}]},{"@type":"ImageObject","inLanguage":"de","@id":"https:\/\/www.werte-im-blick.de\/wordpress\/?page_id=319#primaryimage","url":"https:\/\/www.werte-im-blick.de\/wordpress\/wp-content\/uploads\/2025\/09\/05_noch-witzig.jpg","contentUrl":"https:\/\/www.werte-im-blick.de\/wordpress\/wp-content\/uploads\/2025\/09\/05_noch-witzig.jpg","width":1535,"height":1535},{"@type":"BreadcrumbList","@id":"https:\/\/www.werte-im-blick.de\/wordpress\/?page_id=319#breadcrumb","itemListElement":[{"@type":"ListItem","position":1,"name":"Startseite","item":"https:\/\/www.werte-im-blick.de\/wordpress\/"},{"@type":"ListItem","position":2,"name":"ist_das_noch_witzig"}]},{"@type":"WebSite","@id":"https:\/\/www.werte-im-blick.de\/wordpress\/#website","url":"https:\/\/www.werte-im-blick.de\/wordpress\/","name":"WERTE !M BLICK","description":"","publisher":{"@id":"https:\/\/www.werte-im-blick.de\/wordpress\/#organization"},"potentialAction":[{"@type":"SearchAction","target":{"@type":"EntryPoint","urlTemplate":"https:\/\/www.werte-im-blick.de\/wordpress\/?s={search_term_string}"},"query-input":{"@type":"PropertyValueSpecification","valueRequired":true,"valueName":"search_term_string"}}],"inLanguage":"de"},{"@type":"Organization","@id":"https:\/\/www.werte-im-blick.de\/wordpress\/#organization","name":"WERTE !M BLICK","url":"https:\/\/www.werte-im-blick.de\/wordpress\/","logo":{"@type":"ImageObject","inLanguage":"de","@id":"https:\/\/www.werte-im-blick.de\/wordpress\/#\/schema\/logo\/image\/","url":"https:\/\/www.werte-im-blick.de\/wordpress\/wp-content\/uploads\/2024\/12\/cropped-werte_im_blick_logo_website.png","contentUrl":"https:\/\/www.werte-im-blick.de\/wordpress\/wp-content\/uploads\/2024\/12\/cropped-werte_im_blick_logo_website.png","width":329,"height":100,"caption":"WERTE !M BLICK"},"image":{"@id":"https:\/\/www.werte-im-blick.de\/wordpress\/#\/schema\/logo\/image\/"}}]}},"_links":{"self":[{"href":"https:\/\/www.werte-im-blick.de\/wordpress\/index.php?rest_route=\/wp\/v2\/pages\/319","targetHints":{"allow":["GET"]}}],"collection":[{"href":"https:\/\/www.werte-im-blick.de\/wordpress\/index.php?rest_route=\/wp\/v2\/pages"}],"about":[{"href":"https:\/\/www.werte-im-blick.de\/wordpress\/index.php?rest_route=\/wp\/v2\/types\/page"}],"author":[{"embeddable":true,"href":"https:\/\/www.werte-im-blick.de\/wordpress\/index.php?rest_route=\/wp\/v2\/users\/1"}],"replies":[{"embeddable":true,"href":"https:\/\/www.werte-im-blick.de\/wordpress\/index.php?rest_route=%2Fwp%2Fv2%2Fcomments&post=319"}],"version-history":[{"count":16,"href":"https:\/\/www.werte-im-blick.de\/wordpress\/index.php?rest_route=\/wp\/v2\/pages\/319\/revisions"}],"predecessor-version":[{"id":1377,"href":"https:\/\/www.werte-im-blick.de\/wordpress\/index.php?rest_route=\/wp\/v2\/pages\/319\/revisions\/1377"}],"wp:attachment":[{"href":"https:\/\/www.werte-im-blick.de\/wordpress\/index.php?rest_route=%2Fwp%2Fv2%2Fmedia&parent=319"}],"curies":[{"name":"wp","href":"https:\/\/api.w.org\/{rel}","templated":true}]}}