{"id":486,"date":"2025-01-03T22:19:02","date_gmt":"2025-01-03T22:19:02","guid":{"rendered":"https:\/\/www.werte-im-blick.de\/wordpress\/?page_id=486"},"modified":"2025-01-08T08:37:20","modified_gmt":"2025-01-08T08:37:20","slug":"systhemische_beratung_was_ist_das","status":"publish","type":"page","link":"https:\/\/www.werte-im-blick.de\/wordpress\/?page_id=486","title":{"rendered":"systemische_beratung_was_ist_das"},"content":{"rendered":"\t\t<div data-elementor-type=\"wp-page\" data-elementor-id=\"486\" class=\"elementor elementor-486\">\n\t\t\t\t<div class=\"elementor-element elementor-element-21d338f5 e-con-full e-flex e-con e-parent\" data-id=\"21d338f5\" data-element_type=\"container\">\n\t\t<div class=\"elementor-element elementor-element-54249578 e-con-full e-flex e-con e-child\" data-id=\"54249578\" data-element_type=\"container\">\n\t\t\t\t<div class=\"elementor-element elementor-element-6b95175b elementor-widget elementor-widget-heading\" data-id=\"6b95175b\" data-element_type=\"widget\" data-widget_type=\"heading.default\">\n\t\t\t\t<div class=\"elementor-widget-container\">\n\t\t\t<h2 class=\"elementor-heading-title elementor-size-default\">Systemische Beratung\n- was ist das?<\/h2>\t\t<\/div>\n\t\t\t\t<\/div>\n\t\t\t\t<\/div>\n\t\t<div class=\"elementor-element elementor-element-2747fe50 e-con-full e-flex e-con e-child\" data-id=\"2747fe50\" data-element_type=\"container\">\n\t\t\t\t<div class=\"elementor-element elementor-element-2b93c597 elementor-widget elementor-widget-text-editor\" data-id=\"2b93c597\" data-element_type=\"widget\" data-widget_type=\"text-editor.default\">\n\t\t\t\t<div class=\"elementor-widget-container\">\n\t\t\t\t\t\t\t<p class=\"p1\">Systemische Beratung nimmt die Herausforderungen, mit denen die Kund:innen konfrontiert sind, im Kontext von deren Beziehungen und sozialen Umfeld in den Blick. Also nicht isoliert, sondern immer im Zusammenhang mit der Umwelt \/ dem System in dem die Beratung suchenden Personen agieren. <br \/>Die Grundannahme ist dabei, dass die L\u00f6sung in diesem System liegt, also bei den Kund:innen selbst. Denn diese sind als einzige ihres Problems oder ihrer Herausforderung kundig. Es wird also mit den zur Verf\u00fcgung stehenden Ressourcen, Erfahrungen und Kompetenzen der Beratung suchenden Person gearbeitet. <br \/>Wesentlich ist dabei die Haltung und <a href=\"https:\/\/www.werte-im-blick.de\/wordpress\/?page_id=502\">Rolle des systemischen Beraters<\/a>, die gepr\u00e4gt ist von Wertsch\u00e4tzung, Neutralit\u00e4t und einf\u00fchlsamer Neugier. Statt Probleme in den Mittelpunkt der Gespr\u00e4che zu stellen, geht es darum, auch in schwierigen Situationen, umgehend M\u00f6glichkeiten und L\u00f6sungsoptionen in den Blick zu nehmen. Dabei wird sich unterschiedlicher Techniken bedient, die dabei unterst\u00fctzen, anderer Perspektiven einzunehmen und auszuprobieren und hierdurch den Handlunsspielraum zu erweitern.<br \/>Dieses neue Bewusstsein eines gr\u00f6\u00dferen Raums f\u00fcr Optionen erh\u00f6ht die Wahlm\u00f6glichkeiten und sorgt f\u00fcr bessere Bedingungen f\u00fcr Ver\u00e4nderungen.<\/p>\t\t\t\t\t\t<\/div>\n\t\t\t\t<\/div>\n\t\t\t\t<\/div>\n\t\t<div class=\"elementor-element elementor-element-22879d16 e-con-full e-flex e-con e-child\" data-id=\"22879d16\" data-element_type=\"container\">\n\t\t\t\t<\/div>\n\t\t<div class=\"elementor-element elementor-element-4731016d e-con-full e-flex e-con e-child\" data-id=\"4731016d\" data-element_type=\"container\">\n\t\t\t\t<\/div>\n\t\t<div class=\"elementor-element elementor-element-3c3a5722 e-con-full e-flex e-con e-child\" data-id=\"3c3a5722\" data-element_type=\"container\">\n\t\t\t\t<\/div>\n\t\t\t\t<\/div>\n\t\t\t\t<\/div>\n\t\t","protected":false},"excerpt":{"rendered":"<p>Systemische Beratung &#8211; was ist das? Systemische Beratung nimmt die Herausforderungen, mit denen die Kund:innen konfrontiert sind, im Kontext von deren Beziehungen und sozialen Umfeld in den Blick. Also nicht &#8230;<\/p>\n","protected":false},"author":1,"featured_media":0,"parent":0,"menu_order":0,"comment_status":"closed","ping_status":"closed","template":"","meta":{"footnotes":""},"class_list":["post-486","page","type-page","status-publish","hentry"],"yoast_head":"<!-- This site is optimized with the Yoast SEO plugin v24.1 - https:\/\/yoast.com\/wordpress\/plugins\/seo\/ -->\n<title>systemische_beratung_was_ist_das - WERTE !M BLICK % systemische Beratung<\/title>\n<meta name=\"description\" content=\"Systemische Beratung ist als Methode oftmals unbekannt und wird oft mit Therapie oder \u00c4hnlichem verwechselt und wird daher hier eingeordnet.\" \/>\n<meta name=\"robots\" content=\"index, follow, max-snippet:-1, max-image-preview:large, max-video-preview:-1\" \/>\n<link rel=\"canonical\" href=\"https:\/\/www.werte-im-blick.de\/wordpress\/?page_id=486\" \/>\n<meta property=\"og:locale\" content=\"de_DE\" \/>\n<meta property=\"og:type\" content=\"article\" \/>\n<meta property=\"og:title\" content=\"systemische_beratung_was_ist_das - WERTE !M BLICK % systemische Beratung\" \/>\n<meta property=\"og:description\" content=\"Systemische Beratung ist als Methode oftmals unbekannt und wird oft mit Therapie oder \u00c4hnlichem verwechselt und wird daher hier eingeordnet.\" \/>\n<meta property=\"og:url\" content=\"https:\/\/www.werte-im-blick.de\/wordpress\/?page_id=486\" \/>\n<meta property=\"og:site_name\" content=\"WERTE !M BLICK\" \/>\n<meta property=\"article:modified_time\" content=\"2025-01-08T08:37:20+00:00\" \/>\n<meta name=\"twitter:card\" content=\"summary_large_image\" \/>\n<meta name=\"twitter:label1\" content=\"Gesch\u00e4tzte Lesezeit\" \/>\n\t<meta name=\"twitter:data1\" content=\"1\u00a0Minute\" \/>\n<script type=\"application\/ld+json\" class=\"yoast-schema-graph\">{\"@context\":\"https:\/\/schema.org\",\"@graph\":[{\"@type\":\"WebPage\",\"@id\":\"https:\/\/www.werte-im-blick.de\/wordpress\/?page_id=486\",\"url\":\"https:\/\/www.werte-im-blick.de\/wordpress\/?page_id=486\",\"name\":\"systemische_beratung_was_ist_das - WERTE !M BLICK % systemische Beratung\",\"isPartOf\":{\"@id\":\"https:\/\/www.werte-im-blick.de\/wordpress\/#website\"},\"datePublished\":\"2025-01-03T22:19:02+00:00\",\"dateModified\":\"2025-01-08T08:37:20+00:00\",\"description\":\"Systemische Beratung ist als Methode oftmals unbekannt und wird oft mit Therapie oder \u00c4hnlichem verwechselt und wird daher hier eingeordnet.\",\"breadcrumb\":{\"@id\":\"https:\/\/www.werte-im-blick.de\/wordpress\/?page_id=486#breadcrumb\"},\"inLanguage\":\"de\",\"potentialAction\":[{\"@type\":\"ReadAction\",\"target\":[\"https:\/\/www.werte-im-blick.de\/wordpress\/?page_id=486\"]}]},{\"@type\":\"BreadcrumbList\",\"@id\":\"https:\/\/www.werte-im-blick.de\/wordpress\/?page_id=486#breadcrumb\",\"itemListElement\":[{\"@type\":\"ListItem\",\"position\":1,\"name\":\"Startseite\",\"item\":\"https:\/\/www.werte-im-blick.de\/wordpress\/\"},{\"@type\":\"ListItem\",\"position\":2,\"name\":\"systemische_beratung_was_ist_das\"}]},{\"@type\":\"WebSite\",\"@id\":\"https:\/\/www.werte-im-blick.de\/wordpress\/#website\",\"url\":\"https:\/\/www.werte-im-blick.de\/wordpress\/\",\"name\":\"WERTE !M BLICK\",\"description\":\"\",\"publisher\":{\"@id\":\"https:\/\/www.werte-im-blick.de\/wordpress\/#organization\"},\"potentialAction\":[{\"@type\":\"SearchAction\",\"target\":{\"@type\":\"EntryPoint\",\"urlTemplate\":\"https:\/\/www.werte-im-blick.de\/wordpress\/?s={search_term_string}\"},\"query-input\":{\"@type\":\"PropertyValueSpecification\",\"valueRequired\":true,\"valueName\":\"search_term_string\"}}],\"inLanguage\":\"de\"},{\"@type\":\"Organization\",\"@id\":\"https:\/\/www.werte-im-blick.de\/wordpress\/#organization\",\"name\":\"WERTE !M BLICK\",\"url\":\"https:\/\/www.werte-im-blick.de\/wordpress\/\",\"logo\":{\"@type\":\"ImageObject\",\"inLanguage\":\"de\",\"@id\":\"https:\/\/www.werte-im-blick.de\/wordpress\/#\/schema\/logo\/image\/\",\"url\":\"https:\/\/www.werte-im-blick.de\/wordpress\/wp-content\/uploads\/2024\/12\/cropped-werte_im_blick_logo_website.png\",\"contentUrl\":\"https:\/\/www.werte-im-blick.de\/wordpress\/wp-content\/uploads\/2024\/12\/cropped-werte_im_blick_logo_website.png\",\"width\":329,\"height\":100,\"caption\":\"WERTE !M BLICK\"},\"image\":{\"@id\":\"https:\/\/www.werte-im-blick.de\/wordpress\/#\/schema\/logo\/image\/\"}}]}<\/script>\n<!-- \/ Yoast SEO plugin. -->","yoast_head_json":{"title":"systemische_beratung_was_ist_das - WERTE !M BLICK % systemische Beratung","description":"Systemische Beratung ist als Methode oftmals unbekannt und wird oft mit Therapie oder \u00c4hnlichem verwechselt und wird daher hier eingeordnet.","robots":{"index":"index","follow":"follow","max-snippet":"max-snippet:-1","max-image-preview":"max-image-preview:large","max-video-preview":"max-video-preview:-1"},"canonical":"https:\/\/www.werte-im-blick.de\/wordpress\/?page_id=486","og_locale":"de_DE","og_type":"article","og_title":"systemische_beratung_was_ist_das - WERTE !M BLICK % systemische Beratung","og_description":"Systemische Beratung ist als Methode oftmals unbekannt und wird oft mit Therapie oder \u00c4hnlichem verwechselt und wird daher hier eingeordnet.","og_url":"https:\/\/www.werte-im-blick.de\/wordpress\/?page_id=486","og_site_name":"WERTE !M BLICK","article_modified_time":"2025-01-08T08:37:20+00:00","twitter_card":"summary_large_image","twitter_misc":{"Gesch\u00e4tzte Lesezeit":"1\u00a0Minute"},"schema":{"@context":"https:\/\/schema.org","@graph":[{"@type":"WebPage","@id":"https:\/\/www.werte-im-blick.de\/wordpress\/?page_id=486","url":"https:\/\/www.werte-im-blick.de\/wordpress\/?page_id=486","name":"systemische_beratung_was_ist_das - WERTE !M BLICK % systemische Beratung","isPartOf":{"@id":"https:\/\/www.werte-im-blick.de\/wordpress\/#website"},"datePublished":"2025-01-03T22:19:02+00:00","dateModified":"2025-01-08T08:37:20+00:00","description":"Systemische Beratung ist als Methode oftmals unbekannt und wird oft mit Therapie oder \u00c4hnlichem verwechselt und wird daher hier eingeordnet.","breadcrumb":{"@id":"https:\/\/www.werte-im-blick.de\/wordpress\/?page_id=486#breadcrumb"},"inLanguage":"de","potentialAction":[{"@type":"ReadAction","target":["https:\/\/www.werte-im-blick.de\/wordpress\/?page_id=486"]}]},{"@type":"BreadcrumbList","@id":"https:\/\/www.werte-im-blick.de\/wordpress\/?page_id=486#breadcrumb","itemListElement":[{"@type":"ListItem","position":1,"name":"Startseite","item":"https:\/\/www.werte-im-blick.de\/wordpress\/"},{"@type":"ListItem","position":2,"name":"systemische_beratung_was_ist_das"}]},{"@type":"WebSite","@id":"https:\/\/www.werte-im-blick.de\/wordpress\/#website","url":"https:\/\/www.werte-im-blick.de\/wordpress\/","name":"WERTE !M BLICK","description":"","publisher":{"@id":"https:\/\/www.werte-im-blick.de\/wordpress\/#organization"},"potentialAction":[{"@type":"SearchAction","target":{"@type":"EntryPoint","urlTemplate":"https:\/\/www.werte-im-blick.de\/wordpress\/?s={search_term_string}"},"query-input":{"@type":"PropertyValueSpecification","valueRequired":true,"valueName":"search_term_string"}}],"inLanguage":"de"},{"@type":"Organization","@id":"https:\/\/www.werte-im-blick.de\/wordpress\/#organization","name":"WERTE !M BLICK","url":"https:\/\/www.werte-im-blick.de\/wordpress\/","logo":{"@type":"ImageObject","inLanguage":"de","@id":"https:\/\/www.werte-im-blick.de\/wordpress\/#\/schema\/logo\/image\/","url":"https:\/\/www.werte-im-blick.de\/wordpress\/wp-content\/uploads\/2024\/12\/cropped-werte_im_blick_logo_website.png","contentUrl":"https:\/\/www.werte-im-blick.de\/wordpress\/wp-content\/uploads\/2024\/12\/cropped-werte_im_blick_logo_website.png","width":329,"height":100,"caption":"WERTE !M BLICK"},"image":{"@id":"https:\/\/www.werte-im-blick.de\/wordpress\/#\/schema\/logo\/image\/"}}]}},"_links":{"self":[{"href":"https:\/\/www.werte-im-blick.de\/wordpress\/index.php?rest_route=\/wp\/v2\/pages\/486","targetHints":{"allow":["GET"]}}],"collection":[{"href":"https:\/\/www.werte-im-blick.de\/wordpress\/index.php?rest_route=\/wp\/v2\/pages"}],"about":[{"href":"https:\/\/www.werte-im-blick.de\/wordpress\/index.php?rest_route=\/wp\/v2\/types\/page"}],"author":[{"embeddable":true,"href":"https:\/\/www.werte-im-blick.de\/wordpress\/index.php?rest_route=\/wp\/v2\/users\/1"}],"replies":[{"embeddable":true,"href":"https:\/\/www.werte-im-blick.de\/wordpress\/index.php?rest_route=%2Fwp%2Fv2%2Fcomments&post=486"}],"version-history":[{"count":11,"href":"https:\/\/www.werte-im-blick.de\/wordpress\/index.php?rest_route=\/wp\/v2\/pages\/486\/revisions"}],"predecessor-version":[{"id":990,"href":"https:\/\/www.werte-im-blick.de\/wordpress\/index.php?rest_route=\/wp\/v2\/pages\/486\/revisions\/990"}],"wp:attachment":[{"href":"https:\/\/www.werte-im-blick.de\/wordpress\/index.php?rest_route=%2Fwp%2Fv2%2Fmedia&parent=486"}],"curies":[{"name":"wp","href":"https:\/\/api.w.org\/{rel}","templated":true}]}}