{"id":492,"date":"2025-01-03T22:21:12","date_gmt":"2025-01-03T22:21:12","guid":{"rendered":"https:\/\/www.werte-im-blick.de\/wordpress\/?page_id=492"},"modified":"2025-01-03T23:31:58","modified_gmt":"2025-01-03T23:31:58","slug":"ziel_der_systemischen_beratung","status":"publish","type":"page","link":"https:\/\/www.werte-im-blick.de\/wordpress\/?page_id=492","title":{"rendered":"ziel_der_systemischen_beratung"},"content":{"rendered":"\t\t<div data-elementor-type=\"wp-page\" data-elementor-id=\"492\" class=\"elementor elementor-492\">\n\t\t\t\t<div class=\"elementor-element elementor-element-689e486e e-con-full e-flex e-con e-parent\" data-id=\"689e486e\" data-element_type=\"container\">\n\t\t<div class=\"elementor-element elementor-element-4dfd35d6 e-con-full e-flex e-con e-child\" data-id=\"4dfd35d6\" data-element_type=\"container\">\n\t\t\t\t<div class=\"elementor-element elementor-element-56d65870 elementor-widget elementor-widget-heading\" data-id=\"56d65870\" data-element_type=\"widget\" data-widget_type=\"heading.default\">\n\t\t\t\t<div class=\"elementor-widget-container\">\n\t\t\t<h2 class=\"elementor-heading-title elementor-size-default\">Ziel der systemischen Beratung<\/h2>\t\t<\/div>\n\t\t\t\t<\/div>\n\t\t\t\t<\/div>\n\t\t<div class=\"elementor-element elementor-element-6e6afdbc e-con-full e-flex e-con e-child\" data-id=\"6e6afdbc\" data-element_type=\"container\">\n\t\t\t\t<div class=\"elementor-element elementor-element-23956539 elementor-widget elementor-widget-text-editor\" data-id=\"23956539\" data-element_type=\"widget\" data-widget_type=\"text-editor.default\">\n\t\t\t\t<div class=\"elementor-widget-container\">\n\t\t\t\t\t\t\t<p class=\"p1\">Ziel der systemischen Beratung ist es, die pers\u00f6nlichen Kompetenzen der Kund:innen im Gespr\u00e4ch gemeinsam herauszuarbeiten und im jeweiligen Kontext (beruflich\/privat) zu reflektieren. Dabei sollen hinderliche Strukturen, die als einengend erkannt werden zugunsten neuer- oder wieder entdeckter Muster und M\u00f6glichkeiten aufgegeben werden. Auf diese Weise werden L\u00f6sungen f\u00fcr Probleme gefunden, die sich in und\/oder aus Beziehungen und Interaktionen ergeben.<\/p>\t\t\t\t\t\t<\/div>\n\t\t\t\t<\/div>\n\t\t\t\t<\/div>\n\t\t<div class=\"elementor-element elementor-element-1f4c7ffa e-con-full e-flex e-con e-child\" data-id=\"1f4c7ffa\" data-element_type=\"container\">\n\t\t\t\t<\/div>\n\t\t<div class=\"elementor-element elementor-element-58dc9527 e-con-full e-flex e-con e-child\" data-id=\"58dc9527\" data-element_type=\"container\">\n\t\t\t\t<\/div>\n\t\t<div class=\"elementor-element elementor-element-549937af e-con-full e-flex e-con e-child\" data-id=\"549937af\" data-element_type=\"container\">\n\t\t\t\t<\/div>\n\t\t\t\t<\/div>\n\t\t\t\t<\/div>\n\t\t","protected":false},"excerpt":{"rendered":"<p>Ziel der systemischen Beratung Ziel der systemischen Beratung ist es, die pers\u00f6nlichen Kompetenzen der Kund:innen im Gespr\u00e4ch gemeinsam herauszuarbeiten und im jeweiligen Kontext (beruflich\/privat) zu reflektieren. Dabei sollen hinderliche Strukturen, &#8230;<\/p>\n","protected":false},"author":1,"featured_media":0,"parent":0,"menu_order":0,"comment_status":"closed","ping_status":"closed","template":"","meta":{"footnotes":""},"class_list":["post-492","page","type-page","status-publish","hentry"],"yoast_head":"<!-- This site is optimized with the Yoast SEO plugin v24.1 - https:\/\/yoast.com\/wordpress\/plugins\/seo\/ -->\n<title>ziel_der_systemischen_beratung - WERTE !M BLICK<\/title>\n<meta name=\"robots\" content=\"index, follow, max-snippet:-1, max-image-preview:large, max-video-preview:-1\" \/>\n<link rel=\"canonical\" href=\"https:\/\/www.werte-im-blick.de\/wordpress\/?page_id=492\" \/>\n<meta property=\"og:locale\" content=\"de_DE\" \/>\n<meta property=\"og:type\" content=\"article\" \/>\n<meta property=\"og:title\" content=\"ziel_der_systemischen_beratung - WERTE !M BLICK\" \/>\n<meta property=\"og:description\" content=\"Ziel der systemischen Beratung Ziel der systemischen Beratung ist es, die pers\u00f6nlichen Kompetenzen der Kund:innen im Gespr\u00e4ch gemeinsam herauszuarbeiten und im jeweiligen Kontext (beruflich\/privat) zu reflektieren. Dabei sollen hinderliche Strukturen, ...\" \/>\n<meta property=\"og:url\" content=\"https:\/\/www.werte-im-blick.de\/wordpress\/?page_id=492\" \/>\n<meta property=\"og:site_name\" content=\"WERTE !M BLICK\" \/>\n<meta property=\"article:modified_time\" content=\"2025-01-03T23:31:58+00:00\" \/>\n<meta name=\"twitter:card\" content=\"summary_large_image\" \/>\n<script type=\"application\/ld+json\" class=\"yoast-schema-graph\">{\"@context\":\"https:\/\/schema.org\",\"@graph\":[{\"@type\":\"WebPage\",\"@id\":\"https:\/\/www.werte-im-blick.de\/wordpress\/?page_id=492\",\"url\":\"https:\/\/www.werte-im-blick.de\/wordpress\/?page_id=492\",\"name\":\"ziel_der_systemischen_beratung - WERTE !M BLICK\",\"isPartOf\":{\"@id\":\"https:\/\/www.werte-im-blick.de\/wordpress\/#website\"},\"datePublished\":\"2025-01-03T22:21:12+00:00\",\"dateModified\":\"2025-01-03T23:31:58+00:00\",\"breadcrumb\":{\"@id\":\"https:\/\/www.werte-im-blick.de\/wordpress\/?page_id=492#breadcrumb\"},\"inLanguage\":\"de\",\"potentialAction\":[{\"@type\":\"ReadAction\",\"target\":[\"https:\/\/www.werte-im-blick.de\/wordpress\/?page_id=492\"]}]},{\"@type\":\"BreadcrumbList\",\"@id\":\"https:\/\/www.werte-im-blick.de\/wordpress\/?page_id=492#breadcrumb\",\"itemListElement\":[{\"@type\":\"ListItem\",\"position\":1,\"name\":\"Startseite\",\"item\":\"https:\/\/www.werte-im-blick.de\/wordpress\/\"},{\"@type\":\"ListItem\",\"position\":2,\"name\":\"ziel_der_systemischen_beratung\"}]},{\"@type\":\"WebSite\",\"@id\":\"https:\/\/www.werte-im-blick.de\/wordpress\/#website\",\"url\":\"https:\/\/www.werte-im-blick.de\/wordpress\/\",\"name\":\"WERTE !M BLICK\",\"description\":\"\",\"publisher\":{\"@id\":\"https:\/\/www.werte-im-blick.de\/wordpress\/#organization\"},\"potentialAction\":[{\"@type\":\"SearchAction\",\"target\":{\"@type\":\"EntryPoint\",\"urlTemplate\":\"https:\/\/www.werte-im-blick.de\/wordpress\/?s={search_term_string}\"},\"query-input\":{\"@type\":\"PropertyValueSpecification\",\"valueRequired\":true,\"valueName\":\"search_term_string\"}}],\"inLanguage\":\"de\"},{\"@type\":\"Organization\",\"@id\":\"https:\/\/www.werte-im-blick.de\/wordpress\/#organization\",\"name\":\"WERTE !M BLICK\",\"url\":\"https:\/\/www.werte-im-blick.de\/wordpress\/\",\"logo\":{\"@type\":\"ImageObject\",\"inLanguage\":\"de\",\"@id\":\"https:\/\/www.werte-im-blick.de\/wordpress\/#\/schema\/logo\/image\/\",\"url\":\"https:\/\/www.werte-im-blick.de\/wordpress\/wp-content\/uploads\/2024\/12\/cropped-werte_im_blick_logo_website.png\",\"contentUrl\":\"https:\/\/www.werte-im-blick.de\/wordpress\/wp-content\/uploads\/2024\/12\/cropped-werte_im_blick_logo_website.png\",\"width\":329,\"height\":100,\"caption\":\"WERTE !M BLICK\"},\"image\":{\"@id\":\"https:\/\/www.werte-im-blick.de\/wordpress\/#\/schema\/logo\/image\/\"}}]}<\/script>\n<!-- \/ Yoast SEO plugin. -->","yoast_head_json":{"title":"ziel_der_systemischen_beratung - WERTE !M BLICK","robots":{"index":"index","follow":"follow","max-snippet":"max-snippet:-1","max-image-preview":"max-image-preview:large","max-video-preview":"max-video-preview:-1"},"canonical":"https:\/\/www.werte-im-blick.de\/wordpress\/?page_id=492","og_locale":"de_DE","og_type":"article","og_title":"ziel_der_systemischen_beratung - WERTE !M BLICK","og_description":"Ziel der systemischen Beratung Ziel der systemischen Beratung ist es, die pers\u00f6nlichen Kompetenzen der Kund:innen im Gespr\u00e4ch gemeinsam herauszuarbeiten und im jeweiligen Kontext (beruflich\/privat) zu reflektieren. Dabei sollen hinderliche Strukturen, ...","og_url":"https:\/\/www.werte-im-blick.de\/wordpress\/?page_id=492","og_site_name":"WERTE !M BLICK","article_modified_time":"2025-01-03T23:31:58+00:00","twitter_card":"summary_large_image","schema":{"@context":"https:\/\/schema.org","@graph":[{"@type":"WebPage","@id":"https:\/\/www.werte-im-blick.de\/wordpress\/?page_id=492","url":"https:\/\/www.werte-im-blick.de\/wordpress\/?page_id=492","name":"ziel_der_systemischen_beratung - WERTE !M BLICK","isPartOf":{"@id":"https:\/\/www.werte-im-blick.de\/wordpress\/#website"},"datePublished":"2025-01-03T22:21:12+00:00","dateModified":"2025-01-03T23:31:58+00:00","breadcrumb":{"@id":"https:\/\/www.werte-im-blick.de\/wordpress\/?page_id=492#breadcrumb"},"inLanguage":"de","potentialAction":[{"@type":"ReadAction","target":["https:\/\/www.werte-im-blick.de\/wordpress\/?page_id=492"]}]},{"@type":"BreadcrumbList","@id":"https:\/\/www.werte-im-blick.de\/wordpress\/?page_id=492#breadcrumb","itemListElement":[{"@type":"ListItem","position":1,"name":"Startseite","item":"https:\/\/www.werte-im-blick.de\/wordpress\/"},{"@type":"ListItem","position":2,"name":"ziel_der_systemischen_beratung"}]},{"@type":"WebSite","@id":"https:\/\/www.werte-im-blick.de\/wordpress\/#website","url":"https:\/\/www.werte-im-blick.de\/wordpress\/","name":"WERTE !M BLICK","description":"","publisher":{"@id":"https:\/\/www.werte-im-blick.de\/wordpress\/#organization"},"potentialAction":[{"@type":"SearchAction","target":{"@type":"EntryPoint","urlTemplate":"https:\/\/www.werte-im-blick.de\/wordpress\/?s={search_term_string}"},"query-input":{"@type":"PropertyValueSpecification","valueRequired":true,"valueName":"search_term_string"}}],"inLanguage":"de"},{"@type":"Organization","@id":"https:\/\/www.werte-im-blick.de\/wordpress\/#organization","name":"WERTE !M BLICK","url":"https:\/\/www.werte-im-blick.de\/wordpress\/","logo":{"@type":"ImageObject","inLanguage":"de","@id":"https:\/\/www.werte-im-blick.de\/wordpress\/#\/schema\/logo\/image\/","url":"https:\/\/www.werte-im-blick.de\/wordpress\/wp-content\/uploads\/2024\/12\/cropped-werte_im_blick_logo_website.png","contentUrl":"https:\/\/www.werte-im-blick.de\/wordpress\/wp-content\/uploads\/2024\/12\/cropped-werte_im_blick_logo_website.png","width":329,"height":100,"caption":"WERTE !M BLICK"},"image":{"@id":"https:\/\/www.werte-im-blick.de\/wordpress\/#\/schema\/logo\/image\/"}}]}},"_links":{"self":[{"href":"https:\/\/www.werte-im-blick.de\/wordpress\/index.php?rest_route=\/wp\/v2\/pages\/492","targetHints":{"allow":["GET"]}}],"collection":[{"href":"https:\/\/www.werte-im-blick.de\/wordpress\/index.php?rest_route=\/wp\/v2\/pages"}],"about":[{"href":"https:\/\/www.werte-im-blick.de\/wordpress\/index.php?rest_route=\/wp\/v2\/types\/page"}],"author":[{"embeddable":true,"href":"https:\/\/www.werte-im-blick.de\/wordpress\/index.php?rest_route=\/wp\/v2\/users\/1"}],"replies":[{"embeddable":true,"href":"https:\/\/www.werte-im-blick.de\/wordpress\/index.php?rest_route=%2Fwp%2Fv2%2Fcomments&post=492"}],"version-history":[{"count":7,"href":"https:\/\/www.werte-im-blick.de\/wordpress\/index.php?rest_route=\/wp\/v2\/pages\/492\/revisions"}],"predecessor-version":[{"id":547,"href":"https:\/\/www.werte-im-blick.de\/wordpress\/index.php?rest_route=\/wp\/v2\/pages\/492\/revisions\/547"}],"wp:attachment":[{"href":"https:\/\/www.werte-im-blick.de\/wordpress\/index.php?rest_route=%2Fwp%2Fv2%2Fmedia&parent=492"}],"curies":[{"name":"wp","href":"https:\/\/api.w.org\/{rel}","templated":true}]}}