{"id":502,"date":"2025-01-03T22:38:08","date_gmt":"2025-01-03T22:38:08","guid":{"rendered":"https:\/\/www.werte-im-blick.de\/wordpress\/?page_id=502"},"modified":"2025-01-08T21:59:17","modified_gmt":"2025-01-08T21:59:17","slug":"rolle_systemischen_beraters","status":"publish","type":"page","link":"https:\/\/www.werte-im-blick.de\/wordpress\/?page_id=502","title":{"rendered":"rolle_systemischen_beraters"},"content":{"rendered":"\t\t<div data-elementor-type=\"wp-page\" data-elementor-id=\"502\" class=\"elementor elementor-502\">\n\t\t\t\t<div class=\"elementor-element elementor-element-659f65f7 e-con-full e-flex e-con e-parent\" data-id=\"659f65f7\" data-element_type=\"container\">\n\t\t<div class=\"elementor-element elementor-element-28c7b789 e-con-full e-flex e-con e-child\" data-id=\"28c7b789\" data-element_type=\"container\">\n\t\t\t\t<div class=\"elementor-element elementor-element-475c22d5 elementor-widget elementor-widget-heading\" data-id=\"475c22d5\" data-element_type=\"widget\" data-widget_type=\"heading.default\">\n\t\t\t\t<div class=\"elementor-widget-container\">\n\t\t\t<h2 class=\"elementor-heading-title elementor-size-default\">Rolle des systemischen Beraters<\/h2>\t\t<\/div>\n\t\t\t\t<\/div>\n\t\t\t\t<\/div>\n\t\t<div class=\"elementor-element elementor-element-4008f531 e-con-full e-flex e-con e-child\" data-id=\"4008f531\" data-element_type=\"container\">\n\t\t\t\t<div class=\"elementor-element elementor-element-59f7d2a0 elementor-widget elementor-widget-text-editor\" data-id=\"59f7d2a0\" data-element_type=\"widget\" data-widget_type=\"text-editor.default\">\n\t\t\t\t<div class=\"elementor-widget-container\">\n\t\t\t\t\t\t\t<p class=\"p1\">Der systemische Berater organisiert einen Prozess, in dem die Kund:innen ihre jeweilige Situation eigenst\u00e4ndig in den Blick nehmen. Es werden vom Berater keine L\u00f6sungen pr\u00e4sentiert. Der Berater tritt nicht als Experte sondern als Fragenstellender auf und bringt die Kund:innen dazu, ihre eigenen, individuellen L\u00f6sungen auf Grundlage ihrer zur Verf\u00fcgung stehenden Ressourcen zu finden. Hierbei werden sie vom Berater unterst\u00fctzt, solche neuen Perspektiven und Verhaltensmuster einzunehmen und zu entwickeln, die in der angestrebten Ver\u00e4nderung hilfreich und zielf\u00fchrend sind.<\/p>\t\t\t\t\t\t<\/div>\n\t\t\t\t<\/div>\n\t\t\t\t<\/div>\n\t\t\t\t<\/div>\n\t\t\t\t<\/div>\n\t\t","protected":false},"excerpt":{"rendered":"<p>Rolle des systemischen Beraters Der systemische Berater organisiert einen Prozess, in dem die Kund:innen ihre jeweilige Situation eigenst\u00e4ndig in den Blick nehmen. Es werden vom Berater keine L\u00f6sungen pr\u00e4sentiert. Der &#8230;<\/p>\n","protected":false},"author":1,"featured_media":0,"parent":0,"menu_order":0,"comment_status":"closed","ping_status":"closed","template":"","meta":{"footnotes":""},"class_list":["post-502","page","type-page","status-publish","hentry"],"yoast_head":"<!-- This site is optimized with the Yoast SEO plugin v24.1 - https:\/\/yoast.com\/wordpress\/plugins\/seo\/ -->\n<title>rolle_systemischen_beraters - WERTE !M BLICK<\/title>\n<meta name=\"robots\" content=\"index, follow, max-snippet:-1, max-image-preview:large, max-video-preview:-1\" \/>\n<link rel=\"canonical\" href=\"https:\/\/www.werte-im-blick.de\/wordpress\/?page_id=502\" \/>\n<meta property=\"og:locale\" content=\"de_DE\" \/>\n<meta property=\"og:type\" content=\"article\" \/>\n<meta property=\"og:title\" content=\"rolle_systemischen_beraters - WERTE !M BLICK\" \/>\n<meta property=\"og:description\" content=\"Rolle des systemischen Beraters Der systemische Berater organisiert einen Prozess, in dem die Kund:innen ihre jeweilige Situation eigenst\u00e4ndig in den Blick nehmen. Es werden vom Berater keine L\u00f6sungen pr\u00e4sentiert. Der ...\" \/>\n<meta property=\"og:url\" content=\"https:\/\/www.werte-im-blick.de\/wordpress\/?page_id=502\" \/>\n<meta property=\"og:site_name\" content=\"WERTE !M BLICK\" \/>\n<meta property=\"article:modified_time\" content=\"2025-01-08T21:59:17+00:00\" \/>\n<meta name=\"twitter:card\" content=\"summary_large_image\" \/>\n<meta name=\"twitter:label1\" content=\"Gesch\u00e4tzte Lesezeit\" \/>\n\t<meta name=\"twitter:data1\" content=\"1\u00a0Minute\" \/>\n<script type=\"application\/ld+json\" class=\"yoast-schema-graph\">{\"@context\":\"https:\/\/schema.org\",\"@graph\":[{\"@type\":\"WebPage\",\"@id\":\"https:\/\/www.werte-im-blick.de\/wordpress\/?page_id=502\",\"url\":\"https:\/\/www.werte-im-blick.de\/wordpress\/?page_id=502\",\"name\":\"rolle_systemischen_beraters - WERTE !M BLICK\",\"isPartOf\":{\"@id\":\"https:\/\/www.werte-im-blick.de\/wordpress\/#website\"},\"datePublished\":\"2025-01-03T22:38:08+00:00\",\"dateModified\":\"2025-01-08T21:59:17+00:00\",\"breadcrumb\":{\"@id\":\"https:\/\/www.werte-im-blick.de\/wordpress\/?page_id=502#breadcrumb\"},\"inLanguage\":\"de\",\"potentialAction\":[{\"@type\":\"ReadAction\",\"target\":[\"https:\/\/www.werte-im-blick.de\/wordpress\/?page_id=502\"]}]},{\"@type\":\"BreadcrumbList\",\"@id\":\"https:\/\/www.werte-im-blick.de\/wordpress\/?page_id=502#breadcrumb\",\"itemListElement\":[{\"@type\":\"ListItem\",\"position\":1,\"name\":\"Startseite\",\"item\":\"https:\/\/www.werte-im-blick.de\/wordpress\/\"},{\"@type\":\"ListItem\",\"position\":2,\"name\":\"rolle_systemischen_beraters\"}]},{\"@type\":\"WebSite\",\"@id\":\"https:\/\/www.werte-im-blick.de\/wordpress\/#website\",\"url\":\"https:\/\/www.werte-im-blick.de\/wordpress\/\",\"name\":\"WERTE !M BLICK\",\"description\":\"\",\"publisher\":{\"@id\":\"https:\/\/www.werte-im-blick.de\/wordpress\/#organization\"},\"potentialAction\":[{\"@type\":\"SearchAction\",\"target\":{\"@type\":\"EntryPoint\",\"urlTemplate\":\"https:\/\/www.werte-im-blick.de\/wordpress\/?s={search_term_string}\"},\"query-input\":{\"@type\":\"PropertyValueSpecification\",\"valueRequired\":true,\"valueName\":\"search_term_string\"}}],\"inLanguage\":\"de\"},{\"@type\":\"Organization\",\"@id\":\"https:\/\/www.werte-im-blick.de\/wordpress\/#organization\",\"name\":\"WERTE !M BLICK\",\"url\":\"https:\/\/www.werte-im-blick.de\/wordpress\/\",\"logo\":{\"@type\":\"ImageObject\",\"inLanguage\":\"de\",\"@id\":\"https:\/\/www.werte-im-blick.de\/wordpress\/#\/schema\/logo\/image\/\",\"url\":\"https:\/\/www.werte-im-blick.de\/wordpress\/wp-content\/uploads\/2024\/12\/cropped-werte_im_blick_logo_website.png\",\"contentUrl\":\"https:\/\/www.werte-im-blick.de\/wordpress\/wp-content\/uploads\/2024\/12\/cropped-werte_im_blick_logo_website.png\",\"width\":329,\"height\":100,\"caption\":\"WERTE !M BLICK\"},\"image\":{\"@id\":\"https:\/\/www.werte-im-blick.de\/wordpress\/#\/schema\/logo\/image\/\"}}]}<\/script>\n<!-- \/ Yoast SEO plugin. -->","yoast_head_json":{"title":"rolle_systemischen_beraters - WERTE !M BLICK","robots":{"index":"index","follow":"follow","max-snippet":"max-snippet:-1","max-image-preview":"max-image-preview:large","max-video-preview":"max-video-preview:-1"},"canonical":"https:\/\/www.werte-im-blick.de\/wordpress\/?page_id=502","og_locale":"de_DE","og_type":"article","og_title":"rolle_systemischen_beraters - WERTE !M BLICK","og_description":"Rolle des systemischen Beraters Der systemische Berater organisiert einen Prozess, in dem die Kund:innen ihre jeweilige Situation eigenst\u00e4ndig in den Blick nehmen. Es werden vom Berater keine L\u00f6sungen pr\u00e4sentiert. Der ...","og_url":"https:\/\/www.werte-im-blick.de\/wordpress\/?page_id=502","og_site_name":"WERTE !M BLICK","article_modified_time":"2025-01-08T21:59:17+00:00","twitter_card":"summary_large_image","twitter_misc":{"Gesch\u00e4tzte Lesezeit":"1\u00a0Minute"},"schema":{"@context":"https:\/\/schema.org","@graph":[{"@type":"WebPage","@id":"https:\/\/www.werte-im-blick.de\/wordpress\/?page_id=502","url":"https:\/\/www.werte-im-blick.de\/wordpress\/?page_id=502","name":"rolle_systemischen_beraters - WERTE !M BLICK","isPartOf":{"@id":"https:\/\/www.werte-im-blick.de\/wordpress\/#website"},"datePublished":"2025-01-03T22:38:08+00:00","dateModified":"2025-01-08T21:59:17+00:00","breadcrumb":{"@id":"https:\/\/www.werte-im-blick.de\/wordpress\/?page_id=502#breadcrumb"},"inLanguage":"de","potentialAction":[{"@type":"ReadAction","target":["https:\/\/www.werte-im-blick.de\/wordpress\/?page_id=502"]}]},{"@type":"BreadcrumbList","@id":"https:\/\/www.werte-im-blick.de\/wordpress\/?page_id=502#breadcrumb","itemListElement":[{"@type":"ListItem","position":1,"name":"Startseite","item":"https:\/\/www.werte-im-blick.de\/wordpress\/"},{"@type":"ListItem","position":2,"name":"rolle_systemischen_beraters"}]},{"@type":"WebSite","@id":"https:\/\/www.werte-im-blick.de\/wordpress\/#website","url":"https:\/\/www.werte-im-blick.de\/wordpress\/","name":"WERTE !M BLICK","description":"","publisher":{"@id":"https:\/\/www.werte-im-blick.de\/wordpress\/#organization"},"potentialAction":[{"@type":"SearchAction","target":{"@type":"EntryPoint","urlTemplate":"https:\/\/www.werte-im-blick.de\/wordpress\/?s={search_term_string}"},"query-input":{"@type":"PropertyValueSpecification","valueRequired":true,"valueName":"search_term_string"}}],"inLanguage":"de"},{"@type":"Organization","@id":"https:\/\/www.werte-im-blick.de\/wordpress\/#organization","name":"WERTE !M BLICK","url":"https:\/\/www.werte-im-blick.de\/wordpress\/","logo":{"@type":"ImageObject","inLanguage":"de","@id":"https:\/\/www.werte-im-blick.de\/wordpress\/#\/schema\/logo\/image\/","url":"https:\/\/www.werte-im-blick.de\/wordpress\/wp-content\/uploads\/2024\/12\/cropped-werte_im_blick_logo_website.png","contentUrl":"https:\/\/www.werte-im-blick.de\/wordpress\/wp-content\/uploads\/2024\/12\/cropped-werte_im_blick_logo_website.png","width":329,"height":100,"caption":"WERTE !M BLICK"},"image":{"@id":"https:\/\/www.werte-im-blick.de\/wordpress\/#\/schema\/logo\/image\/"}}]}},"_links":{"self":[{"href":"https:\/\/www.werte-im-blick.de\/wordpress\/index.php?rest_route=\/wp\/v2\/pages\/502","targetHints":{"allow":["GET"]}}],"collection":[{"href":"https:\/\/www.werte-im-blick.de\/wordpress\/index.php?rest_route=\/wp\/v2\/pages"}],"about":[{"href":"https:\/\/www.werte-im-blick.de\/wordpress\/index.php?rest_route=\/wp\/v2\/types\/page"}],"author":[{"embeddable":true,"href":"https:\/\/www.werte-im-blick.de\/wordpress\/index.php?rest_route=\/wp\/v2\/users\/1"}],"replies":[{"embeddable":true,"href":"https:\/\/www.werte-im-blick.de\/wordpress\/index.php?rest_route=%2Fwp%2Fv2%2Fcomments&post=502"}],"version-history":[{"count":10,"href":"https:\/\/www.werte-im-blick.de\/wordpress\/index.php?rest_route=\/wp\/v2\/pages\/502\/revisions"}],"predecessor-version":[{"id":998,"href":"https:\/\/www.werte-im-blick.de\/wordpress\/index.php?rest_route=\/wp\/v2\/pages\/502\/revisions\/998"}],"wp:attachment":[{"href":"https:\/\/www.werte-im-blick.de\/wordpress\/index.php?rest_route=%2Fwp%2Fv2%2Fmedia&parent=502"}],"curies":[{"name":"wp","href":"https:\/\/api.w.org\/{rel}","templated":true}]}}