{"id":521,"date":"2025-01-03T22:52:56","date_gmt":"2025-01-03T22:52:56","guid":{"rendered":"https:\/\/www.werte-im-blick.de\/wordpress\/?page_id=521"},"modified":"2025-01-08T07:36:23","modified_gmt":"2025-01-08T07:36:23","slug":"erstgesraech_aufklaerung_ablauf","status":"publish","type":"page","link":"https:\/\/www.werte-im-blick.de\/wordpress\/?page_id=521","title":{"rendered":"erstgespraech_auftragsklaerung_ablauf"},"content":{"rendered":"\t\t<div data-elementor-type=\"wp-page\" data-elementor-id=\"521\" class=\"elementor elementor-521\">\n\t\t\t\t<div class=\"elementor-element elementor-element-4d35b664 e-con-full e-flex e-con e-parent\" data-id=\"4d35b664\" data-element_type=\"container\">\n\t\t<div class=\"elementor-element elementor-element-52ed1833 e-con-full e-flex e-con e-child\" data-id=\"52ed1833\" data-element_type=\"container\">\n\t\t\t\t<div class=\"elementor-element elementor-element-7f2d9165 elementor-widget elementor-widget-heading\" data-id=\"7f2d9165\" data-element_type=\"widget\" data-widget_type=\"heading.default\">\n\t\t\t\t<div class=\"elementor-widget-container\">\n\t\t\t<h2 class=\"elementor-heading-title elementor-size-default\">Erstgespr\u00e4ch, Auftragskl\u00e4rung &amp; Ablauf<\/h2>\t\t<\/div>\n\t\t\t\t<\/div>\n\t\t\t\t<\/div>\n\t\t<div class=\"elementor-element elementor-element-74260ebd e-con-full e-flex e-con e-child\" data-id=\"74260ebd\" data-element_type=\"container\">\n\t\t\t\t<div class=\"elementor-element elementor-element-630c3325 elementor-widget elementor-widget-text-editor\" data-id=\"630c3325\" data-element_type=\"widget\" data-widget_type=\"text-editor.default\">\n\t\t\t\t<div class=\"elementor-widget-container\">\n\t\t\t\t\t\t\t<p>Wenn wir miteinander in Kontakt gekommen sind, vereinbaren wir einen Termin f\u00fcr ein kurzes <strong>Erstgespr\u00e4ch <\/strong>via Telefon oder Zoom oder f\u00fchren dieses direkt, sofern hierf\u00fcr f\u00fcr beide Seiten ausreichend Zeit und eine stimminge Athmosph\u00e4re vorhanden sind. Dieses Gespr\u00e4ch dient einem gegenseitigen Kennenlernen. Hierbei kl\u00e4ren wir, ob mein Angebot f\u00fcr Ihre Fragestellung(en) hilfreich und passend sein kann. Das Erstgespr\u00e4ch dauert in der Regel <strong>ca. 30 Minuten<\/strong> und ist <strong>kostenlos<\/strong>.<\/p><p>Wenn Sie sich nach dem Erstgespr\u00e4ch entscheiden, mein Angebot in Anspruch zu nehmen, vereinbaren wir entsprechend <strong>Termine<\/strong>. In der Regel sind dies zun\u00e4chst 2-3 Gespr\u00e4che in zeitlich engerem Abstand von ein bis zwei Wochen.<\/p><p>Im ersten Gespr\u00e4chstermin geht es darum, genau zu vereinbaren und festzuhalten, was Ihr genaues, pers\u00f6nliches Ziel der systemischen Beratung ist (<strong>Auftragskl\u00e4rung<\/strong>). <\/p><p>Nach zwei weiteren Beratungen wird gemeinsam vereinbart, ob und wieviel weitere Termine hilfreich und welcher zeitlicher <strong>Ablauf<\/strong> f\u00fcr Sie unterst\u00fctzend ist.<\/p><p>Nach den ersten Beratungsgespr\u00e4chen sind oftmals auch Zeitintervalle von 4-8 Wochen zielf\u00fchrend.\u00a0 <\/p><p>Je nach Anliegen sind meist schon f\u00fcnf oder sechs Gespr\u00e4che hilfreich (zwei bis drei in engerer Taktung &amp; zwei bis drei mit gr\u00f6\u00dferem zeitlichen Abstand).<\/p><p>Manche Personen w\u00fcnschen sich auch eine kontinuierliche und regelm\u00e4\u00dfige Begleitung \u00fcber einen l\u00e4ngeren Zeitraum hinweg. Andere w\u00fcnschen sich wenige Termine im Jahr, um kontinuierlich Ihren pers\u00f6nlichen Prozess zu reflektieren.<\/p><p>Gemeinsam sprechen wir \u00fcber m\u00f6gliche und f\u00fcr Sie passende Zeiten.<\/p>\t\t\t\t\t\t<\/div>\n\t\t\t\t<\/div>\n\t\t\t\t<\/div>\n\t\t<div class=\"elementor-element elementor-element-324bec6b e-con-full e-flex e-con e-child\" data-id=\"324bec6b\" data-element_type=\"container\">\n\t\t\t\t<\/div>\n\t\t<div class=\"elementor-element elementor-element-1591e91f e-con-full e-flex e-con e-child\" data-id=\"1591e91f\" data-element_type=\"container\">\n\t\t\t\t<\/div>\n\t\t<div class=\"elementor-element elementor-element-5b7780ea e-con-full e-flex e-con e-child\" data-id=\"5b7780ea\" data-element_type=\"container\">\n\t\t\t\t<\/div>\n\t\t\t\t<\/div>\n\t\t\t\t<\/div>\n\t\t","protected":false},"excerpt":{"rendered":"<p>Erstgespr\u00e4ch, Auftragskl\u00e4rung &amp; Ablauf Wenn wir miteinander in Kontakt gekommen sind, vereinbaren wir einen Termin f\u00fcr ein kurzes Erstgespr\u00e4ch via Telefon oder Zoom oder f\u00fchren dieses direkt, sofern hierf\u00fcr f\u00fcr &#8230;<\/p>\n","protected":false},"author":1,"featured_media":0,"parent":0,"menu_order":0,"comment_status":"closed","ping_status":"closed","template":"","meta":{"footnotes":""},"class_list":["post-521","page","type-page","status-publish","hentry"],"yoast_head":"<!-- This site is optimized with the Yoast SEO plugin v24.1 - https:\/\/yoast.com\/wordpress\/plugins\/seo\/ -->\n<title>erstgespraech_auftragsklaerung_ablauf - WERTE !M BLICK<\/title>\n<meta name=\"description\" content=\"Von der ersten Kontaktaufnahme bis zum Beratungsrozess. Was erwartet mich? Worauf lasse ich mich ein? Worauf verpflichte ich mich?\" \/>\n<meta name=\"robots\" content=\"index, follow, max-snippet:-1, max-image-preview:large, max-video-preview:-1\" \/>\n<link rel=\"canonical\" href=\"https:\/\/www.werte-im-blick.de\/wordpress\/?page_id=521\" \/>\n<meta property=\"og:locale\" content=\"de_DE\" \/>\n<meta property=\"og:type\" content=\"article\" \/>\n<meta property=\"og:title\" content=\"erstgespraech_auftragsklaerung_ablauf - WERTE !M BLICK\" \/>\n<meta property=\"og:description\" content=\"Von der ersten Kontaktaufnahme bis zum Beratungsrozess. Was erwartet mich? Worauf lasse ich mich ein? Worauf verpflichte ich mich?\" \/>\n<meta property=\"og:url\" content=\"https:\/\/www.werte-im-blick.de\/wordpress\/?page_id=521\" \/>\n<meta property=\"og:site_name\" content=\"WERTE !M BLICK\" \/>\n<meta property=\"article:modified_time\" content=\"2025-01-08T07:36:23+00:00\" \/>\n<meta name=\"twitter:card\" content=\"summary_large_image\" \/>\n<meta name=\"twitter:label1\" content=\"Gesch\u00e4tzte Lesezeit\" \/>\n\t<meta name=\"twitter:data1\" content=\"2\u00a0Minuten\" \/>\n<script type=\"application\/ld+json\" class=\"yoast-schema-graph\">{\"@context\":\"https:\/\/schema.org\",\"@graph\":[{\"@type\":\"WebPage\",\"@id\":\"https:\/\/www.werte-im-blick.de\/wordpress\/?page_id=521\",\"url\":\"https:\/\/www.werte-im-blick.de\/wordpress\/?page_id=521\",\"name\":\"erstgespraech_auftragsklaerung_ablauf - WERTE !M BLICK\",\"isPartOf\":{\"@id\":\"https:\/\/www.werte-im-blick.de\/wordpress\/#website\"},\"datePublished\":\"2025-01-03T22:52:56+00:00\",\"dateModified\":\"2025-01-08T07:36:23+00:00\",\"description\":\"Von der ersten Kontaktaufnahme bis zum Beratungsrozess. Was erwartet mich? Worauf lasse ich mich ein? Worauf verpflichte ich mich?\",\"breadcrumb\":{\"@id\":\"https:\/\/www.werte-im-blick.de\/wordpress\/?page_id=521#breadcrumb\"},\"inLanguage\":\"de\",\"potentialAction\":[{\"@type\":\"ReadAction\",\"target\":[\"https:\/\/www.werte-im-blick.de\/wordpress\/?page_id=521\"]}]},{\"@type\":\"BreadcrumbList\",\"@id\":\"https:\/\/www.werte-im-blick.de\/wordpress\/?page_id=521#breadcrumb\",\"itemListElement\":[{\"@type\":\"ListItem\",\"position\":1,\"name\":\"Startseite\",\"item\":\"https:\/\/www.werte-im-blick.de\/wordpress\/\"},{\"@type\":\"ListItem\",\"position\":2,\"name\":\"erstgespraech_auftragsklaerung_ablauf\"}]},{\"@type\":\"WebSite\",\"@id\":\"https:\/\/www.werte-im-blick.de\/wordpress\/#website\",\"url\":\"https:\/\/www.werte-im-blick.de\/wordpress\/\",\"name\":\"WERTE !M BLICK\",\"description\":\"\",\"publisher\":{\"@id\":\"https:\/\/www.werte-im-blick.de\/wordpress\/#organization\"},\"potentialAction\":[{\"@type\":\"SearchAction\",\"target\":{\"@type\":\"EntryPoint\",\"urlTemplate\":\"https:\/\/www.werte-im-blick.de\/wordpress\/?s={search_term_string}\"},\"query-input\":{\"@type\":\"PropertyValueSpecification\",\"valueRequired\":true,\"valueName\":\"search_term_string\"}}],\"inLanguage\":\"de\"},{\"@type\":\"Organization\",\"@id\":\"https:\/\/www.werte-im-blick.de\/wordpress\/#organization\",\"name\":\"WERTE !M BLICK\",\"url\":\"https:\/\/www.werte-im-blick.de\/wordpress\/\",\"logo\":{\"@type\":\"ImageObject\",\"inLanguage\":\"de\",\"@id\":\"https:\/\/www.werte-im-blick.de\/wordpress\/#\/schema\/logo\/image\/\",\"url\":\"https:\/\/www.werte-im-blick.de\/wordpress\/wp-content\/uploads\/2024\/12\/cropped-werte_im_blick_logo_website.png\",\"contentUrl\":\"https:\/\/www.werte-im-blick.de\/wordpress\/wp-content\/uploads\/2024\/12\/cropped-werte_im_blick_logo_website.png\",\"width\":329,\"height\":100,\"caption\":\"WERTE !M BLICK\"},\"image\":{\"@id\":\"https:\/\/www.werte-im-blick.de\/wordpress\/#\/schema\/logo\/image\/\"}}]}<\/script>\n<!-- \/ Yoast SEO plugin. -->","yoast_head_json":{"title":"erstgespraech_auftragsklaerung_ablauf - WERTE !M BLICK","description":"Von der ersten Kontaktaufnahme bis zum Beratungsrozess. Was erwartet mich? Worauf lasse ich mich ein? Worauf verpflichte ich mich?","robots":{"index":"index","follow":"follow","max-snippet":"max-snippet:-1","max-image-preview":"max-image-preview:large","max-video-preview":"max-video-preview:-1"},"canonical":"https:\/\/www.werte-im-blick.de\/wordpress\/?page_id=521","og_locale":"de_DE","og_type":"article","og_title":"erstgespraech_auftragsklaerung_ablauf - WERTE !M BLICK","og_description":"Von der ersten Kontaktaufnahme bis zum Beratungsrozess. Was erwartet mich? Worauf lasse ich mich ein? Worauf verpflichte ich mich?","og_url":"https:\/\/www.werte-im-blick.de\/wordpress\/?page_id=521","og_site_name":"WERTE !M BLICK","article_modified_time":"2025-01-08T07:36:23+00:00","twitter_card":"summary_large_image","twitter_misc":{"Gesch\u00e4tzte Lesezeit":"2\u00a0Minuten"},"schema":{"@context":"https:\/\/schema.org","@graph":[{"@type":"WebPage","@id":"https:\/\/www.werte-im-blick.de\/wordpress\/?page_id=521","url":"https:\/\/www.werte-im-blick.de\/wordpress\/?page_id=521","name":"erstgespraech_auftragsklaerung_ablauf - WERTE !M BLICK","isPartOf":{"@id":"https:\/\/www.werte-im-blick.de\/wordpress\/#website"},"datePublished":"2025-01-03T22:52:56+00:00","dateModified":"2025-01-08T07:36:23+00:00","description":"Von der ersten Kontaktaufnahme bis zum Beratungsrozess. Was erwartet mich? Worauf lasse ich mich ein? Worauf verpflichte ich mich?","breadcrumb":{"@id":"https:\/\/www.werte-im-blick.de\/wordpress\/?page_id=521#breadcrumb"},"inLanguage":"de","potentialAction":[{"@type":"ReadAction","target":["https:\/\/www.werte-im-blick.de\/wordpress\/?page_id=521"]}]},{"@type":"BreadcrumbList","@id":"https:\/\/www.werte-im-blick.de\/wordpress\/?page_id=521#breadcrumb","itemListElement":[{"@type":"ListItem","position":1,"name":"Startseite","item":"https:\/\/www.werte-im-blick.de\/wordpress\/"},{"@type":"ListItem","position":2,"name":"erstgespraech_auftragsklaerung_ablauf"}]},{"@type":"WebSite","@id":"https:\/\/www.werte-im-blick.de\/wordpress\/#website","url":"https:\/\/www.werte-im-blick.de\/wordpress\/","name":"WERTE !M BLICK","description":"","publisher":{"@id":"https:\/\/www.werte-im-blick.de\/wordpress\/#organization"},"potentialAction":[{"@type":"SearchAction","target":{"@type":"EntryPoint","urlTemplate":"https:\/\/www.werte-im-blick.de\/wordpress\/?s={search_term_string}"},"query-input":{"@type":"PropertyValueSpecification","valueRequired":true,"valueName":"search_term_string"}}],"inLanguage":"de"},{"@type":"Organization","@id":"https:\/\/www.werte-im-blick.de\/wordpress\/#organization","name":"WERTE !M BLICK","url":"https:\/\/www.werte-im-blick.de\/wordpress\/","logo":{"@type":"ImageObject","inLanguage":"de","@id":"https:\/\/www.werte-im-blick.de\/wordpress\/#\/schema\/logo\/image\/","url":"https:\/\/www.werte-im-blick.de\/wordpress\/wp-content\/uploads\/2024\/12\/cropped-werte_im_blick_logo_website.png","contentUrl":"https:\/\/www.werte-im-blick.de\/wordpress\/wp-content\/uploads\/2024\/12\/cropped-werte_im_blick_logo_website.png","width":329,"height":100,"caption":"WERTE !M BLICK"},"image":{"@id":"https:\/\/www.werte-im-blick.de\/wordpress\/#\/schema\/logo\/image\/"}}]}},"_links":{"self":[{"href":"https:\/\/www.werte-im-blick.de\/wordpress\/index.php?rest_route=\/wp\/v2\/pages\/521","targetHints":{"allow":["GET"]}}],"collection":[{"href":"https:\/\/www.werte-im-blick.de\/wordpress\/index.php?rest_route=\/wp\/v2\/pages"}],"about":[{"href":"https:\/\/www.werte-im-blick.de\/wordpress\/index.php?rest_route=\/wp\/v2\/types\/page"}],"author":[{"embeddable":true,"href":"https:\/\/www.werte-im-blick.de\/wordpress\/index.php?rest_route=\/wp\/v2\/users\/1"}],"replies":[{"embeddable":true,"href":"https:\/\/www.werte-im-blick.de\/wordpress\/index.php?rest_route=%2Fwp%2Fv2%2Fcomments&post=521"}],"version-history":[{"count":9,"href":"https:\/\/www.werte-im-blick.de\/wordpress\/index.php?rest_route=\/wp\/v2\/pages\/521\/revisions"}],"predecessor-version":[{"id":984,"href":"https:\/\/www.werte-im-blick.de\/wordpress\/index.php?rest_route=\/wp\/v2\/pages\/521\/revisions\/984"}],"wp:attachment":[{"href":"https:\/\/www.werte-im-blick.de\/wordpress\/index.php?rest_route=%2Fwp%2Fv2%2Fmedia&parent=521"}],"curies":[{"name":"wp","href":"https:\/\/api.w.org\/{rel}","templated":true}]}}