{"id":527,"date":"2025-01-03T22:56:42","date_gmt":"2025-01-03T22:56:42","guid":{"rendered":"https:\/\/www.werte-im-blick.de\/wordpress\/?page_id=527"},"modified":"2025-09-16T13:41:22","modified_gmt":"2025-09-16T13:41:22","slug":"honorar_beratungsvertrag","status":"publish","type":"page","link":"https:\/\/www.werte-im-blick.de\/wordpress\/?page_id=527","title":{"rendered":"honorar_beratungsvertrag"},"content":{"rendered":"\t\t<div data-elementor-type=\"wp-page\" data-elementor-id=\"527\" class=\"elementor elementor-527\">\n\t\t\t\t<div class=\"elementor-element elementor-element-7c18ec4f e-con-full e-flex e-con e-parent\" data-id=\"7c18ec4f\" data-element_type=\"container\">\n\t\t<div class=\"elementor-element elementor-element-1c9bf40d e-con-full e-flex e-con e-child\" data-id=\"1c9bf40d\" data-element_type=\"container\">\n\t\t\t\t<div class=\"elementor-element elementor-element-3ad6749d elementor-widget elementor-widget-heading\" data-id=\"3ad6749d\" data-element_type=\"widget\" data-widget_type=\"heading.default\">\n\t\t\t\t<div class=\"elementor-widget-container\">\n\t\t\t<h2 class=\"elementor-heading-title elementor-size-default\">Honorar &amp; Beratungsvertrag<\/h2>\t\t<\/div>\n\t\t\t\t<\/div>\n\t\t\t\t<\/div>\n\t\t<div class=\"elementor-element elementor-element-665c18b4 e-con-full e-flex e-con e-child\" data-id=\"665c18b4\" data-element_type=\"container\">\n\t\t\t\t<div class=\"elementor-element elementor-element-50da242c elementor-widget elementor-widget-text-editor\" data-id=\"50da242c\" data-element_type=\"widget\" data-widget_type=\"text-editor.default\">\n\t\t\t\t<div class=\"elementor-widget-container\">\n\t\t\t\t\t\t\t<p>Ich bin nicht in das gesetzliche Krankenkassensystem eingebunden. <strong>Eine Abrechnung \u00fcber die Kasse ist somit <span style=\"text-decoration: underline;\">nicht<\/span> m\u00f6glich.<\/strong> <br \/>Als Selbstzahler k\u00f6nnen Sie Dauer, Anzahl und Rhythmus der Termine frei und unabh\u00e4ngig und ganz Ihren W\u00fcnschen und M\u00f6glichkeiten entsprechend mit mir vereinbaren. Sie haben hierdurch den Vorteil der absoluten Diskretion.<\/p><p>Die <strong>Bezahlung<\/strong> erfolgt per \u00dcberweisung binnen 14 Tagen nach Rechnungserhalt; in Ausnahmef\u00e4llen auch\u00a0 direkt im Anschluss an das Gespr\u00e4ch in bar (gegen Quittung).<\/p><p>Folgende Stundens\u00e4tze dienen zur Orientierung (<strong>&gt;&gt;&gt; bis zum Ende meiner systemischen Ausbildung im Fr\u00fchjahr 2026 biete ich Beratung auch kostenlos (online via Zoom) an bzw. stelle nur die Raumkosten im Entwicklungsraum Stuttgart West in Rechnung)<\/strong>:<\/p><ul><li><strong>Einzelgespr\u00e4ch<\/strong>: 60,- \u20ac netto\/ 60 Minuten (= 71,40 \u20ac brutto) | 90,- \u20ac netto\/ 90 Minuten (= 107,10 \u20ac brutto)<br \/><em>&gt;&gt;&gt; da Beratungsgespr\u00e4che zeitlich nicht immer genau zu planen sind, rechne ich nach 45 Minuten je angefangener Viertelstunde ab | Nicht in Anspruch genommene Zeit des ausgemachten Zeitfensters wird von meiner Seite nicht berechnet | Die Mindestdauer eines Einzelgespr\u00e4chs betr\u00e4gt 45 Minuten, die maximale Zeit 90 Minuten &lt;&lt;&lt;<\/em><\/li><li><strong>Paar- und Familienberatung<\/strong>: 120,- \u20ac netto\/ 90 Minuten (= 142,80 \u20ac brutto) | 160,- \u20ac netto\/ 120 Minuten (= 190,40 \u20ac brutto), &#8230; je weitere 15 Minuten &gt;120 Minuten: 20,- \u20ac netto (=23,80 \u20ac brutto) <em>&gt;&gt;&gt; da Beratungsgespr\u00e4che zeitlich nicht immer genau zu planen sind, rechne ich nach 60 Minuten je angefangener Viertelstunde ab | Nicht in Anspruch genommene Zeit des ausgemachten Zeitfensters wird von meiner Seite nicht berechnet | Die Mindestdauer einer Paar- oder Familienberatung betr\u00e4gt 60 Minuten &lt;&lt;&lt;<\/em><\/li><li><strong>Abweichende Honorars\u00e4tze<\/strong> aufgrund aktueller Lebenssituation (Studium, Arbeitslosigkeit, etc.) sind m\u00f6glich. Bitte sprechen Sie mich hierauf gerne und ohne Scheu an! &#8211; Als Mindesthonorar\u00a0 muss ich jedoch immer zumindest die anfallenden Raum- und Fahrtkosten berechnen.<\/li><\/ul><p>Der <strong>Beratungsvertrag<\/strong> wird vor oder in der ersten Beratungsstunde miteinander schriftlich geschlossen. Eine Mustervorlage finden Sie hier zur Ansicht: <a href=\"https:\/\/www.werte-im-blick.de\/wordpress\/wp-content\/uploads\/2025\/02\/Muster_Beratungsvertrag_Werte-M-Blick.pdf\" target=\"_blank\" rel=\"noopener\"><span style=\"text-decoration: underline;\">&gt;&gt;&gt; Beratungsvertrag\/ Muster &lt;&lt;&lt;<\/span><\/a><\/p>\t\t\t\t\t\t<\/div>\n\t\t\t\t<\/div>\n\t\t\t\t<\/div>\n\t\t<div class=\"elementor-element elementor-element-306dfe29 e-con-full e-flex e-con e-child\" data-id=\"306dfe29\" data-element_type=\"container\">\n\t\t\t\t<\/div>\n\t\t<div class=\"elementor-element elementor-element-15e1cecd e-con-full e-flex e-con e-child\" data-id=\"15e1cecd\" data-element_type=\"container\">\n\t\t\t\t<\/div>\n\t\t<div class=\"elementor-element elementor-element-1ff9004c e-con-full e-flex e-con e-child\" data-id=\"1ff9004c\" data-element_type=\"container\">\n\t\t\t\t<\/div>\n\t\t\t\t<\/div>\n\t\t\t\t<\/div>\n\t\t","protected":false},"excerpt":{"rendered":"<p>Honorar &amp; Beratungsvertrag Ich bin nicht in das gesetzliche Krankenkassensystem eingebunden. Eine Abrechnung \u00fcber die Kasse ist somit nicht m\u00f6glich. Als Selbstzahler k\u00f6nnen Sie Dauer, Anzahl und Rhythmus der Termine &#8230;<\/p>\n","protected":false},"author":1,"featured_media":0,"parent":0,"menu_order":0,"comment_status":"closed","ping_status":"closed","template":"","meta":{"footnotes":""},"class_list":["post-527","page","type-page","status-publish","hentry"],"yoast_head":"<!-- This site is optimized with the Yoast SEO plugin v24.1 - https:\/\/yoast.com\/wordpress\/plugins\/seo\/ -->\n<title>honorar_beratungsvertrag - WERTE !M BLICK<\/title>\n<meta name=\"description\" content=\"\u00dcbersicht von zeitlicher Dauer (einzelne Stunnden) und Kosten der Beratung. Muster und Einsicht in einen Beratungsvertrag.\" \/>\n<meta name=\"robots\" content=\"index, follow, max-snippet:-1, max-image-preview:large, max-video-preview:-1\" \/>\n<link rel=\"canonical\" href=\"https:\/\/www.werte-im-blick.de\/wordpress\/?page_id=527\" \/>\n<meta property=\"og:locale\" content=\"de_DE\" \/>\n<meta property=\"og:type\" content=\"article\" \/>\n<meta property=\"og:title\" content=\"honorar_beratungsvertrag - WERTE !M BLICK\" \/>\n<meta property=\"og:description\" content=\"\u00dcbersicht von zeitlicher Dauer (einzelne Stunnden) und Kosten der Beratung. Muster und Einsicht in einen Beratungsvertrag.\" \/>\n<meta property=\"og:url\" content=\"https:\/\/www.werte-im-blick.de\/wordpress\/?page_id=527\" \/>\n<meta property=\"og:site_name\" content=\"WERTE !M BLICK\" \/>\n<meta property=\"article:modified_time\" content=\"2025-09-16T13:41:22+00:00\" \/>\n<meta name=\"twitter:card\" content=\"summary_large_image\" \/>\n<meta name=\"twitter:label1\" content=\"Gesch\u00e4tzte Lesezeit\" \/>\n\t<meta name=\"twitter:data1\" content=\"2\u00a0Minuten\" \/>\n<script type=\"application\/ld+json\" class=\"yoast-schema-graph\">{\"@context\":\"https:\/\/schema.org\",\"@graph\":[{\"@type\":\"WebPage\",\"@id\":\"https:\/\/www.werte-im-blick.de\/wordpress\/?page_id=527\",\"url\":\"https:\/\/www.werte-im-blick.de\/wordpress\/?page_id=527\",\"name\":\"honorar_beratungsvertrag - WERTE !M BLICK\",\"isPartOf\":{\"@id\":\"https:\/\/www.werte-im-blick.de\/wordpress\/#website\"},\"datePublished\":\"2025-01-03T22:56:42+00:00\",\"dateModified\":\"2025-09-16T13:41:22+00:00\",\"description\":\"\u00dcbersicht von zeitlicher Dauer (einzelne Stunnden) und Kosten der Beratung. Muster und Einsicht in einen Beratungsvertrag.\",\"breadcrumb\":{\"@id\":\"https:\/\/www.werte-im-blick.de\/wordpress\/?page_id=527#breadcrumb\"},\"inLanguage\":\"de\",\"potentialAction\":[{\"@type\":\"ReadAction\",\"target\":[\"https:\/\/www.werte-im-blick.de\/wordpress\/?page_id=527\"]}]},{\"@type\":\"BreadcrumbList\",\"@id\":\"https:\/\/www.werte-im-blick.de\/wordpress\/?page_id=527#breadcrumb\",\"itemListElement\":[{\"@type\":\"ListItem\",\"position\":1,\"name\":\"Startseite\",\"item\":\"https:\/\/www.werte-im-blick.de\/wordpress\/\"},{\"@type\":\"ListItem\",\"position\":2,\"name\":\"honorar_beratungsvertrag\"}]},{\"@type\":\"WebSite\",\"@id\":\"https:\/\/www.werte-im-blick.de\/wordpress\/#website\",\"url\":\"https:\/\/www.werte-im-blick.de\/wordpress\/\",\"name\":\"WERTE !M BLICK\",\"description\":\"\",\"publisher\":{\"@id\":\"https:\/\/www.werte-im-blick.de\/wordpress\/#organization\"},\"potentialAction\":[{\"@type\":\"SearchAction\",\"target\":{\"@type\":\"EntryPoint\",\"urlTemplate\":\"https:\/\/www.werte-im-blick.de\/wordpress\/?s={search_term_string}\"},\"query-input\":{\"@type\":\"PropertyValueSpecification\",\"valueRequired\":true,\"valueName\":\"search_term_string\"}}],\"inLanguage\":\"de\"},{\"@type\":\"Organization\",\"@id\":\"https:\/\/www.werte-im-blick.de\/wordpress\/#organization\",\"name\":\"WERTE !M BLICK\",\"url\":\"https:\/\/www.werte-im-blick.de\/wordpress\/\",\"logo\":{\"@type\":\"ImageObject\",\"inLanguage\":\"de\",\"@id\":\"https:\/\/www.werte-im-blick.de\/wordpress\/#\/schema\/logo\/image\/\",\"url\":\"https:\/\/www.werte-im-blick.de\/wordpress\/wp-content\/uploads\/2024\/12\/cropped-werte_im_blick_logo_website.png\",\"contentUrl\":\"https:\/\/www.werte-im-blick.de\/wordpress\/wp-content\/uploads\/2024\/12\/cropped-werte_im_blick_logo_website.png\",\"width\":329,\"height\":100,\"caption\":\"WERTE !M BLICK\"},\"image\":{\"@id\":\"https:\/\/www.werte-im-blick.de\/wordpress\/#\/schema\/logo\/image\/\"}}]}<\/script>\n<!-- \/ Yoast SEO plugin. -->","yoast_head_json":{"title":"honorar_beratungsvertrag - WERTE !M BLICK","description":"\u00dcbersicht von zeitlicher Dauer (einzelne Stunnden) und Kosten der Beratung. Muster und Einsicht in einen Beratungsvertrag.","robots":{"index":"index","follow":"follow","max-snippet":"max-snippet:-1","max-image-preview":"max-image-preview:large","max-video-preview":"max-video-preview:-1"},"canonical":"https:\/\/www.werte-im-blick.de\/wordpress\/?page_id=527","og_locale":"de_DE","og_type":"article","og_title":"honorar_beratungsvertrag - WERTE !M BLICK","og_description":"\u00dcbersicht von zeitlicher Dauer (einzelne Stunnden) und Kosten der Beratung. Muster und Einsicht in einen Beratungsvertrag.","og_url":"https:\/\/www.werte-im-blick.de\/wordpress\/?page_id=527","og_site_name":"WERTE !M BLICK","article_modified_time":"2025-09-16T13:41:22+00:00","twitter_card":"summary_large_image","twitter_misc":{"Gesch\u00e4tzte Lesezeit":"2\u00a0Minuten"},"schema":{"@context":"https:\/\/schema.org","@graph":[{"@type":"WebPage","@id":"https:\/\/www.werte-im-blick.de\/wordpress\/?page_id=527","url":"https:\/\/www.werte-im-blick.de\/wordpress\/?page_id=527","name":"honorar_beratungsvertrag - WERTE !M BLICK","isPartOf":{"@id":"https:\/\/www.werte-im-blick.de\/wordpress\/#website"},"datePublished":"2025-01-03T22:56:42+00:00","dateModified":"2025-09-16T13:41:22+00:00","description":"\u00dcbersicht von zeitlicher Dauer (einzelne Stunnden) und Kosten der Beratung. Muster und Einsicht in einen Beratungsvertrag.","breadcrumb":{"@id":"https:\/\/www.werte-im-blick.de\/wordpress\/?page_id=527#breadcrumb"},"inLanguage":"de","potentialAction":[{"@type":"ReadAction","target":["https:\/\/www.werte-im-blick.de\/wordpress\/?page_id=527"]}]},{"@type":"BreadcrumbList","@id":"https:\/\/www.werte-im-blick.de\/wordpress\/?page_id=527#breadcrumb","itemListElement":[{"@type":"ListItem","position":1,"name":"Startseite","item":"https:\/\/www.werte-im-blick.de\/wordpress\/"},{"@type":"ListItem","position":2,"name":"honorar_beratungsvertrag"}]},{"@type":"WebSite","@id":"https:\/\/www.werte-im-blick.de\/wordpress\/#website","url":"https:\/\/www.werte-im-blick.de\/wordpress\/","name":"WERTE !M BLICK","description":"","publisher":{"@id":"https:\/\/www.werte-im-blick.de\/wordpress\/#organization"},"potentialAction":[{"@type":"SearchAction","target":{"@type":"EntryPoint","urlTemplate":"https:\/\/www.werte-im-blick.de\/wordpress\/?s={search_term_string}"},"query-input":{"@type":"PropertyValueSpecification","valueRequired":true,"valueName":"search_term_string"}}],"inLanguage":"de"},{"@type":"Organization","@id":"https:\/\/www.werte-im-blick.de\/wordpress\/#organization","name":"WERTE !M BLICK","url":"https:\/\/www.werte-im-blick.de\/wordpress\/","logo":{"@type":"ImageObject","inLanguage":"de","@id":"https:\/\/www.werte-im-blick.de\/wordpress\/#\/schema\/logo\/image\/","url":"https:\/\/www.werte-im-blick.de\/wordpress\/wp-content\/uploads\/2024\/12\/cropped-werte_im_blick_logo_website.png","contentUrl":"https:\/\/www.werte-im-blick.de\/wordpress\/wp-content\/uploads\/2024\/12\/cropped-werte_im_blick_logo_website.png","width":329,"height":100,"caption":"WERTE !M BLICK"},"image":{"@id":"https:\/\/www.werte-im-blick.de\/wordpress\/#\/schema\/logo\/image\/"}}]}},"_links":{"self":[{"href":"https:\/\/www.werte-im-blick.de\/wordpress\/index.php?rest_route=\/wp\/v2\/pages\/527","targetHints":{"allow":["GET"]}}],"collection":[{"href":"https:\/\/www.werte-im-blick.de\/wordpress\/index.php?rest_route=\/wp\/v2\/pages"}],"about":[{"href":"https:\/\/www.werte-im-blick.de\/wordpress\/index.php?rest_route=\/wp\/v2\/types\/page"}],"author":[{"embeddable":true,"href":"https:\/\/www.werte-im-blick.de\/wordpress\/index.php?rest_route=\/wp\/v2\/users\/1"}],"replies":[{"embeddable":true,"href":"https:\/\/www.werte-im-blick.de\/wordpress\/index.php?rest_route=%2Fwp%2Fv2%2Fcomments&post=527"}],"version-history":[{"count":10,"href":"https:\/\/www.werte-im-blick.de\/wordpress\/index.php?rest_route=\/wp\/v2\/pages\/527\/revisions"}],"predecessor-version":[{"id":1370,"href":"https:\/\/www.werte-im-blick.de\/wordpress\/index.php?rest_route=\/wp\/v2\/pages\/527\/revisions\/1370"}],"wp:attachment":[{"href":"https:\/\/www.werte-im-blick.de\/wordpress\/index.php?rest_route=%2Fwp%2Fv2%2Fmedia&parent=527"}],"curies":[{"name":"wp","href":"https:\/\/api.w.org\/{rel}","templated":true}]}}