{"id":583,"date":"2025-01-03T23:56:28","date_gmt":"2025-01-03T23:56:28","guid":{"rendered":"https:\/\/www.werte-im-blick.de\/wordpress\/?page_id=583"},"modified":"2026-03-19T13:28:35","modified_gmt":"2026-03-19T13:28:35","slug":"argumentationstraining_gegen_rechts","status":"publish","type":"page","link":"https:\/\/www.werte-im-blick.de\/wordpress\/?page_id=583","title":{"rendered":"argumentationstraining_gegen_rechts"},"content":{"rendered":"\t\t<div data-elementor-type=\"wp-page\" data-elementor-id=\"583\" class=\"elementor elementor-583\">\n\t\t\t\t<div class=\"elementor-element elementor-element-2b04fdc6 e-con-full e-flex e-con e-parent\" data-id=\"2b04fdc6\" data-element_type=\"container\">\n\t\t<div class=\"elementor-element elementor-element-790fcbcc e-con-full e-flex e-con e-child\" data-id=\"790fcbcc\" data-element_type=\"container\">\n\t\t\t\t<div class=\"elementor-element elementor-element-357d3cc0 elementor-widget elementor-widget-heading\" data-id=\"357d3cc0\" data-element_type=\"widget\" data-widget_type=\"heading.default\">\n\t\t\t\t<div class=\"elementor-widget-container\">\n\t\t\t<h2 class=\"elementor-heading-title elementor-size-default\">Argumentationstraining gegen Rechts\u200b<\/h2>\t\t<\/div>\n\t\t\t\t<\/div>\n\t\t\t\t<\/div>\n\t\t<div class=\"elementor-element elementor-element-5357061e e-con-full e-flex e-con e-child\" data-id=\"5357061e\" data-element_type=\"container\">\n\t\t\t\t<div class=\"elementor-element elementor-element-1227dd2c elementor-widget elementor-widget-text-editor\" data-id=\"1227dd2c\" data-element_type=\"widget\" data-widget_type=\"text-editor.default\">\n\t\t\t\t<div class=\"elementor-widget-container\">\n\t\t\t\t\t\t\t<p class=\"p1\"><i>Training f\u00fcr ein aktives und situationsbedingt ad\u00e4quates Verhalten, um mit antidemokratischen \u00c4u\u00dferungen im Alltag umzugehen.<br \/><\/i><\/p>\t\t\t\t\t\t<\/div>\n\t\t\t\t<\/div>\n\t\t\t\t<div class=\"elementor-element elementor-element-41561954 elementor-widget elementor-widget-heading\" data-id=\"41561954\" data-element_type=\"widget\" data-widget_type=\"heading.default\">\n\t\t\t\t<div class=\"elementor-widget-container\">\n\t\t\t<h5 class=\"elementor-heading-title elementor-size-default\">Information\/ Inhalt<\/h5>\t\t<\/div>\n\t\t\t\t<\/div>\n\t\t\t\t<div class=\"elementor-element elementor-element-60341d7d elementor-widget elementor-widget-text-editor\" data-id=\"60341d7d\" data-element_type=\"widget\" data-widget_type=\"text-editor.default\">\n\t\t\t\t<div class=\"elementor-widget-container\">\n\t\t\t\t\t\t\t<p class=\"p1\"><img decoding=\"async\" class=\"size-thumbnail wp-image-1298 alignleft\" src=\"https:\/\/www.werte-im-blick.de\/wordpress\/wp-content\/uploads\/2025\/09\/03_Argumentation-150x150.jpg\" alt=\"\" width=\"150\" height=\"150\" srcset=\"https:\/\/www.werte-im-blick.de\/wordpress\/wp-content\/uploads\/2025\/09\/03_Argumentation-150x150.jpg 150w, https:\/\/www.werte-im-blick.de\/wordpress\/wp-content\/uploads\/2025\/09\/03_Argumentation-300x300.jpg 300w, https:\/\/www.werte-im-blick.de\/wordpress\/wp-content\/uploads\/2025\/09\/03_Argumentation-1024x1024.jpg 1024w, https:\/\/www.werte-im-blick.de\/wordpress\/wp-content\/uploads\/2025\/09\/03_Argumentation-768x768.jpg 768w, https:\/\/www.werte-im-blick.de\/wordpress\/wp-content\/uploads\/2025\/09\/03_Argumentation.jpg 1535w\" sizes=\"(max-width: 150px) 100vw, 150px\" \/>\u201eMan wird ja wohl noch sagen d\u00fcrfen\u2026\u201c leitet oft einen Tabubruch ein. Ein gesellschaftlich akzeptiertes Verhalten wird bewusst verletzt. Wer so beginnt, wei\u00df, dass das Gegen\u00fcber hier zun\u00e4chst hilflos ist, und die Nichtreaktion wird dann als Zustimmung gewertet.\u00a0<span style=\"font-size: 0.875rem;\">F\u00fcr solche Situationen kann sich jede:r wappnen und Strategien erlernen, um die eigenen Werte mit Haltung zu vertreten und mithelfen, das laute Schweigen zu durchbrechen.<\/span><\/p>\t\t\t\t\t\t<\/div>\n\t\t\t\t<\/div>\n\t\t\t\t<div class=\"elementor-element elementor-element-74e2ac5 elementor-widget elementor-widget-heading\" data-id=\"74e2ac5\" data-element_type=\"widget\" data-widget_type=\"heading.default\">\n\t\t\t\t<div class=\"elementor-widget-container\">\n\t\t\t<h5 class=\"elementor-heading-title elementor-size-default\">Ziele<\/h5>\t\t<\/div>\n\t\t\t\t<\/div>\n\t\t\t\t<div class=\"elementor-element elementor-element-362eee3b elementor-widget elementor-widget-text-editor\" data-id=\"362eee3b\" data-element_type=\"widget\" data-widget_type=\"text-editor.default\">\n\t\t\t\t<div class=\"elementor-widget-container\">\n\t\t\t\t\t\t\t<ul><li>zu Erkennen ob und wann eine Reaktion auf \u00c4u\u00dferungen, Parolen, Diskriminierung, etc. wichtig und notwendig ist<\/li><li>die eigene Haltung und \u00dcberzeugung antidemokratischen \u00c4u\u00dferungen oder Verhalten gegen\u00fcber klar und unmi\u00dfverst\u00e4ndlich zu formulieren<\/li><li>selbst zu erfahren, wie agressive Kommunikation und Vereinnahmung funktioniert, um diesem Muster ad\u00e4quat\u00a0 begegnen zu k\u00f6nnen<\/li><\/ul>\t\t\t\t\t\t<\/div>\n\t\t\t\t<\/div>\n\t\t\t\t<div class=\"elementor-element elementor-element-b1a3ef6 elementor-widget elementor-widget-image\" data-id=\"b1a3ef6\" data-element_type=\"widget\" data-widget_type=\"image.default\">\n\t\t\t\t<div class=\"elementor-widget-container\">\n\t\t\t\t\t\t\t\t\t\t\t\t\t<img decoding=\"async\" width=\"1024\" height=\"5\" src=\"https:\/\/www.werte-im-blick.de\/wordpress\/wp-content\/uploads\/2024\/12\/Linie-1024x5.png\" class=\"attachment-large size-large wp-image-42\" alt=\"Trenn-Liene\" srcset=\"https:\/\/www.werte-im-blick.de\/wordpress\/wp-content\/uploads\/2024\/12\/Linie-1024x5.png 1024w, https:\/\/www.werte-im-blick.de\/wordpress\/wp-content\/uploads\/2024\/12\/Linie-300x2.png 300w, https:\/\/www.werte-im-blick.de\/wordpress\/wp-content\/uploads\/2024\/12\/Linie-768x4.png 768w, https:\/\/www.werte-im-blick.de\/wordpress\/wp-content\/uploads\/2024\/12\/Linie.png 1141w\" sizes=\"(max-width: 1024px) 100vw, 1024px\" \/>\t\t\t\t\t\t\t\t\t\t\t\t\t<\/div>\n\t\t\t\t<\/div>\n\t\t\t\t<\/div>\n\t\t<div class=\"elementor-element elementor-element-826a3cf e-con-full e-flex e-con e-child\" data-id=\"826a3cf\" data-element_type=\"container\">\n\t\t\t\t<div class=\"elementor-element elementor-element-3ce12c44 elementor-widget elementor-widget-heading\" data-id=\"3ce12c44\" data-element_type=\"widget\" data-widget_type=\"heading.default\">\n\t\t\t\t<div class=\"elementor-widget-container\">\n\t\t\t<h5 class=\"elementor-heading-title elementor-size-default\">Zielgruppe<\/h5>\t\t<\/div>\n\t\t\t\t<\/div>\n\t\t\t\t<div class=\"elementor-element elementor-element-5a2f7d7c elementor-widget elementor-widget-heading\" data-id=\"5a2f7d7c\" data-element_type=\"widget\" data-widget_type=\"heading.default\">\n\t\t\t\t<div class=\"elementor-widget-container\">\n\t\t\t<h6 class=\"elementor-heading-title elementor-size-default\">Teilnehmende von z.B: P\u00e4dagogischer Tag | Seminar | Schulung |(Jugend-)Freizeit | etc.<br><br>Mindestens 12 bis Maximal 25 Teilnehmende<\/h6>\t\t<\/div>\n\t\t\t\t<\/div>\n\t\t\t\t<\/div>\n\t\t<div class=\"elementor-element elementor-element-752abf70 e-con-full e-flex e-con e-child\" data-id=\"752abf70\" data-element_type=\"container\">\n\t\t\t\t<div class=\"elementor-element elementor-element-54062d9b elementor-widget elementor-widget-heading\" data-id=\"54062d9b\" data-element_type=\"widget\" data-widget_type=\"heading.default\">\n\t\t\t\t<div class=\"elementor-widget-container\">\n\t\t\t<h5 class=\"elementor-heading-title elementor-size-default\">Dauer<\/h5>\t\t<\/div>\n\t\t\t\t<\/div>\n\t\t\t\t<div class=\"elementor-element elementor-element-176ff4c6 elementor-widget elementor-widget-heading\" data-id=\"176ff4c6\" data-element_type=\"widget\" data-widget_type=\"heading.default\">\n\t\t\t\t<div class=\"elementor-widget-container\">\n\t\t\t<h6 class=\"elementor-heading-title elementor-size-default\">8 Stunden inkl. Pausen<br><i>&gt;&gt;&gt; f\u00fcr Schulklassen<\/i> <i>idealerweise an zwei aufeinanderfolgenden Vormittagen &lt;&lt;&lt;<\/i><br><br><br><b>Kurzversion f\u00fcr Schulklassen<\/b> <i>(ca. 4,5 Zeitstunden = 6 Schulstunden)<\/i><\/h6>\t\t<\/div>\n\t\t\t\t<\/div>\n\t\t\t\t<\/div>\n\t\t<div class=\"elementor-element elementor-element-803bf1 e-con-full e-flex e-con e-child\" data-id=\"803bf1\" data-element_type=\"container\">\n\t\t\t\t<div class=\"elementor-element elementor-element-61ed6524 elementor-widget elementor-widget-heading\" data-id=\"61ed6524\" data-element_type=\"widget\" data-widget_type=\"heading.default\">\n\t\t\t\t<div class=\"elementor-widget-container\">\n\t\t\t<h5 class=\"elementor-heading-title elementor-size-default\">Kosten<\/h5>\t\t<\/div>\n\t\t\t\t<\/div>\n\t\t\t\t<div class=\"elementor-element elementor-element-58b54d0a elementor-widget elementor-widget-heading\" data-id=\"58b54d0a\" data-element_type=\"widget\" data-widget_type=\"heading.default\">\n\t\t\t\t<div class=\"elementor-widget-container\">\n\t\t\t<h6 class=\"elementor-heading-title elementor-size-default\">950,- \u20ac (brutto),<br>zzgl. Fahrtkosten<br><br><br><br><br><br>450,- \u20ac (Brutto),<br>Zzgl. Fahrtkosten<\/h6>\t\t<\/div>\n\t\t\t\t<\/div>\n\t\t\t\t<\/div>\n\t\t<div class=\"elementor-element elementor-element-ea12eb e-con-full e-flex e-con e-child\" data-id=\"ea12eb\" data-element_type=\"container\">\n\t\t\t\t<\/div>\n\t\t<div class=\"elementor-element elementor-element-1b113db2 e-con-full e-flex e-con e-child\" data-id=\"1b113db2\" data-element_type=\"container\">\n\t\t\t\t<\/div>\n\t\t<div class=\"elementor-element elementor-element-210c4414 e-con-full e-flex e-con e-child\" data-id=\"210c4414\" data-element_type=\"container\">\n\t\t\t\t<\/div>\n\t\t\t\t<\/div>\n\t\t<div class=\"elementor-element elementor-element-af58693 e-con-full e-flex e-con e-parent\" data-id=\"af58693\" data-element_type=\"container\">\n\t\t<div class=\"elementor-element elementor-element-ecc9f15 e-con-full e-flex e-con e-child\" data-id=\"ecc9f15\" data-element_type=\"container\">\n\t\t\t\t<div class=\"elementor-element elementor-element-8cda599 elementor-widget elementor-widget-spacer\" data-id=\"8cda599\" data-element_type=\"widget\" data-widget_type=\"spacer.default\">\n\t\t\t\t<div class=\"elementor-widget-container\">\n\t\t\t\t\t<div class=\"elementor-spacer\">\n\t\t\t<div class=\"elementor-spacer-inner\"><\/div>\n\t\t<\/div>\n\t\t\t\t<\/div>\n\t\t\t\t<\/div>\n\t\t\t\t<div class=\"elementor-element elementor-element-b368dba elementor-widget elementor-widget-image\" data-id=\"b368dba\" data-element_type=\"widget\" data-widget_type=\"image.default\">\n\t\t\t\t<div class=\"elementor-widget-container\">\n\t\t\t\t\t\t\t\t\t\t\t\t\t<img decoding=\"async\" width=\"1024\" height=\"5\" src=\"https:\/\/www.werte-im-blick.de\/wordpress\/wp-content\/uploads\/2024\/12\/Linie-1024x5.png\" class=\"attachment-large size-large wp-image-42\" alt=\"Trenn-Liene\" srcset=\"https:\/\/www.werte-im-blick.de\/wordpress\/wp-content\/uploads\/2024\/12\/Linie-1024x5.png 1024w, https:\/\/www.werte-im-blick.de\/wordpress\/wp-content\/uploads\/2024\/12\/Linie-300x2.png 300w, https:\/\/www.werte-im-blick.de\/wordpress\/wp-content\/uploads\/2024\/12\/Linie-768x4.png 768w, https:\/\/www.werte-im-blick.de\/wordpress\/wp-content\/uploads\/2024\/12\/Linie.png 1141w\" sizes=\"(max-width: 1024px) 100vw, 1024px\" \/>\t\t\t\t\t\t\t\t\t\t\t\t\t<\/div>\n\t\t\t\t<\/div>\n\t\t\t\t<div class=\"elementor-element elementor-element-7e9dd68 elementor-widget elementor-widget-spacer\" data-id=\"7e9dd68\" data-element_type=\"widget\" data-widget_type=\"spacer.default\">\n\t\t\t\t<div class=\"elementor-widget-container\">\n\t\t\t\t\t<div class=\"elementor-spacer\">\n\t\t\t<div class=\"elementor-spacer-inner\"><\/div>\n\t\t<\/div>\n\t\t\t\t<\/div>\n\t\t\t\t<\/div>\n\t\t\t\t<div class=\"elementor-element elementor-element-75b5a97 elementor-widget elementor-widget-heading\" data-id=\"75b5a97\" data-element_type=\"widget\" data-widget_type=\"heading.default\">\n\t\t\t\t<div class=\"elementor-widget-container\">\n\t\t\t<h2 class=\"elementor-heading-title elementor-size-default\">Vortr\u00e4ge und individuelle Workshops: \n\nDemokratiebildung<\/h2>\t\t<\/div>\n\t\t\t\t<\/div>\n\t\t\t\t<\/div>\n\t\t<div class=\"elementor-element elementor-element-2f47584 e-con-full e-flex e-con e-child\" data-id=\"2f47584\" data-element_type=\"container\">\n\t\t\t\t<div class=\"elementor-element elementor-element-e63c457 elementor-widget elementor-widget-text-editor\" data-id=\"e63c457\" data-element_type=\"widget\" data-widget_type=\"text-editor.default\">\n\t\t\t\t<div class=\"elementor-widget-container\">\n\t\t\t\t\t\t\t<p class=\"p1\">Auf Anfrage stehe ich Ihnen gerne f\u00fcr die Konzeption und Umsetzung thematischer Workshops oder f\u00fcr Vortr\u00e4ge im Themenfeld Demokratief\u00f6rderung zur Verf\u00fcgung.<\/p>\t\t\t\t\t\t<\/div>\n\t\t\t\t<\/div>\n\t\t\t\t<\/div>\n\t\t<div class=\"elementor-element elementor-element-6a5b674 e-con-full e-flex e-con e-child\" data-id=\"6a5b674\" data-element_type=\"container\">\n\t\t\t\t<\/div>\n\t\t<div class=\"elementor-element elementor-element-cc62ca8 e-con-full e-flex e-con e-child\" data-id=\"cc62ca8\" data-element_type=\"container\">\n\t\t\t\t<\/div>\n\t\t<div class=\"elementor-element elementor-element-7d9aedb e-con-full e-flex e-con e-child\" data-id=\"7d9aedb\" data-element_type=\"container\">\n\t\t\t\t<\/div>\n\t\t\t\t<\/div>\n\t\t\t\t<\/div>\n\t\t","protected":false},"excerpt":{"rendered":"<p>Argumentationstraining gegen Rechts\u200b Training f\u00fcr ein aktives und situationsbedingt ad\u00e4quates Verhalten, um mit antidemokratischen \u00c4u\u00dferungen im Alltag umzugehen. Information\/ Inhalt \u201eMan wird ja wohl noch sagen d\u00fcrfen\u2026\u201c leitet oft einen &#8230;<\/p>\n","protected":false},"author":1,"featured_media":0,"parent":0,"menu_order":0,"comment_status":"closed","ping_status":"closed","template":"","meta":{"footnotes":""},"class_list":["post-583","page","type-page","status-publish","hentry"],"yoast_head":"<!-- This site is optimized with the Yoast SEO plugin v24.1 - https:\/\/yoast.com\/wordpress\/plugins\/seo\/ -->\n<title>argumentationstraining_gegen_rechts - WERTE !M BLICK<\/title>\n<meta name=\"robots\" content=\"index, follow, max-snippet:-1, max-image-preview:large, max-video-preview:-1\" \/>\n<link rel=\"canonical\" href=\"https:\/\/www.werte-im-blick.de\/wordpress\/?page_id=583\" \/>\n<meta property=\"og:locale\" content=\"de_DE\" \/>\n<meta property=\"og:type\" content=\"article\" \/>\n<meta property=\"og:title\" content=\"argumentationstraining_gegen_rechts - WERTE !M BLICK\" \/>\n<meta property=\"og:description\" content=\"Argumentationstraining gegen Rechts\u200b Training f\u00fcr ein aktives und situationsbedingt ad\u00e4quates Verhalten, um mit antidemokratischen \u00c4u\u00dferungen im Alltag umzugehen. Information\/ Inhalt \u201eMan wird ja wohl noch sagen d\u00fcrfen\u2026\u201c leitet oft einen ...\" \/>\n<meta property=\"og:url\" content=\"https:\/\/www.werte-im-blick.de\/wordpress\/?page_id=583\" \/>\n<meta property=\"og:site_name\" content=\"WERTE !M BLICK\" \/>\n<meta property=\"article:modified_time\" content=\"2026-03-19T13:28:35+00:00\" \/>\n<meta property=\"og:image\" content=\"https:\/\/www.werte-im-blick.de\/wordpress\/wp-content\/uploads\/2025\/09\/03_Argumentation-1024x1024.jpg\" \/>\n\t<meta property=\"og:image:width\" content=\"1024\" \/>\n\t<meta property=\"og:image:height\" content=\"1024\" \/>\n\t<meta property=\"og:image:type\" content=\"image\/jpeg\" \/>\n<meta name=\"twitter:card\" content=\"summary_large_image\" \/>\n<meta name=\"twitter:label1\" content=\"Gesch\u00e4tzte Lesezeit\" \/>\n\t<meta name=\"twitter:data1\" content=\"2\u00a0Minuten\" \/>\n<script type=\"application\/ld+json\" class=\"yoast-schema-graph\">{\"@context\":\"https:\/\/schema.org\",\"@graph\":[{\"@type\":\"WebPage\",\"@id\":\"https:\/\/www.werte-im-blick.de\/wordpress\/?page_id=583\",\"url\":\"https:\/\/www.werte-im-blick.de\/wordpress\/?page_id=583\",\"name\":\"argumentationstraining_gegen_rechts - WERTE !M BLICK\",\"isPartOf\":{\"@id\":\"https:\/\/www.werte-im-blick.de\/wordpress\/#website\"},\"primaryImageOfPage\":{\"@id\":\"https:\/\/www.werte-im-blick.de\/wordpress\/?page_id=583#primaryimage\"},\"image\":{\"@id\":\"https:\/\/www.werte-im-blick.de\/wordpress\/?page_id=583#primaryimage\"},\"thumbnailUrl\":\"https:\/\/www.werte-im-blick.de\/wordpress\/wp-content\/uploads\/2025\/09\/03_Argumentation-150x150.jpg\",\"datePublished\":\"2025-01-03T23:56:28+00:00\",\"dateModified\":\"2026-03-19T13:28:35+00:00\",\"breadcrumb\":{\"@id\":\"https:\/\/www.werte-im-blick.de\/wordpress\/?page_id=583#breadcrumb\"},\"inLanguage\":\"de\",\"potentialAction\":[{\"@type\":\"ReadAction\",\"target\":[\"https:\/\/www.werte-im-blick.de\/wordpress\/?page_id=583\"]}]},{\"@type\":\"ImageObject\",\"inLanguage\":\"de\",\"@id\":\"https:\/\/www.werte-im-blick.de\/wordpress\/?page_id=583#primaryimage\",\"url\":\"https:\/\/www.werte-im-blick.de\/wordpress\/wp-content\/uploads\/2025\/09\/03_Argumentation.jpg\",\"contentUrl\":\"https:\/\/www.werte-im-blick.de\/wordpress\/wp-content\/uploads\/2025\/09\/03_Argumentation.jpg\",\"width\":1535,\"height\":1535},{\"@type\":\"BreadcrumbList\",\"@id\":\"https:\/\/www.werte-im-blick.de\/wordpress\/?page_id=583#breadcrumb\",\"itemListElement\":[{\"@type\":\"ListItem\",\"position\":1,\"name\":\"Startseite\",\"item\":\"https:\/\/www.werte-im-blick.de\/wordpress\/\"},{\"@type\":\"ListItem\",\"position\":2,\"name\":\"argumentationstraining_gegen_rechts\"}]},{\"@type\":\"WebSite\",\"@id\":\"https:\/\/www.werte-im-blick.de\/wordpress\/#website\",\"url\":\"https:\/\/www.werte-im-blick.de\/wordpress\/\",\"name\":\"WERTE !M BLICK\",\"description\":\"\",\"publisher\":{\"@id\":\"https:\/\/www.werte-im-blick.de\/wordpress\/#organization\"},\"potentialAction\":[{\"@type\":\"SearchAction\",\"target\":{\"@type\":\"EntryPoint\",\"urlTemplate\":\"https:\/\/www.werte-im-blick.de\/wordpress\/?s={search_term_string}\"},\"query-input\":{\"@type\":\"PropertyValueSpecification\",\"valueRequired\":true,\"valueName\":\"search_term_string\"}}],\"inLanguage\":\"de\"},{\"@type\":\"Organization\",\"@id\":\"https:\/\/www.werte-im-blick.de\/wordpress\/#organization\",\"name\":\"WERTE !M BLICK\",\"url\":\"https:\/\/www.werte-im-blick.de\/wordpress\/\",\"logo\":{\"@type\":\"ImageObject\",\"inLanguage\":\"de\",\"@id\":\"https:\/\/www.werte-im-blick.de\/wordpress\/#\/schema\/logo\/image\/\",\"url\":\"https:\/\/www.werte-im-blick.de\/wordpress\/wp-content\/uploads\/2024\/12\/cropped-werte_im_blick_logo_website.png\",\"contentUrl\":\"https:\/\/www.werte-im-blick.de\/wordpress\/wp-content\/uploads\/2024\/12\/cropped-werte_im_blick_logo_website.png\",\"width\":329,\"height\":100,\"caption\":\"WERTE !M BLICK\"},\"image\":{\"@id\":\"https:\/\/www.werte-im-blick.de\/wordpress\/#\/schema\/logo\/image\/\"}}]}<\/script>\n<!-- \/ Yoast SEO plugin. -->","yoast_head_json":{"title":"argumentationstraining_gegen_rechts - WERTE !M BLICK","robots":{"index":"index","follow":"follow","max-snippet":"max-snippet:-1","max-image-preview":"max-image-preview:large","max-video-preview":"max-video-preview:-1"},"canonical":"https:\/\/www.werte-im-blick.de\/wordpress\/?page_id=583","og_locale":"de_DE","og_type":"article","og_title":"argumentationstraining_gegen_rechts - WERTE !M BLICK","og_description":"Argumentationstraining gegen Rechts\u200b Training f\u00fcr ein aktives und situationsbedingt ad\u00e4quates Verhalten, um mit antidemokratischen \u00c4u\u00dferungen im Alltag umzugehen. Information\/ Inhalt \u201eMan wird ja wohl noch sagen d\u00fcrfen\u2026\u201c leitet oft einen ...","og_url":"https:\/\/www.werte-im-blick.de\/wordpress\/?page_id=583","og_site_name":"WERTE !M BLICK","article_modified_time":"2026-03-19T13:28:35+00:00","og_image":[{"width":1024,"height":1024,"url":"https:\/\/www.werte-im-blick.de\/wordpress\/wp-content\/uploads\/2025\/09\/03_Argumentation-1024x1024.jpg","type":"image\/jpeg"}],"twitter_card":"summary_large_image","twitter_misc":{"Gesch\u00e4tzte Lesezeit":"2\u00a0Minuten"},"schema":{"@context":"https:\/\/schema.org","@graph":[{"@type":"WebPage","@id":"https:\/\/www.werte-im-blick.de\/wordpress\/?page_id=583","url":"https:\/\/www.werte-im-blick.de\/wordpress\/?page_id=583","name":"argumentationstraining_gegen_rechts - WERTE !M BLICK","isPartOf":{"@id":"https:\/\/www.werte-im-blick.de\/wordpress\/#website"},"primaryImageOfPage":{"@id":"https:\/\/www.werte-im-blick.de\/wordpress\/?page_id=583#primaryimage"},"image":{"@id":"https:\/\/www.werte-im-blick.de\/wordpress\/?page_id=583#primaryimage"},"thumbnailUrl":"https:\/\/www.werte-im-blick.de\/wordpress\/wp-content\/uploads\/2025\/09\/03_Argumentation-150x150.jpg","datePublished":"2025-01-03T23:56:28+00:00","dateModified":"2026-03-19T13:28:35+00:00","breadcrumb":{"@id":"https:\/\/www.werte-im-blick.de\/wordpress\/?page_id=583#breadcrumb"},"inLanguage":"de","potentialAction":[{"@type":"ReadAction","target":["https:\/\/www.werte-im-blick.de\/wordpress\/?page_id=583"]}]},{"@type":"ImageObject","inLanguage":"de","@id":"https:\/\/www.werte-im-blick.de\/wordpress\/?page_id=583#primaryimage","url":"https:\/\/www.werte-im-blick.de\/wordpress\/wp-content\/uploads\/2025\/09\/03_Argumentation.jpg","contentUrl":"https:\/\/www.werte-im-blick.de\/wordpress\/wp-content\/uploads\/2025\/09\/03_Argumentation.jpg","width":1535,"height":1535},{"@type":"BreadcrumbList","@id":"https:\/\/www.werte-im-blick.de\/wordpress\/?page_id=583#breadcrumb","itemListElement":[{"@type":"ListItem","position":1,"name":"Startseite","item":"https:\/\/www.werte-im-blick.de\/wordpress\/"},{"@type":"ListItem","position":2,"name":"argumentationstraining_gegen_rechts"}]},{"@type":"WebSite","@id":"https:\/\/www.werte-im-blick.de\/wordpress\/#website","url":"https:\/\/www.werte-im-blick.de\/wordpress\/","name":"WERTE !M BLICK","description":"","publisher":{"@id":"https:\/\/www.werte-im-blick.de\/wordpress\/#organization"},"potentialAction":[{"@type":"SearchAction","target":{"@type":"EntryPoint","urlTemplate":"https:\/\/www.werte-im-blick.de\/wordpress\/?s={search_term_string}"},"query-input":{"@type":"PropertyValueSpecification","valueRequired":true,"valueName":"search_term_string"}}],"inLanguage":"de"},{"@type":"Organization","@id":"https:\/\/www.werte-im-blick.de\/wordpress\/#organization","name":"WERTE !M BLICK","url":"https:\/\/www.werte-im-blick.de\/wordpress\/","logo":{"@type":"ImageObject","inLanguage":"de","@id":"https:\/\/www.werte-im-blick.de\/wordpress\/#\/schema\/logo\/image\/","url":"https:\/\/www.werte-im-blick.de\/wordpress\/wp-content\/uploads\/2024\/12\/cropped-werte_im_blick_logo_website.png","contentUrl":"https:\/\/www.werte-im-blick.de\/wordpress\/wp-content\/uploads\/2024\/12\/cropped-werte_im_blick_logo_website.png","width":329,"height":100,"caption":"WERTE !M BLICK"},"image":{"@id":"https:\/\/www.werte-im-blick.de\/wordpress\/#\/schema\/logo\/image\/"}}]}},"_links":{"self":[{"href":"https:\/\/www.werte-im-blick.de\/wordpress\/index.php?rest_route=\/wp\/v2\/pages\/583","targetHints":{"allow":["GET"]}}],"collection":[{"href":"https:\/\/www.werte-im-blick.de\/wordpress\/index.php?rest_route=\/wp\/v2\/pages"}],"about":[{"href":"https:\/\/www.werte-im-blick.de\/wordpress\/index.php?rest_route=\/wp\/v2\/types\/page"}],"author":[{"embeddable":true,"href":"https:\/\/www.werte-im-blick.de\/wordpress\/index.php?rest_route=\/wp\/v2\/users\/1"}],"replies":[{"embeddable":true,"href":"https:\/\/www.werte-im-blick.de\/wordpress\/index.php?rest_route=%2Fwp%2Fv2%2Fcomments&post=583"}],"version-history":[{"count":37,"href":"https:\/\/www.werte-im-blick.de\/wordpress\/index.php?rest_route=\/wp\/v2\/pages\/583\/revisions"}],"predecessor-version":[{"id":1439,"href":"https:\/\/www.werte-im-blick.de\/wordpress\/index.php?rest_route=\/wp\/v2\/pages\/583\/revisions\/1439"}],"wp:attachment":[{"href":"https:\/\/www.werte-im-blick.de\/wordpress\/index.php?rest_route=%2Fwp%2Fv2%2Fmedia&parent=583"}],"curies":[{"name":"wp","href":"https:\/\/api.w.org\/{rel}","templated":true}]}}