{"id":712,"date":"2025-01-04T23:26:25","date_gmt":"2025-01-04T23:26:25","guid":{"rendered":"https:\/\/www.werte-im-blick.de\/wordpress\/?page_id=712"},"modified":"2025-03-14T16:14:32","modified_gmt":"2025-03-14T16:14:32","slug":"terminfindung","status":"publish","type":"page","link":"https:\/\/www.werte-im-blick.de\/wordpress\/?page_id=712","title":{"rendered":"terminfindung"},"content":{"rendered":"\t\t<div data-elementor-type=\"wp-page\" data-elementor-id=\"712\" class=\"elementor elementor-712\">\n\t\t\t\t<div class=\"elementor-element elementor-element-549a39c3 e-con-full e-flex e-con e-parent\" data-id=\"549a39c3\" data-element_type=\"container\">\n\t\t<div class=\"elementor-element elementor-element-33c2378a e-con-full e-flex e-con e-child\" data-id=\"33c2378a\" data-element_type=\"container\">\n\t\t\t\t<div class=\"elementor-element elementor-element-24b810a7 elementor-widget elementor-widget-heading\" data-id=\"24b810a7\" data-element_type=\"widget\" data-widget_type=\"heading.default\">\n\t\t\t\t<div class=\"elementor-widget-container\">\n\t\t\t<h2 class=\"elementor-heading-title elementor-size-default\">Terminfindung<\/h2>\t\t<\/div>\n\t\t\t\t<\/div>\n\t\t\t\t<\/div>\n\t\t<div class=\"elementor-element elementor-element-3841bc5 e-con-full e-flex e-con e-child\" data-id=\"3841bc5\" data-element_type=\"container\">\n\t\t\t\t<div class=\"elementor-element elementor-element-5d7edd21 elementor-widget elementor-widget-text-editor\" data-id=\"5d7edd21\" data-element_type=\"widget\" data-widget_type=\"text-editor.default\">\n\t\t\t\t<div class=\"elementor-widget-container\">\n\t\t\t\t\t\t\t<div class=\"elementor-element elementor-element-54cdaa2 elementor-widget elementor-widget-text-editor\" data-id=\"54cdaa2\" data-element_type=\"widget\" data-widget_type=\"text-editor.default\">\n<div class=\"elementor-widget-container\">\n<p class=\"p1\">Nach Kontaktaufnahme und Entscheidung f\u00fcr einen Workshop ben\u00f6tige ich f\u00fcr meine Planungen eine kurze schriftliche Anfrage, gerne per Mail.<\/p>\n<p class=\"p1\">In der Regel sollte die Anfrage sechs bis acht Wochen vor dem gew\u00fcnschten Termin erfolgen, gerne fr\u00fcher. Ich stehe bei Kapazit\u00e4t aber auch kurzfristig zur Verf\u00fcgung. Die Zeitfenster werden entsprechend der Reihenfolge der Anfragen vergeben. Ich bitte darum, mir neben Ihrem Wunschtermin, den ich prim\u00e4r zu erf\u00fcllen versuche, auch einen\/mehrere Alternativtermine zu nennen.<\/p>\n<p class=\"p1\">Sollte der Wunsch- oder ein Alternativtermin f\u00fcr mich m\u00f6glich sein, erhalten Sie direkt eine Auftragsbest\u00e4tigung mit allen notwendigen Informationen zu Technik, Materialien, Kosten und Stornofristen etc. Ebenso eine kurze Abfrage zur jeweiligen Gruppe\/Klasse und eventueller Besonderheiten, die ich als Referent ber\u00fccksichtigen sollte. Das angefragte Zeitfenster ist f\u00fcr Sie danach eine Woche lang reserviert. Erfolgt keine R\u00fcckbest\u00e4tigung, verf\u00e4llt der Termin und das Zeitfenster wird f\u00fcr neue Anfragen wieder frei.<\/p>\n<p class=\"p1\">Mit einer R\u00fcckbest\u00e4tigung meinerseits ist der jeweilige Workshop verbindlich gebucht und es gelten die auf diesen Seiten angegebenen <a href=\"https:\/\/www.werte-im-blick.de\/wordpress\/?page_id=741\" target=\"_blank\" rel=\"noopener\">Stornierungsbedingungen<\/a>.<\/p>\n<\/div>\n<\/div>\n<p class=\"p1\"><em><strong>Hinweis<\/strong>: Es bietet sich an, f\u00fcr zwei Gruppen\/Klassen eine Umsetzung an einem Tag zu buchen, um die Fahrtkosten entsprechend zu reduzieren. Bitte beachten Sie, dass zwischen den Umsetzungen 15- 20 Minuten Pause eingeplant werden sollten. <\/em><\/p>\n<p class=\"p1\"><em>Auf Anfrage setze ich<strong> pro Tag maximal drei Workshops<\/strong> um, wenn zwischen Workshop 2 und 3 mindestens eine 45-min\u00fctige Pause einkalkuliert wird. (Zeitliches Beispiel f\u00fcr Workshops von zwei Schulstunden L\u00e4nge: zwei Umsetzungen am Vormittag: 9.15 -10.45h und 11.15 &#8211; 12.45h + eine Umsetzung von 13.30-15.00h | f\u00fcr Workshops von drei Schulstunden L\u00e4nge: 7.45h &#8211; 10.00 Uhr und 10.20 &#8211; 12.50 Uhr + 13.35 Uhr bis 15.50h)<\/em><\/p>\t\t\t\t\t\t<\/div>\n\t\t\t\t<\/div>\n\t\t\t\t<\/div>\n\t\t<div class=\"elementor-element elementor-element-48639582 e-con-full e-flex e-con e-child\" data-id=\"48639582\" data-element_type=\"container\">\n\t\t\t\t<\/div>\n\t\t<div class=\"elementor-element elementor-element-48e15b77 e-con-full e-flex e-con e-child\" data-id=\"48e15b77\" data-element_type=\"container\">\n\t\t\t\t<\/div>\n\t\t<div class=\"elementor-element elementor-element-5851ad97 e-con-full e-flex e-con e-child\" data-id=\"5851ad97\" data-element_type=\"container\">\n\t\t\t\t<\/div>\n\t\t\t\t<\/div>\n\t\t\t\t<\/div>\n\t\t","protected":false},"excerpt":{"rendered":"<p>Terminfindung Nach Kontaktaufnahme und Entscheidung f\u00fcr einen Workshop ben\u00f6tige ich f\u00fcr meine Planungen eine kurze schriftliche Anfrage, gerne per Mail. In der Regel sollte die Anfrage sechs bis acht Wochen &#8230;<\/p>\n","protected":false},"author":1,"featured_media":0,"parent":0,"menu_order":0,"comment_status":"closed","ping_status":"closed","template":"","meta":{"footnotes":""},"class_list":["post-712","page","type-page","status-publish","hentry"],"yoast_head":"<!-- This site is optimized with the Yoast SEO plugin v24.1 - https:\/\/yoast.com\/wordpress\/plugins\/seo\/ -->\n<title>terminfindung - WERTE !M BLICK<\/title>\n<meta name=\"robots\" content=\"index, follow, max-snippet:-1, max-image-preview:large, max-video-preview:-1\" \/>\n<link rel=\"canonical\" href=\"https:\/\/www.werte-im-blick.de\/wordpress\/?page_id=712\" \/>\n<meta property=\"og:locale\" content=\"de_DE\" \/>\n<meta property=\"og:type\" content=\"article\" \/>\n<meta property=\"og:title\" content=\"terminfindung - WERTE !M BLICK\" \/>\n<meta property=\"og:description\" content=\"Terminfindung Nach Kontaktaufnahme und Entscheidung f\u00fcr einen Workshop ben\u00f6tige ich f\u00fcr meine Planungen eine kurze schriftliche Anfrage, gerne per Mail. In der Regel sollte die Anfrage sechs bis acht Wochen ...\" \/>\n<meta property=\"og:url\" content=\"https:\/\/www.werte-im-blick.de\/wordpress\/?page_id=712\" \/>\n<meta property=\"og:site_name\" content=\"WERTE !M BLICK\" \/>\n<meta property=\"article:modified_time\" content=\"2025-03-14T16:14:32+00:00\" \/>\n<meta name=\"twitter:card\" content=\"summary_large_image\" \/>\n<meta name=\"twitter:label1\" content=\"Gesch\u00e4tzte Lesezeit\" \/>\n\t<meta name=\"twitter:data1\" content=\"3\u00a0Minuten\" \/>\n<script type=\"application\/ld+json\" class=\"yoast-schema-graph\">{\"@context\":\"https:\/\/schema.org\",\"@graph\":[{\"@type\":\"WebPage\",\"@id\":\"https:\/\/www.werte-im-blick.de\/wordpress\/?page_id=712\",\"url\":\"https:\/\/www.werte-im-blick.de\/wordpress\/?page_id=712\",\"name\":\"terminfindung - WERTE !M BLICK\",\"isPartOf\":{\"@id\":\"https:\/\/www.werte-im-blick.de\/wordpress\/#website\"},\"datePublished\":\"2025-01-04T23:26:25+00:00\",\"dateModified\":\"2025-03-14T16:14:32+00:00\",\"breadcrumb\":{\"@id\":\"https:\/\/www.werte-im-blick.de\/wordpress\/?page_id=712#breadcrumb\"},\"inLanguage\":\"de\",\"potentialAction\":[{\"@type\":\"ReadAction\",\"target\":[\"https:\/\/www.werte-im-blick.de\/wordpress\/?page_id=712\"]}]},{\"@type\":\"BreadcrumbList\",\"@id\":\"https:\/\/www.werte-im-blick.de\/wordpress\/?page_id=712#breadcrumb\",\"itemListElement\":[{\"@type\":\"ListItem\",\"position\":1,\"name\":\"Startseite\",\"item\":\"https:\/\/www.werte-im-blick.de\/wordpress\/\"},{\"@type\":\"ListItem\",\"position\":2,\"name\":\"terminfindung\"}]},{\"@type\":\"WebSite\",\"@id\":\"https:\/\/www.werte-im-blick.de\/wordpress\/#website\",\"url\":\"https:\/\/www.werte-im-blick.de\/wordpress\/\",\"name\":\"WERTE !M BLICK\",\"description\":\"\",\"publisher\":{\"@id\":\"https:\/\/www.werte-im-blick.de\/wordpress\/#organization\"},\"potentialAction\":[{\"@type\":\"SearchAction\",\"target\":{\"@type\":\"EntryPoint\",\"urlTemplate\":\"https:\/\/www.werte-im-blick.de\/wordpress\/?s={search_term_string}\"},\"query-input\":{\"@type\":\"PropertyValueSpecification\",\"valueRequired\":true,\"valueName\":\"search_term_string\"}}],\"inLanguage\":\"de\"},{\"@type\":\"Organization\",\"@id\":\"https:\/\/www.werte-im-blick.de\/wordpress\/#organization\",\"name\":\"WERTE !M BLICK\",\"url\":\"https:\/\/www.werte-im-blick.de\/wordpress\/\",\"logo\":{\"@type\":\"ImageObject\",\"inLanguage\":\"de\",\"@id\":\"https:\/\/www.werte-im-blick.de\/wordpress\/#\/schema\/logo\/image\/\",\"url\":\"https:\/\/www.werte-im-blick.de\/wordpress\/wp-content\/uploads\/2024\/12\/cropped-werte_im_blick_logo_website.png\",\"contentUrl\":\"https:\/\/www.werte-im-blick.de\/wordpress\/wp-content\/uploads\/2024\/12\/cropped-werte_im_blick_logo_website.png\",\"width\":329,\"height\":100,\"caption\":\"WERTE !M BLICK\"},\"image\":{\"@id\":\"https:\/\/www.werte-im-blick.de\/wordpress\/#\/schema\/logo\/image\/\"}}]}<\/script>\n<!-- \/ Yoast SEO plugin. -->","yoast_head_json":{"title":"terminfindung - WERTE !M BLICK","robots":{"index":"index","follow":"follow","max-snippet":"max-snippet:-1","max-image-preview":"max-image-preview:large","max-video-preview":"max-video-preview:-1"},"canonical":"https:\/\/www.werte-im-blick.de\/wordpress\/?page_id=712","og_locale":"de_DE","og_type":"article","og_title":"terminfindung - WERTE !M BLICK","og_description":"Terminfindung Nach Kontaktaufnahme und Entscheidung f\u00fcr einen Workshop ben\u00f6tige ich f\u00fcr meine Planungen eine kurze schriftliche Anfrage, gerne per Mail. In der Regel sollte die Anfrage sechs bis acht Wochen ...","og_url":"https:\/\/www.werte-im-blick.de\/wordpress\/?page_id=712","og_site_name":"WERTE !M BLICK","article_modified_time":"2025-03-14T16:14:32+00:00","twitter_card":"summary_large_image","twitter_misc":{"Gesch\u00e4tzte Lesezeit":"3\u00a0Minuten"},"schema":{"@context":"https:\/\/schema.org","@graph":[{"@type":"WebPage","@id":"https:\/\/www.werte-im-blick.de\/wordpress\/?page_id=712","url":"https:\/\/www.werte-im-blick.de\/wordpress\/?page_id=712","name":"terminfindung - WERTE !M BLICK","isPartOf":{"@id":"https:\/\/www.werte-im-blick.de\/wordpress\/#website"},"datePublished":"2025-01-04T23:26:25+00:00","dateModified":"2025-03-14T16:14:32+00:00","breadcrumb":{"@id":"https:\/\/www.werte-im-blick.de\/wordpress\/?page_id=712#breadcrumb"},"inLanguage":"de","potentialAction":[{"@type":"ReadAction","target":["https:\/\/www.werte-im-blick.de\/wordpress\/?page_id=712"]}]},{"@type":"BreadcrumbList","@id":"https:\/\/www.werte-im-blick.de\/wordpress\/?page_id=712#breadcrumb","itemListElement":[{"@type":"ListItem","position":1,"name":"Startseite","item":"https:\/\/www.werte-im-blick.de\/wordpress\/"},{"@type":"ListItem","position":2,"name":"terminfindung"}]},{"@type":"WebSite","@id":"https:\/\/www.werte-im-blick.de\/wordpress\/#website","url":"https:\/\/www.werte-im-blick.de\/wordpress\/","name":"WERTE !M BLICK","description":"","publisher":{"@id":"https:\/\/www.werte-im-blick.de\/wordpress\/#organization"},"potentialAction":[{"@type":"SearchAction","target":{"@type":"EntryPoint","urlTemplate":"https:\/\/www.werte-im-blick.de\/wordpress\/?s={search_term_string}"},"query-input":{"@type":"PropertyValueSpecification","valueRequired":true,"valueName":"search_term_string"}}],"inLanguage":"de"},{"@type":"Organization","@id":"https:\/\/www.werte-im-blick.de\/wordpress\/#organization","name":"WERTE !M BLICK","url":"https:\/\/www.werte-im-blick.de\/wordpress\/","logo":{"@type":"ImageObject","inLanguage":"de","@id":"https:\/\/www.werte-im-blick.de\/wordpress\/#\/schema\/logo\/image\/","url":"https:\/\/www.werte-im-blick.de\/wordpress\/wp-content\/uploads\/2024\/12\/cropped-werte_im_blick_logo_website.png","contentUrl":"https:\/\/www.werte-im-blick.de\/wordpress\/wp-content\/uploads\/2024\/12\/cropped-werte_im_blick_logo_website.png","width":329,"height":100,"caption":"WERTE !M BLICK"},"image":{"@id":"https:\/\/www.werte-im-blick.de\/wordpress\/#\/schema\/logo\/image\/"}}]}},"_links":{"self":[{"href":"https:\/\/www.werte-im-blick.de\/wordpress\/index.php?rest_route=\/wp\/v2\/pages\/712","targetHints":{"allow":["GET"]}}],"collection":[{"href":"https:\/\/www.werte-im-blick.de\/wordpress\/index.php?rest_route=\/wp\/v2\/pages"}],"about":[{"href":"https:\/\/www.werte-im-blick.de\/wordpress\/index.php?rest_route=\/wp\/v2\/types\/page"}],"author":[{"embeddable":true,"href":"https:\/\/www.werte-im-blick.de\/wordpress\/index.php?rest_route=\/wp\/v2\/users\/1"}],"replies":[{"embeddable":true,"href":"https:\/\/www.werte-im-blick.de\/wordpress\/index.php?rest_route=%2Fwp%2Fv2%2Fcomments&post=712"}],"version-history":[{"count":10,"href":"https:\/\/www.werte-im-blick.de\/wordpress\/index.php?rest_route=\/wp\/v2\/pages\/712\/revisions"}],"predecessor-version":[{"id":1078,"href":"https:\/\/www.werte-im-blick.de\/wordpress\/index.php?rest_route=\/wp\/v2\/pages\/712\/revisions\/1078"}],"wp:attachment":[{"href":"https:\/\/www.werte-im-blick.de\/wordpress\/index.php?rest_route=%2Fwp%2Fv2%2Fmedia&parent=712"}],"curies":[{"name":"wp","href":"https:\/\/api.w.org\/{rel}","templated":true}]}}