{"id":728,"date":"2025-01-04T23:36:21","date_gmt":"2025-01-04T23:36:21","guid":{"rendered":"https:\/\/www.werte-im-blick.de\/wordpress\/?page_id=728"},"modified":"2025-01-08T07:48:56","modified_gmt":"2025-01-08T07:48:56","slug":"kosten_workshop","status":"publish","type":"page","link":"https:\/\/www.werte-im-blick.de\/wordpress\/?page_id=728","title":{"rendered":"kosten_workshop"},"content":{"rendered":"\t\t<div data-elementor-type=\"wp-page\" data-elementor-id=\"728\" class=\"elementor elementor-728\">\n\t\t\t\t<div class=\"elementor-element elementor-element-21a8ca1f e-con-full e-flex e-con e-parent\" data-id=\"21a8ca1f\" data-element_type=\"container\">\n\t\t<div class=\"elementor-element elementor-element-516ef797 e-con-full e-flex e-con e-child\" data-id=\"516ef797\" data-element_type=\"container\">\n\t\t\t\t<div class=\"elementor-element elementor-element-39e04ba2 elementor-widget elementor-widget-heading\" data-id=\"39e04ba2\" data-element_type=\"widget\" data-widget_type=\"heading.default\">\n\t\t\t\t<div class=\"elementor-widget-container\">\n\t\t\t<h2 class=\"elementor-heading-title elementor-size-default\">Kosten Workshops<\/h2>\t\t<\/div>\n\t\t\t\t<\/div>\n\t\t\t\t<\/div>\n\t\t<div class=\"elementor-element elementor-element-6e59db4a e-con-full e-flex e-con e-child\" data-id=\"6e59db4a\" data-element_type=\"container\">\n\t\t\t\t<div class=\"elementor-element elementor-element-7efe730c elementor-widget elementor-widget-text-editor\" data-id=\"7efe730c\" data-element_type=\"widget\" data-widget_type=\"text-editor.default\">\n\t\t\t\t<div class=\"elementor-widget-container\">\n\t\t\t\t\t\t\t<p class=\"p1\">Die Kosten und die zeitliche Dauer je Workshop ist jeweils in den Workshop\u00fcbersichten vermerkt. Es handelt sich hierbei um Bruttobetr\u00e4ge. Zus\u00e4tzlich fallen Fahrtkosten an, die ich Ihnen jeweils in der Auftragskl\u00e4rung nenne. Es handelt sich hier um eine Mischkalkulation: Aufgrund von Deutschlandticket und\/oder Sparpreisen ist die H\u00f6he der Kosten vorab nicht genau zu benennen. Je fr\u00fcher eine Anfrage erfolgt, desto g\u00fcnstiger fallen i.d.R. die Fahrtkosten aus. Sollte eine Anreise nur mit dem PKW m\u00f6glich sein, berechne ich einen Kilometersatz von 0,30 Euro\/Kilometer ab Stuttgart Bad Cannstatt.<\/p><p class=\"p1\">Bei einer weiteren Anreise als 2 Zeitstunden komme ich zu Ihnen, wenn mindestens zwei Workshops pro Tag f\u00fcr Ihre Einrichtung gebucht werden.<\/p><p class=\"p1\">Sollte Ihre Anfrage aus einer Region kommen, die weiter als drei Zeitstunden Anreise aus Stuttgart Bad Cannstatt erfordert, berechne ich pauschal 120,- \u20ac mit der An- und Abfahrt und eventuelle \u00dcbernachtung abgedeckt sind.<\/p>\t\t\t\t\t\t<\/div>\n\t\t\t\t<\/div>\n\t\t\t\t<\/div>\n\t\t<div class=\"elementor-element elementor-element-e90048b e-con-full e-flex e-con e-child\" data-id=\"e90048b\" data-element_type=\"container\">\n\t\t\t\t<\/div>\n\t\t<div class=\"elementor-element elementor-element-52e590b3 e-con-full e-flex e-con e-child\" data-id=\"52e590b3\" data-element_type=\"container\">\n\t\t\t\t<\/div>\n\t\t<div class=\"elementor-element elementor-element-1ab5f0d5 e-con-full e-flex e-con e-child\" data-id=\"1ab5f0d5\" data-element_type=\"container\">\n\t\t\t\t<\/div>\n\t\t\t\t<\/div>\n\t\t\t\t<\/div>\n\t\t","protected":false},"excerpt":{"rendered":"<p>Kosten Workshops Die Kosten und die zeitliche Dauer je Workshop ist jeweils in den Workshop\u00fcbersichten vermerkt. Es handelt sich hierbei um Bruttobetr\u00e4ge. Zus\u00e4tzlich fallen Fahrtkosten an, die ich Ihnen jeweils &#8230;<\/p>\n","protected":false},"author":1,"featured_media":0,"parent":0,"menu_order":0,"comment_status":"closed","ping_status":"closed","template":"","meta":{"footnotes":""},"class_list":["post-728","page","type-page","status-publish","hentry"],"yoast_head":"<!-- This site is optimized with the Yoast SEO plugin v24.1 - https:\/\/yoast.com\/wordpress\/plugins\/seo\/ -->\n<title>kosten_workshop - WERTE !M BLICK schreibung%Kosten%Preisehrtkosten<\/title>\n<meta name=\"description\" content=\"\u00dcbersicht zu anfallenden Kosten und Dauer der einzelnen Workshops. Beschreibung der einzelnen Faktoren\/Zusammensetzung der Kosten.\" \/>\n<meta name=\"robots\" content=\"index, follow, max-snippet:-1, max-image-preview:large, max-video-preview:-1\" \/>\n<link rel=\"canonical\" href=\"https:\/\/www.werte-im-blick.de\/wordpress\/?page_id=728\" \/>\n<meta property=\"og:locale\" content=\"de_DE\" \/>\n<meta property=\"og:type\" content=\"article\" \/>\n<meta property=\"og:title\" content=\"kosten_workshop - WERTE !M BLICK schreibung%Kosten%Preisehrtkosten\" \/>\n<meta property=\"og:description\" content=\"\u00dcbersicht zu anfallenden Kosten und Dauer der einzelnen Workshops. Beschreibung der einzelnen Faktoren\/Zusammensetzung der Kosten.\" \/>\n<meta property=\"og:url\" content=\"https:\/\/www.werte-im-blick.de\/wordpress\/?page_id=728\" \/>\n<meta property=\"og:site_name\" content=\"WERTE !M BLICK\" \/>\n<meta property=\"article:modified_time\" content=\"2025-01-08T07:48:56+00:00\" \/>\n<meta name=\"twitter:card\" content=\"summary_large_image\" \/>\n<meta name=\"twitter:label1\" content=\"Gesch\u00e4tzte Lesezeit\" \/>\n\t<meta name=\"twitter:data1\" content=\"1\u00a0Minute\" \/>\n<script type=\"application\/ld+json\" class=\"yoast-schema-graph\">{\"@context\":\"https:\/\/schema.org\",\"@graph\":[{\"@type\":\"WebPage\",\"@id\":\"https:\/\/www.werte-im-blick.de\/wordpress\/?page_id=728\",\"url\":\"https:\/\/www.werte-im-blick.de\/wordpress\/?page_id=728\",\"name\":\"kosten_workshop - WERTE !M BLICK schreibung%Kosten%Preisehrtkosten\",\"isPartOf\":{\"@id\":\"https:\/\/www.werte-im-blick.de\/wordpress\/#website\"},\"datePublished\":\"2025-01-04T23:36:21+00:00\",\"dateModified\":\"2025-01-08T07:48:56+00:00\",\"description\":\"\u00dcbersicht zu anfallenden Kosten und Dauer der einzelnen Workshops. Beschreibung der einzelnen Faktoren\/Zusammensetzung der Kosten.\",\"breadcrumb\":{\"@id\":\"https:\/\/www.werte-im-blick.de\/wordpress\/?page_id=728#breadcrumb\"},\"inLanguage\":\"de\",\"potentialAction\":[{\"@type\":\"ReadAction\",\"target\":[\"https:\/\/www.werte-im-blick.de\/wordpress\/?page_id=728\"]}]},{\"@type\":\"BreadcrumbList\",\"@id\":\"https:\/\/www.werte-im-blick.de\/wordpress\/?page_id=728#breadcrumb\",\"itemListElement\":[{\"@type\":\"ListItem\",\"position\":1,\"name\":\"Startseite\",\"item\":\"https:\/\/www.werte-im-blick.de\/wordpress\/\"},{\"@type\":\"ListItem\",\"position\":2,\"name\":\"kosten_workshop\"}]},{\"@type\":\"WebSite\",\"@id\":\"https:\/\/www.werte-im-blick.de\/wordpress\/#website\",\"url\":\"https:\/\/www.werte-im-blick.de\/wordpress\/\",\"name\":\"WERTE !M BLICK\",\"description\":\"\",\"publisher\":{\"@id\":\"https:\/\/www.werte-im-blick.de\/wordpress\/#organization\"},\"potentialAction\":[{\"@type\":\"SearchAction\",\"target\":{\"@type\":\"EntryPoint\",\"urlTemplate\":\"https:\/\/www.werte-im-blick.de\/wordpress\/?s={search_term_string}\"},\"query-input\":{\"@type\":\"PropertyValueSpecification\",\"valueRequired\":true,\"valueName\":\"search_term_string\"}}],\"inLanguage\":\"de\"},{\"@type\":\"Organization\",\"@id\":\"https:\/\/www.werte-im-blick.de\/wordpress\/#organization\",\"name\":\"WERTE !M BLICK\",\"url\":\"https:\/\/www.werte-im-blick.de\/wordpress\/\",\"logo\":{\"@type\":\"ImageObject\",\"inLanguage\":\"de\",\"@id\":\"https:\/\/www.werte-im-blick.de\/wordpress\/#\/schema\/logo\/image\/\",\"url\":\"https:\/\/www.werte-im-blick.de\/wordpress\/wp-content\/uploads\/2024\/12\/cropped-werte_im_blick_logo_website.png\",\"contentUrl\":\"https:\/\/www.werte-im-blick.de\/wordpress\/wp-content\/uploads\/2024\/12\/cropped-werte_im_blick_logo_website.png\",\"width\":329,\"height\":100,\"caption\":\"WERTE !M BLICK\"},\"image\":{\"@id\":\"https:\/\/www.werte-im-blick.de\/wordpress\/#\/schema\/logo\/image\/\"}}]}<\/script>\n<!-- \/ Yoast SEO plugin. -->","yoast_head_json":{"title":"kosten_workshop - WERTE !M BLICK schreibung%Kosten%Preisehrtkosten","description":"\u00dcbersicht zu anfallenden Kosten und Dauer der einzelnen Workshops. Beschreibung der einzelnen Faktoren\/Zusammensetzung der Kosten.","robots":{"index":"index","follow":"follow","max-snippet":"max-snippet:-1","max-image-preview":"max-image-preview:large","max-video-preview":"max-video-preview:-1"},"canonical":"https:\/\/www.werte-im-blick.de\/wordpress\/?page_id=728","og_locale":"de_DE","og_type":"article","og_title":"kosten_workshop - WERTE !M BLICK schreibung%Kosten%Preisehrtkosten","og_description":"\u00dcbersicht zu anfallenden Kosten und Dauer der einzelnen Workshops. Beschreibung der einzelnen Faktoren\/Zusammensetzung der Kosten.","og_url":"https:\/\/www.werte-im-blick.de\/wordpress\/?page_id=728","og_site_name":"WERTE !M BLICK","article_modified_time":"2025-01-08T07:48:56+00:00","twitter_card":"summary_large_image","twitter_misc":{"Gesch\u00e4tzte Lesezeit":"1\u00a0Minute"},"schema":{"@context":"https:\/\/schema.org","@graph":[{"@type":"WebPage","@id":"https:\/\/www.werte-im-blick.de\/wordpress\/?page_id=728","url":"https:\/\/www.werte-im-blick.de\/wordpress\/?page_id=728","name":"kosten_workshop - WERTE !M BLICK schreibung%Kosten%Preisehrtkosten","isPartOf":{"@id":"https:\/\/www.werte-im-blick.de\/wordpress\/#website"},"datePublished":"2025-01-04T23:36:21+00:00","dateModified":"2025-01-08T07:48:56+00:00","description":"\u00dcbersicht zu anfallenden Kosten und Dauer der einzelnen Workshops. Beschreibung der einzelnen Faktoren\/Zusammensetzung der Kosten.","breadcrumb":{"@id":"https:\/\/www.werte-im-blick.de\/wordpress\/?page_id=728#breadcrumb"},"inLanguage":"de","potentialAction":[{"@type":"ReadAction","target":["https:\/\/www.werte-im-blick.de\/wordpress\/?page_id=728"]}]},{"@type":"BreadcrumbList","@id":"https:\/\/www.werte-im-blick.de\/wordpress\/?page_id=728#breadcrumb","itemListElement":[{"@type":"ListItem","position":1,"name":"Startseite","item":"https:\/\/www.werte-im-blick.de\/wordpress\/"},{"@type":"ListItem","position":2,"name":"kosten_workshop"}]},{"@type":"WebSite","@id":"https:\/\/www.werte-im-blick.de\/wordpress\/#website","url":"https:\/\/www.werte-im-blick.de\/wordpress\/","name":"WERTE !M BLICK","description":"","publisher":{"@id":"https:\/\/www.werte-im-blick.de\/wordpress\/#organization"},"potentialAction":[{"@type":"SearchAction","target":{"@type":"EntryPoint","urlTemplate":"https:\/\/www.werte-im-blick.de\/wordpress\/?s={search_term_string}"},"query-input":{"@type":"PropertyValueSpecification","valueRequired":true,"valueName":"search_term_string"}}],"inLanguage":"de"},{"@type":"Organization","@id":"https:\/\/www.werte-im-blick.de\/wordpress\/#organization","name":"WERTE !M BLICK","url":"https:\/\/www.werte-im-blick.de\/wordpress\/","logo":{"@type":"ImageObject","inLanguage":"de","@id":"https:\/\/www.werte-im-blick.de\/wordpress\/#\/schema\/logo\/image\/","url":"https:\/\/www.werte-im-blick.de\/wordpress\/wp-content\/uploads\/2024\/12\/cropped-werte_im_blick_logo_website.png","contentUrl":"https:\/\/www.werte-im-blick.de\/wordpress\/wp-content\/uploads\/2024\/12\/cropped-werte_im_blick_logo_website.png","width":329,"height":100,"caption":"WERTE !M BLICK"},"image":{"@id":"https:\/\/www.werte-im-blick.de\/wordpress\/#\/schema\/logo\/image\/"}}]}},"_links":{"self":[{"href":"https:\/\/www.werte-im-blick.de\/wordpress\/index.php?rest_route=\/wp\/v2\/pages\/728","targetHints":{"allow":["GET"]}}],"collection":[{"href":"https:\/\/www.werte-im-blick.de\/wordpress\/index.php?rest_route=\/wp\/v2\/pages"}],"about":[{"href":"https:\/\/www.werte-im-blick.de\/wordpress\/index.php?rest_route=\/wp\/v2\/types\/page"}],"author":[{"embeddable":true,"href":"https:\/\/www.werte-im-blick.de\/wordpress\/index.php?rest_route=\/wp\/v2\/users\/1"}],"replies":[{"embeddable":true,"href":"https:\/\/www.werte-im-blick.de\/wordpress\/index.php?rest_route=%2Fwp%2Fv2%2Fcomments&post=728"}],"version-history":[{"count":10,"href":"https:\/\/www.werte-im-blick.de\/wordpress\/index.php?rest_route=\/wp\/v2\/pages\/728\/revisions"}],"predecessor-version":[{"id":844,"href":"https:\/\/www.werte-im-blick.de\/wordpress\/index.php?rest_route=\/wp\/v2\/pages\/728\/revisions\/844"}],"wp:attachment":[{"href":"https:\/\/www.werte-im-blick.de\/wordpress\/index.php?rest_route=%2Fwp%2Fv2%2Fmedia&parent=728"}],"curies":[{"name":"wp","href":"https:\/\/api.w.org\/{rel}","templated":true}]}}