{"id":741,"date":"2025-01-04T23:41:46","date_gmt":"2025-01-04T23:41:46","guid":{"rendered":"https:\/\/www.werte-im-blick.de\/wordpress\/?page_id=741"},"modified":"2025-01-04T23:42:22","modified_gmt":"2025-01-04T23:42:22","slug":"stornierungskosten","status":"publish","type":"page","link":"https:\/\/www.werte-im-blick.de\/wordpress\/?page_id=741","title":{"rendered":"stornierungskosten"},"content":{"rendered":"\t\t<div data-elementor-type=\"wp-page\" data-elementor-id=\"741\" class=\"elementor elementor-741\">\n\t\t\t\t<div class=\"elementor-element elementor-element-6f20acac e-con-full e-flex e-con e-parent\" data-id=\"6f20acac\" data-element_type=\"container\">\n\t\t<div class=\"elementor-element elementor-element-241926cd e-con-full e-flex e-con e-child\" data-id=\"241926cd\" data-element_type=\"container\">\n\t\t\t\t<div class=\"elementor-element elementor-element-47f5f102 elementor-widget elementor-widget-heading\" data-id=\"47f5f102\" data-element_type=\"widget\" data-widget_type=\"heading.default\">\n\t\t\t\t<div class=\"elementor-widget-container\">\n\t\t\t<h2 class=\"elementor-heading-title elementor-size-default\">Stornierungskosten:<\/h2>\t\t<\/div>\n\t\t\t\t<\/div>\n\t\t\t\t<\/div>\n\t\t<div class=\"elementor-element elementor-element-655ade41 e-con-full e-flex e-con e-child\" data-id=\"655ade41\" data-element_type=\"container\">\n\t\t\t\t<div class=\"elementor-element elementor-element-9f64c2e elementor-widget elementor-widget-text-editor\" data-id=\"9f64c2e\" data-element_type=\"widget\" data-widget_type=\"text-editor.default\">\n\t\t\t\t<div class=\"elementor-widget-container\">\n\t\t\t\t\t\t\t<p class=\"p1\">Sie \u00fcbernehmen bei Stornierung des Auftrags eventuell bereits von mir gebuchte Tickets bzw. die hierf\u00fcr von mir zu entrichtenden Geb\u00fchren (gegen Nachweis). Zus\u00e4tzlich fallen an:<\/p><p class=\"p1\">Bis 28 Kalendertage vor Umsetzungstermin dar\u00fcber hinaus keine weiteren Stornogeb\u00fchren.<\/p><p class=\"p1\">Bis 21 Kalendertage vor Umsetzungstermin zus\u00e4tzlich 10% der Workshopkosten (brutto).<\/p><p class=\"p1\">Bis 14 Kalendertage vor Umsetzungstermin zus\u00e4tzlich 25% der Workshopkosten (brutto).<\/p><p class=\"p1\">Bis 7 Kalendertage vor Umsetzungstermin zus\u00e4tzlich 50% der Workshopkosten (brutto).<\/p><p class=\"p1\">&lt; 7 Kalendertage vor Umsetzungstermin zus\u00e4tzlich 75% der Workshopkosten (brutto).<\/p>\t\t\t\t\t\t<\/div>\n\t\t\t\t<\/div>\n\t\t\t\t<\/div>\n\t\t<div class=\"elementor-element elementor-element-297059a8 e-con-full e-flex e-con e-child\" data-id=\"297059a8\" data-element_type=\"container\">\n\t\t\t\t<\/div>\n\t\t<div class=\"elementor-element elementor-element-1b330077 e-con-full e-flex e-con e-child\" data-id=\"1b330077\" data-element_type=\"container\">\n\t\t\t\t<\/div>\n\t\t<div class=\"elementor-element elementor-element-2f426f45 e-con-full e-flex e-con e-child\" data-id=\"2f426f45\" data-element_type=\"container\">\n\t\t\t\t<\/div>\n\t\t\t\t<\/div>\n\t\t\t\t<\/div>\n\t\t","protected":false},"excerpt":{"rendered":"<p>Stornierungskosten: Sie \u00fcbernehmen bei Stornierung des Auftrags eventuell bereits von mir gebuchte Tickets bzw. die hierf\u00fcr von mir zu entrichtenden Geb\u00fchren (gegen Nachweis). Zus\u00e4tzlich fallen an: Bis 28 Kalendertage vor &#8230;<\/p>\n","protected":false},"author":1,"featured_media":0,"parent":0,"menu_order":0,"comment_status":"closed","ping_status":"closed","template":"","meta":{"footnotes":""},"class_list":["post-741","page","type-page","status-publish","hentry"],"yoast_head":"<!-- This site is optimized with the Yoast SEO plugin v24.1 - https:\/\/yoast.com\/wordpress\/plugins\/seo\/ -->\n<title>stornierungskosten - WERTE !M BLICK<\/title>\n<meta name=\"robots\" content=\"index, follow, max-snippet:-1, max-image-preview:large, max-video-preview:-1\" \/>\n<link rel=\"canonical\" href=\"https:\/\/www.werte-im-blick.de\/wordpress\/?page_id=741\" \/>\n<meta property=\"og:locale\" content=\"de_DE\" \/>\n<meta property=\"og:type\" content=\"article\" \/>\n<meta property=\"og:title\" content=\"stornierungskosten - WERTE !M BLICK\" \/>\n<meta property=\"og:description\" content=\"Stornierungskosten: Sie \u00fcbernehmen bei Stornierung des Auftrags eventuell bereits von mir gebuchte Tickets bzw. die hierf\u00fcr von mir zu entrichtenden Geb\u00fchren (gegen Nachweis). Zus\u00e4tzlich fallen an: Bis 28 Kalendertage vor ...\" \/>\n<meta property=\"og:url\" content=\"https:\/\/www.werte-im-blick.de\/wordpress\/?page_id=741\" \/>\n<meta property=\"og:site_name\" content=\"WERTE !M BLICK\" \/>\n<meta property=\"article:modified_time\" content=\"2025-01-04T23:42:22+00:00\" \/>\n<meta name=\"twitter:card\" content=\"summary_large_image\" \/>\n<script type=\"application\/ld+json\" class=\"yoast-schema-graph\">{\"@context\":\"https:\/\/schema.org\",\"@graph\":[{\"@type\":\"WebPage\",\"@id\":\"https:\/\/www.werte-im-blick.de\/wordpress\/?page_id=741\",\"url\":\"https:\/\/www.werte-im-blick.de\/wordpress\/?page_id=741\",\"name\":\"stornierungskosten - WERTE !M BLICK\",\"isPartOf\":{\"@id\":\"https:\/\/www.werte-im-blick.de\/wordpress\/#website\"},\"datePublished\":\"2025-01-04T23:41:46+00:00\",\"dateModified\":\"2025-01-04T23:42:22+00:00\",\"breadcrumb\":{\"@id\":\"https:\/\/www.werte-im-blick.de\/wordpress\/?page_id=741#breadcrumb\"},\"inLanguage\":\"de\",\"potentialAction\":[{\"@type\":\"ReadAction\",\"target\":[\"https:\/\/www.werte-im-blick.de\/wordpress\/?page_id=741\"]}]},{\"@type\":\"BreadcrumbList\",\"@id\":\"https:\/\/www.werte-im-blick.de\/wordpress\/?page_id=741#breadcrumb\",\"itemListElement\":[{\"@type\":\"ListItem\",\"position\":1,\"name\":\"Startseite\",\"item\":\"https:\/\/www.werte-im-blick.de\/wordpress\/\"},{\"@type\":\"ListItem\",\"position\":2,\"name\":\"stornierungskosten\"}]},{\"@type\":\"WebSite\",\"@id\":\"https:\/\/www.werte-im-blick.de\/wordpress\/#website\",\"url\":\"https:\/\/www.werte-im-blick.de\/wordpress\/\",\"name\":\"WERTE !M BLICK\",\"description\":\"\",\"publisher\":{\"@id\":\"https:\/\/www.werte-im-blick.de\/wordpress\/#organization\"},\"potentialAction\":[{\"@type\":\"SearchAction\",\"target\":{\"@type\":\"EntryPoint\",\"urlTemplate\":\"https:\/\/www.werte-im-blick.de\/wordpress\/?s={search_term_string}\"},\"query-input\":{\"@type\":\"PropertyValueSpecification\",\"valueRequired\":true,\"valueName\":\"search_term_string\"}}],\"inLanguage\":\"de\"},{\"@type\":\"Organization\",\"@id\":\"https:\/\/www.werte-im-blick.de\/wordpress\/#organization\",\"name\":\"WERTE !M BLICK\",\"url\":\"https:\/\/www.werte-im-blick.de\/wordpress\/\",\"logo\":{\"@type\":\"ImageObject\",\"inLanguage\":\"de\",\"@id\":\"https:\/\/www.werte-im-blick.de\/wordpress\/#\/schema\/logo\/image\/\",\"url\":\"https:\/\/www.werte-im-blick.de\/wordpress\/wp-content\/uploads\/2024\/12\/cropped-werte_im_blick_logo_website.png\",\"contentUrl\":\"https:\/\/www.werte-im-blick.de\/wordpress\/wp-content\/uploads\/2024\/12\/cropped-werte_im_blick_logo_website.png\",\"width\":329,\"height\":100,\"caption\":\"WERTE !M BLICK\"},\"image\":{\"@id\":\"https:\/\/www.werte-im-blick.de\/wordpress\/#\/schema\/logo\/image\/\"}}]}<\/script>\n<!-- \/ Yoast SEO plugin. -->","yoast_head_json":{"title":"stornierungskosten - WERTE !M BLICK","robots":{"index":"index","follow":"follow","max-snippet":"max-snippet:-1","max-image-preview":"max-image-preview:large","max-video-preview":"max-video-preview:-1"},"canonical":"https:\/\/www.werte-im-blick.de\/wordpress\/?page_id=741","og_locale":"de_DE","og_type":"article","og_title":"stornierungskosten - WERTE !M BLICK","og_description":"Stornierungskosten: Sie \u00fcbernehmen bei Stornierung des Auftrags eventuell bereits von mir gebuchte Tickets bzw. die hierf\u00fcr von mir zu entrichtenden Geb\u00fchren (gegen Nachweis). Zus\u00e4tzlich fallen an: Bis 28 Kalendertage vor ...","og_url":"https:\/\/www.werte-im-blick.de\/wordpress\/?page_id=741","og_site_name":"WERTE !M BLICK","article_modified_time":"2025-01-04T23:42:22+00:00","twitter_card":"summary_large_image","schema":{"@context":"https:\/\/schema.org","@graph":[{"@type":"WebPage","@id":"https:\/\/www.werte-im-blick.de\/wordpress\/?page_id=741","url":"https:\/\/www.werte-im-blick.de\/wordpress\/?page_id=741","name":"stornierungskosten - WERTE !M BLICK","isPartOf":{"@id":"https:\/\/www.werte-im-blick.de\/wordpress\/#website"},"datePublished":"2025-01-04T23:41:46+00:00","dateModified":"2025-01-04T23:42:22+00:00","breadcrumb":{"@id":"https:\/\/www.werte-im-blick.de\/wordpress\/?page_id=741#breadcrumb"},"inLanguage":"de","potentialAction":[{"@type":"ReadAction","target":["https:\/\/www.werte-im-blick.de\/wordpress\/?page_id=741"]}]},{"@type":"BreadcrumbList","@id":"https:\/\/www.werte-im-blick.de\/wordpress\/?page_id=741#breadcrumb","itemListElement":[{"@type":"ListItem","position":1,"name":"Startseite","item":"https:\/\/www.werte-im-blick.de\/wordpress\/"},{"@type":"ListItem","position":2,"name":"stornierungskosten"}]},{"@type":"WebSite","@id":"https:\/\/www.werte-im-blick.de\/wordpress\/#website","url":"https:\/\/www.werte-im-blick.de\/wordpress\/","name":"WERTE !M BLICK","description":"","publisher":{"@id":"https:\/\/www.werte-im-blick.de\/wordpress\/#organization"},"potentialAction":[{"@type":"SearchAction","target":{"@type":"EntryPoint","urlTemplate":"https:\/\/www.werte-im-blick.de\/wordpress\/?s={search_term_string}"},"query-input":{"@type":"PropertyValueSpecification","valueRequired":true,"valueName":"search_term_string"}}],"inLanguage":"de"},{"@type":"Organization","@id":"https:\/\/www.werte-im-blick.de\/wordpress\/#organization","name":"WERTE !M BLICK","url":"https:\/\/www.werte-im-blick.de\/wordpress\/","logo":{"@type":"ImageObject","inLanguage":"de","@id":"https:\/\/www.werte-im-blick.de\/wordpress\/#\/schema\/logo\/image\/","url":"https:\/\/www.werte-im-blick.de\/wordpress\/wp-content\/uploads\/2024\/12\/cropped-werte_im_blick_logo_website.png","contentUrl":"https:\/\/www.werte-im-blick.de\/wordpress\/wp-content\/uploads\/2024\/12\/cropped-werte_im_blick_logo_website.png","width":329,"height":100,"caption":"WERTE !M BLICK"},"image":{"@id":"https:\/\/www.werte-im-blick.de\/wordpress\/#\/schema\/logo\/image\/"}}]}},"_links":{"self":[{"href":"https:\/\/www.werte-im-blick.de\/wordpress\/index.php?rest_route=\/wp\/v2\/pages\/741","targetHints":{"allow":["GET"]}}],"collection":[{"href":"https:\/\/www.werte-im-blick.de\/wordpress\/index.php?rest_route=\/wp\/v2\/pages"}],"about":[{"href":"https:\/\/www.werte-im-blick.de\/wordpress\/index.php?rest_route=\/wp\/v2\/types\/page"}],"author":[{"embeddable":true,"href":"https:\/\/www.werte-im-blick.de\/wordpress\/index.php?rest_route=\/wp\/v2\/users\/1"}],"replies":[{"embeddable":true,"href":"https:\/\/www.werte-im-blick.de\/wordpress\/index.php?rest_route=%2Fwp%2Fv2%2Fcomments&post=741"}],"version-history":[{"count":4,"href":"https:\/\/www.werte-im-blick.de\/wordpress\/index.php?rest_route=\/wp\/v2\/pages\/741\/revisions"}],"predecessor-version":[{"id":745,"href":"https:\/\/www.werte-im-blick.de\/wordpress\/index.php?rest_route=\/wp\/v2\/pages\/741\/revisions\/745"}],"wp:attachment":[{"href":"https:\/\/www.werte-im-blick.de\/wordpress\/index.php?rest_route=%2Fwp%2Fv2%2Fmedia&parent=741"}],"curies":[{"name":"wp","href":"https:\/\/api.w.org\/{rel}","templated":true}]}}